{"id":90,"date":"2019-07-23T14:16:09","date_gmt":"2019-07-23T14:16:09","guid":{"rendered":"http:\/\/interhotelbohemia.ms.decms.eu\/?page_id=90"},"modified":"2020-05-26T14:55:34","modified_gmt":"2020-05-26T14:55:34","slug":"interhotel-bohemia","status":"publish","type":"page","link":"https:\/\/www.ihbohemia.com\/en\/","title":{"rendered":"Interhotel Bohemia"},"content":{"rendered":"<p><strong>Interhotel Bohemia<\/strong> is a three-star hotel situated in the center of the regional city of \u00dast\u00ed nad Labem. The city of \u00dast\u00ed nad Labem spreads out <strong>only 10 km from the German borde<\/strong>r, is in the middle-way of traveling from Dresden to Prague (Dresden 60 km, Prague 80 km) connected with highway. The hotel belongs <strong>among the\u00a0largest hotels in the region<\/strong> and\u00a0provides as one of the highest buildings a\u00a0<strong>nice view of the city of \u00dast\u00ed nad Labem<\/strong>. The hotel offers quality accommodation for a reasonable price.<\/p>\n<p><strong>INTERHOTEL BOHEMIA IN A\u00a0NUTSHELL<\/strong><\/p>\n<ul>\n<li>Central location \u2013 central city square<\/li>\n<li>Offers accommodation in 81 modern rooms<\/li>\n<li>Wi-Fi internet connection for hotel guests \u2013 free of charge<\/li>\n<li>Quality hotel restaurant \u2013 excellent gastronomy, Czech and international cuisine<\/li>\n<li>2 conference rooms with a capacity of 35 guests (each) &#8211; air-conditioned<\/li>\n<li>1 conference room with a capacity of 40 guests &#8211; air-conditioned, possible to combine with the congress room<\/li>\n<li>1 conference room with a capacity of 100 guests &#8211; air-conditioned<\/li>\n<li>Garages, parking for cars and buses (4 buses)<\/li>\n<li>Very good accessibility (bus, train \u2013 within 5 min. walking)<\/li>\n<li>The hotel accepts cards Mastercard, VISA, Visa Electron, Maestro, American Express.<\/li>\n<\/ul>\n","protected":false},"excerpt":{"rendered":"<p>Interhotel Bohemia is a three-star hotel situated in the center of the regional city of \u00dast\u00ed nad Labem. The city of \u00dast\u00ed nad Labem spreads out only 10 km from the German border, is in the middle-way of traveling from Dresden to Prague (Dresden 60 km, Prague 80 km) connected with highway. The hotel belongs [&hellip;]<\/p>\n","protected":false},"author":4,"featured_media":0,"parent":0,"menu_order":0,"comment_status":"closed","ping_status":"closed","template":"front-page.php","meta":{"footnotes":""},"class_list":["post-90","page","type-page","status-publish","hentry"],"yoast_head":"<!-- This site is optimized with the Yoast SEO plugin v26.9 - https:\/\/yoast.com\/product\/yoast-seo-wordpress\/ -->\n<title>Interhotel Bohemia - Interhotel Bohemia<\/title>\n<meta name=\"robots\" content=\"index, follow, max-snippet:-1, max-image-preview:large, max-video-preview:-1\" \/>\n<link rel=\"canonical\" href=\"https:\/\/www.ihbohemia.com\/en\/\" \/>\n<meta property=\"og:locale\" content=\"en_US\" \/>\n<meta property=\"og:type\" content=\"article\" \/>\n<meta property=\"og:title\" content=\"Interhotel Bohemia - Interhotel Bohemia\" \/>\n<meta property=\"og:description\" content=\"Interhotel Bohemia is a three-star hotel situated in the center of the regional city of \u00dast\u00ed nad Labem. The city of \u00dast\u00ed nad Labem spreads out only 10 km from the German border, is in the middle-way of traveling from Dresden to Prague (Dresden 60 km, Prague 80 km) connected with highway. The hotel belongs [&hellip;]\" \/>\n<meta property=\"og:url\" content=\"https:\/\/www.ihbohemia.com\/en\/\" \/>\n<meta property=\"og:site_name\" content=\"Interhotel Bohemia\" \/>\n<meta property=\"article:modified_time\" content=\"2020-05-26T14:55:34+00:00\" \/>\n<meta name=\"twitter:card\" content=\"summary_large_image\" \/>\n<meta name=\"twitter:label1\" content=\"Est. reading time\" \/>\n\t<meta name=\"twitter:data1\" content=\"1 minute\" \/>\n<script type=\"application\/ld+json\" class=\"yoast-schema-graph\">{\"@context\":\"https:\/\/schema.org\",\"@graph\":[{\"@type\":\"WebPage\",\"@id\":\"https:\/\/www.ihbohemia.com\/en\/\",\"url\":\"https:\/\/www.ihbohemia.com\/en\/\",\"name\":\"Interhotel Bohemia - Interhotel Bohemia\",\"isPartOf\":{\"@id\":\"https:\/\/www.ihbohemia.com\/en\/#website\"},\"datePublished\":\"2019-07-23T14:16:09+00:00\",\"dateModified\":\"2020-05-26T14:55:34+00:00\",\"breadcrumb\":{\"@id\":\"https:\/\/www.ihbohemia.com\/en\/#breadcrumb\"},\"inLanguage\":\"en-US\",\"potentialAction\":[{\"@type\":\"ReadAction\",\"target\":[\"https:\/\/www.ihbohemia.com\/en\/\"]}]},{\"@type\":\"BreadcrumbList\",\"@id\":\"https:\/\/www.ihbohemia.com\/en\/#breadcrumb\",\"itemListElement\":[{\"@type\":\"ListItem\",\"position\":1,\"name\":\"Home\",\"item\":\"https:\/\/www.ihbohemia.com\/en\/\"},{\"@type\":\"ListItem\",\"position\":2,\"name\":\"Interhotel Bohemia\"}]},{\"@type\":\"WebSite\",\"@id\":\"https:\/\/www.ihbohemia.com\/en\/#website\",\"url\":\"https:\/\/www.ihbohemia.com\/en\/\",\"name\":\"Interhotel Bohemia\",\"description\":\"Just another ms.decms.eu site\",\"potentialAction\":[{\"@type\":\"SearchAction\",\"target\":{\"@type\":\"EntryPoint\",\"urlTemplate\":\"https:\/\/www.ihbohemia.com\/en\/?s={search_term_string}\"},\"query-input\":{\"@type\":\"PropertyValueSpecification\",\"valueRequired\":true,\"valueName\":\"search_term_string\"}}],\"inLanguage\":\"en-US\"}]}<\/script>\n<!-- \/ Yoast SEO plugin. -->","yoast_head_json":{"title":"Interhotel Bohemia - Interhotel Bohemia","robots":{"index":"index","follow":"follow","max-snippet":"max-snippet:-1","max-image-preview":"max-image-preview:large","max-video-preview":"max-video-preview:-1"},"canonical":"https:\/\/www.ihbohemia.com\/en\/","og_locale":"en_US","og_type":"article","og_title":"Interhotel Bohemia - Interhotel Bohemia","og_description":"Interhotel Bohemia is a three-star hotel situated in the center of the regional city of \u00dast\u00ed nad Labem. The city of \u00dast\u00ed nad Labem spreads out only 10 km from the German border, is in the middle-way of traveling from Dresden to Prague (Dresden 60 km, Prague 80 km) connected with highway. The hotel belongs [&hellip;]","og_url":"https:\/\/www.ihbohemia.com\/en\/","og_site_name":"Interhotel Bohemia","article_modified_time":"2020-05-26T14:55:34+00:00","twitter_card":"summary_large_image","twitter_misc":{"Est. reading time":"1 minute"},"schema":{"@context":"https:\/\/schema.org","@graph":[{"@type":"WebPage","@id":"https:\/\/www.ihbohemia.com\/en\/","url":"https:\/\/www.ihbohemia.com\/en\/","name":"Interhotel Bohemia - Interhotel Bohemia","isPartOf":{"@id":"https:\/\/www.ihbohemia.com\/en\/#website"},"datePublished":"2019-07-23T14:16:09+00:00","dateModified":"2020-05-26T14:55:34+00:00","breadcrumb":{"@id":"https:\/\/www.ihbohemia.com\/en\/#breadcrumb"},"inLanguage":"en-US","potentialAction":[{"@type":"ReadAction","target":["https:\/\/www.ihbohemia.com\/en\/"]}]},{"@type":"BreadcrumbList","@id":"https:\/\/www.ihbohemia.com\/en\/#breadcrumb","itemListElement":[{"@type":"ListItem","position":1,"name":"Home","item":"https:\/\/www.ihbohemia.com\/en\/"},{"@type":"ListItem","position":2,"name":"Interhotel Bohemia"}]},{"@type":"WebSite","@id":"https:\/\/www.ihbohemia.com\/en\/#website","url":"https:\/\/www.ihbohemia.com\/en\/","name":"Interhotel Bohemia","description":"Just another ms.decms.eu site","potentialAction":[{"@type":"SearchAction","target":{"@type":"EntryPoint","urlTemplate":"https:\/\/www.ihbohemia.com\/en\/?s={search_term_string}"},"query-input":{"@type":"PropertyValueSpecification","valueRequired":true,"valueName":"search_term_string"}}],"inLanguage":"en-US"}]}},"acf":[],"_links":{"self":[{"href":"https:\/\/www.ihbohemia.com\/en\/wp-json\/wp\/v2\/pages\/90","targetHints":{"allow":["GET"]}}],"collection":[{"href":"https:\/\/www.ihbohemia.com\/en\/wp-json\/wp\/v2\/pages"}],"about":[{"href":"https:\/\/www.ihbohemia.com\/en\/wp-json\/wp\/v2\/types\/page"}],"author":[{"embeddable":true,"href":"https:\/\/www.ihbohemia.com\/en\/wp-json\/wp\/v2\/users\/4"}],"replies":[{"embeddable":true,"href":"https:\/\/www.ihbohemia.com\/en\/wp-json\/wp\/v2\/comments?post=90"}],"version-history":[{"count":0,"href":"https:\/\/www.ihbohemia.com\/en\/wp-json\/wp\/v2\/pages\/90\/revisions"}],"wp:attachment":[{"href":"https:\/\/www.ihbohemia.com\/en\/wp-json\/wp\/v2\/media?parent=90"}],"curies":[{"name":"wp","href":"https:\/\/api.w.org\/{rel}","templated":true}]}}