{"id":779,"date":"2019-09-05T13:55:38","date_gmt":"2019-09-05T13:55:38","guid":{"rendered":"http:\/\/interhotelbohemia.ms.decms.eu\/?page_id=779"},"modified":"2019-09-09T09:00:55","modified_gmt":"2019-09-09T09:00:55","slug":"swimming-site-brna","status":"publish","type":"page","link":"https:\/\/www.ihbohemia.com\/en\/sights-and-leisure\/swimming-site-brna\/","title":{"rendered":"Swimming site Brn\u00e1"},"content":{"rendered":"<p>Swimming site Brn\u00e1 in \u00dast\u00ed nad Labem is a perfect place for summer relaxation. Outdoor swimming pool offers termal pools, tobogan, beach volleyball, minigolf and restaurant. It is a very good destination for families with children. You can find a swimming pool with a tobogan, pool for children, large swimming pool or recreational pool in this place. Thanks to the local termal water and its temperature, this outdoor swimming pool is open from beginning of May to the end of September. It is possible to take a swim in river Labe and you can come to this swimming site by boat as well. There is a monitored parking place by this site or you can use public transport.<\/p>\n<p><em><a href=\"http:\/\/www.msul.cz\/?page_id=83\/\" target=\"_blank\" rel=\"noopener noreferrer\"><strong>More information at the official website&#8230;<\/strong><\/a><\/em><\/p>\n","protected":false},"excerpt":{"rendered":"<p>Swimming site Brn\u00e1 in \u00dast\u00ed nad Labem is a perfect place for summer relaxation. Outdoor swimming pool offers termal pools, tobogan, beach volleyball, minigolf and restaurant. It is a very good destination for families with children. You can find a swimming pool with a tobogan, pool for children, large swimming pool or recreational pool in [&hellip;]<\/p>\n","protected":false},"author":4,"featured_media":0,"parent":279,"menu_order":85,"comment_status":"closed","ping_status":"closed","template":"","meta":{"footnotes":""},"class_list":["post-779","page","type-page","status-publish","hentry"],"yoast_head":"<!-- This site is optimized with the Yoast SEO plugin v26.9 - https:\/\/yoast.com\/product\/yoast-seo-wordpress\/ -->\n<title>Swimming site Brn\u00e1 - Interhotel Bohemia<\/title>\n<meta name=\"robots\" content=\"index, follow, max-snippet:-1, max-image-preview:large, max-video-preview:-1\" \/>\n<link rel=\"canonical\" href=\"https:\/\/www.ihbohemia.com\/en\/sights-and-leisure\/swimming-site-brna\/\" \/>\n<meta property=\"og:locale\" content=\"en_US\" \/>\n<meta property=\"og:type\" content=\"article\" \/>\n<meta property=\"og:title\" content=\"Swimming site Brn\u00e1 - Interhotel Bohemia\" \/>\n<meta property=\"og:description\" content=\"Swimming site Brn\u00e1 in \u00dast\u00ed nad Labem is a perfect place for summer relaxation. Outdoor swimming pool offers termal pools, tobogan, beach volleyball, minigolf and restaurant. It is a very good destination for families with children. You can find a swimming pool with a tobogan, pool for children, large swimming pool or recreational pool in [&hellip;]\" \/>\n<meta property=\"og:url\" content=\"https:\/\/www.ihbohemia.com\/en\/sights-and-leisure\/swimming-site-brna\/\" \/>\n<meta property=\"og:site_name\" content=\"Interhotel Bohemia\" \/>\n<meta property=\"article:modified_time\" content=\"2019-09-09T09:00:55+00:00\" \/>\n<meta name=\"twitter:card\" content=\"summary_large_image\" \/>\n<meta name=\"twitter:label1\" content=\"Est. reading time\" \/>\n\t<meta name=\"twitter:data1\" content=\"1 minute\" \/>\n<script type=\"application\/ld+json\" class=\"yoast-schema-graph\">{\"@context\":\"https:\/\/schema.org\",\"@graph\":[{\"@type\":\"WebPage\",\"@id\":\"https:\/\/www.ihbohemia.com\/en\/sights-and-leisure\/swimming-site-brna\/\",\"url\":\"https:\/\/www.ihbohemia.com\/en\/sights-and-leisure\/swimming-site-brna\/\",\"name\":\"Swimming site Brn\u00e1 - Interhotel Bohemia\",\"isPartOf\":{\"@id\":\"https:\/\/www.ihbohemia.com\/en\/#website\"},\"datePublished\":\"2019-09-05T13:55:38+00:00\",\"dateModified\":\"2019-09-09T09:00:55+00:00\",\"breadcrumb\":{\"@id\":\"https:\/\/www.ihbohemia.com\/en\/sights-and-leisure\/swimming-site-brna\/#breadcrumb\"},\"inLanguage\":\"en-US\",\"potentialAction\":[{\"@type\":\"ReadAction\",\"target\":[\"https:\/\/www.ihbohemia.com\/en\/sights-and-leisure\/swimming-site-brna\/\"]}]},{\"@type\":\"BreadcrumbList\",\"@id\":\"https:\/\/www.ihbohemia.com\/en\/sights-and-leisure\/swimming-site-brna\/#breadcrumb\",\"itemListElement\":[{\"@type\":\"ListItem\",\"position\":1,\"name\":\"Home\",\"item\":\"https:\/\/www.ihbohemia.com\/en\/\"},{\"@type\":\"ListItem\",\"position\":2,\"name\":\"Sights And Leisure\",\"item\":\"https:\/\/www.ihbohemia.com\/en\/sights-and-leisure\/\"},{\"@type\":\"ListItem\",\"position\":3,\"name\":\"Swimming site Brn\u00e1\"}]},{\"@type\":\"WebSite\",\"@id\":\"https:\/\/www.ihbohemia.com\/en\/#website\",\"url\":\"https:\/\/www.ihbohemia.com\/en\/\",\"name\":\"Interhotel Bohemia\",\"description\":\"Just another ms.decms.eu site\",\"potentialAction\":[{\"@type\":\"SearchAction\",\"target\":{\"@type\":\"EntryPoint\",\"urlTemplate\":\"https:\/\/www.ihbohemia.com\/en\/?s={search_term_string}\"},\"query-input\":{\"@type\":\"PropertyValueSpecification\",\"valueRequired\":true,\"valueName\":\"search_term_string\"}}],\"inLanguage\":\"en-US\"}]}<\/script>\n<!-- \/ Yoast SEO plugin. -->","yoast_head_json":{"title":"Swimming site Brn\u00e1 - Interhotel Bohemia","robots":{"index":"index","follow":"follow","max-snippet":"max-snippet:-1","max-image-preview":"max-image-preview:large","max-video-preview":"max-video-preview:-1"},"canonical":"https:\/\/www.ihbohemia.com\/en\/sights-and-leisure\/swimming-site-brna\/","og_locale":"en_US","og_type":"article","og_title":"Swimming site Brn\u00e1 - Interhotel Bohemia","og_description":"Swimming site Brn\u00e1 in \u00dast\u00ed nad Labem is a perfect place for summer relaxation. Outdoor swimming pool offers termal pools, tobogan, beach volleyball, minigolf and restaurant. It is a very good destination for families with children. You can find a swimming pool with a tobogan, pool for children, large swimming pool or recreational pool in [&hellip;]","og_url":"https:\/\/www.ihbohemia.com\/en\/sights-and-leisure\/swimming-site-brna\/","og_site_name":"Interhotel Bohemia","article_modified_time":"2019-09-09T09:00:55+00:00","twitter_card":"summary_large_image","twitter_misc":{"Est. reading time":"1 minute"},"schema":{"@context":"https:\/\/schema.org","@graph":[{"@type":"WebPage","@id":"https:\/\/www.ihbohemia.com\/en\/sights-and-leisure\/swimming-site-brna\/","url":"https:\/\/www.ihbohemia.com\/en\/sights-and-leisure\/swimming-site-brna\/","name":"Swimming site Brn\u00e1 - Interhotel Bohemia","isPartOf":{"@id":"https:\/\/www.ihbohemia.com\/en\/#website"},"datePublished":"2019-09-05T13:55:38+00:00","dateModified":"2019-09-09T09:00:55+00:00","breadcrumb":{"@id":"https:\/\/www.ihbohemia.com\/en\/sights-and-leisure\/swimming-site-brna\/#breadcrumb"},"inLanguage":"en-US","potentialAction":[{"@type":"ReadAction","target":["https:\/\/www.ihbohemia.com\/en\/sights-and-leisure\/swimming-site-brna\/"]}]},{"@type":"BreadcrumbList","@id":"https:\/\/www.ihbohemia.com\/en\/sights-and-leisure\/swimming-site-brna\/#breadcrumb","itemListElement":[{"@type":"ListItem","position":1,"name":"Home","item":"https:\/\/www.ihbohemia.com\/en\/"},{"@type":"ListItem","position":2,"name":"Sights And Leisure","item":"https:\/\/www.ihbohemia.com\/en\/sights-and-leisure\/"},{"@type":"ListItem","position":3,"name":"Swimming site Brn\u00e1"}]},{"@type":"WebSite","@id":"https:\/\/www.ihbohemia.com\/en\/#website","url":"https:\/\/www.ihbohemia.com\/en\/","name":"Interhotel Bohemia","description":"Just another ms.decms.eu site","potentialAction":[{"@type":"SearchAction","target":{"@type":"EntryPoint","urlTemplate":"https:\/\/www.ihbohemia.com\/en\/?s={search_term_string}"},"query-input":{"@type":"PropertyValueSpecification","valueRequired":true,"valueName":"search_term_string"}}],"inLanguage":"en-US"}]}},"acf":[],"_links":{"self":[{"href":"https:\/\/www.ihbohemia.com\/en\/wp-json\/wp\/v2\/pages\/779","targetHints":{"allow":["GET"]}}],"collection":[{"href":"https:\/\/www.ihbohemia.com\/en\/wp-json\/wp\/v2\/pages"}],"about":[{"href":"https:\/\/www.ihbohemia.com\/en\/wp-json\/wp\/v2\/types\/page"}],"author":[{"embeddable":true,"href":"https:\/\/www.ihbohemia.com\/en\/wp-json\/wp\/v2\/users\/4"}],"replies":[{"embeddable":true,"href":"https:\/\/www.ihbohemia.com\/en\/wp-json\/wp\/v2\/comments?post=779"}],"version-history":[{"count":0,"href":"https:\/\/www.ihbohemia.com\/en\/wp-json\/wp\/v2\/pages\/779\/revisions"}],"up":[{"embeddable":true,"href":"https:\/\/www.ihbohemia.com\/en\/wp-json\/wp\/v2\/pages\/279"}],"wp:attachment":[{"href":"https:\/\/www.ihbohemia.com\/en\/wp-json\/wp\/v2\/media?parent=779"}],"curies":[{"name":"wp","href":"https:\/\/api.w.org\/{rel}","templated":true}]}}