{"id":285,"date":"2019-07-24T11:33:41","date_gmt":"2019-07-24T11:33:41","guid":{"rendered":"http:\/\/interhotelbohemia.ms.decms.eu\/?page_id=285"},"modified":"2019-07-24T15:03:31","modified_gmt":"2019-07-24T15:03:31","slug":"czech-switzerland","status":"publish","type":"page","link":"https:\/\/www.ihbohemia.com\/en\/sights-and-leisure\/czech-switzerland\/","title":{"rendered":"Czech Switzerland"},"content":{"rendered":"<p><strong>The Czech Switzerland<\/strong> is a\u00a0national park spreading out at the area of 79km2, it was declared as 4th national park in the country in 2000, it is situated at the German border and continues in the Saxon Switzerland. The national park is composed of<strong> various eco-systems<\/strong>, plant and animal species and is a\u00a0part of Labe sandstones. It is possible to visit\u00a0Prav\u010dick\u00e1 gate, H\u0159ensko with its gorges which you can visit by boats.<\/p>\n<p><strong><em><a href=\"http:\/\/www.ceskosaske-svycarsko.cz\/\" target=\"_blank\" rel=\"noopener noreferrer\">More information at the official website&#8230;<\/a><\/em><\/strong><\/p>\n","protected":false},"excerpt":{"rendered":"<p>The Czech Switzerland is a\u00a0national park spreading out at the area of 79km2, it was declared as 4th national park in the country in 2000, it is situated at the German border and continues in the Saxon Switzerland. The national park is composed of various eco-systems, plant and animal species and is a\u00a0part of Labe [&hellip;]<\/p>\n","protected":false},"author":4,"featured_media":0,"parent":279,"menu_order":60,"comment_status":"closed","ping_status":"closed","template":"","meta":{"footnotes":""},"class_list":["post-285","page","type-page","status-publish","hentry"],"yoast_head":"<!-- This site is optimized with the Yoast SEO plugin v26.9 - https:\/\/yoast.com\/product\/yoast-seo-wordpress\/ -->\n<title>Czech Switzerland - Interhotel Bohemia<\/title>\n<meta name=\"robots\" content=\"index, follow, max-snippet:-1, max-image-preview:large, max-video-preview:-1\" \/>\n<link rel=\"canonical\" href=\"https:\/\/www.ihbohemia.com\/en\/sights-and-leisure\/czech-switzerland\/\" \/>\n<meta property=\"og:locale\" content=\"en_US\" \/>\n<meta property=\"og:type\" content=\"article\" \/>\n<meta property=\"og:title\" content=\"Czech Switzerland - Interhotel Bohemia\" \/>\n<meta property=\"og:description\" content=\"The Czech Switzerland is a\u00a0national park spreading out at the area of 79km2, it was declared as 4th national park in the country in 2000, it is situated at the German border and continues in the Saxon Switzerland. The national park is composed of various eco-systems, plant and animal species and is a\u00a0part of Labe [&hellip;]\" \/>\n<meta property=\"og:url\" content=\"https:\/\/www.ihbohemia.com\/en\/sights-and-leisure\/czech-switzerland\/\" \/>\n<meta property=\"og:site_name\" content=\"Interhotel Bohemia\" \/>\n<meta property=\"article:modified_time\" content=\"2019-07-24T15:03:31+00:00\" \/>\n<meta name=\"twitter:card\" content=\"summary_large_image\" \/>\n<script type=\"application\/ld+json\" class=\"yoast-schema-graph\">{\"@context\":\"https:\/\/schema.org\",\"@graph\":[{\"@type\":\"WebPage\",\"@id\":\"https:\/\/www.ihbohemia.com\/en\/sights-and-leisure\/czech-switzerland\/\",\"url\":\"https:\/\/www.ihbohemia.com\/en\/sights-and-leisure\/czech-switzerland\/\",\"name\":\"Czech Switzerland - Interhotel Bohemia\",\"isPartOf\":{\"@id\":\"https:\/\/www.ihbohemia.com\/en\/#website\"},\"datePublished\":\"2019-07-24T11:33:41+00:00\",\"dateModified\":\"2019-07-24T15:03:31+00:00\",\"breadcrumb\":{\"@id\":\"https:\/\/www.ihbohemia.com\/en\/sights-and-leisure\/czech-switzerland\/#breadcrumb\"},\"inLanguage\":\"en-US\",\"potentialAction\":[{\"@type\":\"ReadAction\",\"target\":[\"https:\/\/www.ihbohemia.com\/en\/sights-and-leisure\/czech-switzerland\/\"]}]},{\"@type\":\"BreadcrumbList\",\"@id\":\"https:\/\/www.ihbohemia.com\/en\/sights-and-leisure\/czech-switzerland\/#breadcrumb\",\"itemListElement\":[{\"@type\":\"ListItem\",\"position\":1,\"name\":\"Home\",\"item\":\"https:\/\/www.ihbohemia.com\/en\/\"},{\"@type\":\"ListItem\",\"position\":2,\"name\":\"Sights And Leisure\",\"item\":\"https:\/\/www.ihbohemia.com\/en\/sights-and-leisure\/\"},{\"@type\":\"ListItem\",\"position\":3,\"name\":\"Czech Switzerland\"}]},{\"@type\":\"WebSite\",\"@id\":\"https:\/\/www.ihbohemia.com\/en\/#website\",\"url\":\"https:\/\/www.ihbohemia.com\/en\/\",\"name\":\"Interhotel Bohemia\",\"description\":\"Just another ms.decms.eu site\",\"potentialAction\":[{\"@type\":\"SearchAction\",\"target\":{\"@type\":\"EntryPoint\",\"urlTemplate\":\"https:\/\/www.ihbohemia.com\/en\/?s={search_term_string}\"},\"query-input\":{\"@type\":\"PropertyValueSpecification\",\"valueRequired\":true,\"valueName\":\"search_term_string\"}}],\"inLanguage\":\"en-US\"}]}<\/script>\n<!-- \/ Yoast SEO plugin. -->","yoast_head_json":{"title":"Czech Switzerland - Interhotel Bohemia","robots":{"index":"index","follow":"follow","max-snippet":"max-snippet:-1","max-image-preview":"max-image-preview:large","max-video-preview":"max-video-preview:-1"},"canonical":"https:\/\/www.ihbohemia.com\/en\/sights-and-leisure\/czech-switzerland\/","og_locale":"en_US","og_type":"article","og_title":"Czech Switzerland - Interhotel Bohemia","og_description":"The Czech Switzerland is a\u00a0national park spreading out at the area of 79km2, it was declared as 4th national park in the country in 2000, it is situated at the German border and continues in the Saxon Switzerland. The national park is composed of various eco-systems, plant and animal species and is a\u00a0part of Labe [&hellip;]","og_url":"https:\/\/www.ihbohemia.com\/en\/sights-and-leisure\/czech-switzerland\/","og_site_name":"Interhotel Bohemia","article_modified_time":"2019-07-24T15:03:31+00:00","twitter_card":"summary_large_image","schema":{"@context":"https:\/\/schema.org","@graph":[{"@type":"WebPage","@id":"https:\/\/www.ihbohemia.com\/en\/sights-and-leisure\/czech-switzerland\/","url":"https:\/\/www.ihbohemia.com\/en\/sights-and-leisure\/czech-switzerland\/","name":"Czech Switzerland - Interhotel Bohemia","isPartOf":{"@id":"https:\/\/www.ihbohemia.com\/en\/#website"},"datePublished":"2019-07-24T11:33:41+00:00","dateModified":"2019-07-24T15:03:31+00:00","breadcrumb":{"@id":"https:\/\/www.ihbohemia.com\/en\/sights-and-leisure\/czech-switzerland\/#breadcrumb"},"inLanguage":"en-US","potentialAction":[{"@type":"ReadAction","target":["https:\/\/www.ihbohemia.com\/en\/sights-and-leisure\/czech-switzerland\/"]}]},{"@type":"BreadcrumbList","@id":"https:\/\/www.ihbohemia.com\/en\/sights-and-leisure\/czech-switzerland\/#breadcrumb","itemListElement":[{"@type":"ListItem","position":1,"name":"Home","item":"https:\/\/www.ihbohemia.com\/en\/"},{"@type":"ListItem","position":2,"name":"Sights And Leisure","item":"https:\/\/www.ihbohemia.com\/en\/sights-and-leisure\/"},{"@type":"ListItem","position":3,"name":"Czech Switzerland"}]},{"@type":"WebSite","@id":"https:\/\/www.ihbohemia.com\/en\/#website","url":"https:\/\/www.ihbohemia.com\/en\/","name":"Interhotel Bohemia","description":"Just another ms.decms.eu site","potentialAction":[{"@type":"SearchAction","target":{"@type":"EntryPoint","urlTemplate":"https:\/\/www.ihbohemia.com\/en\/?s={search_term_string}"},"query-input":{"@type":"PropertyValueSpecification","valueRequired":true,"valueName":"search_term_string"}}],"inLanguage":"en-US"}]}},"acf":[],"_links":{"self":[{"href":"https:\/\/www.ihbohemia.com\/en\/wp-json\/wp\/v2\/pages\/285","targetHints":{"allow":["GET"]}}],"collection":[{"href":"https:\/\/www.ihbohemia.com\/en\/wp-json\/wp\/v2\/pages"}],"about":[{"href":"https:\/\/www.ihbohemia.com\/en\/wp-json\/wp\/v2\/types\/page"}],"author":[{"embeddable":true,"href":"https:\/\/www.ihbohemia.com\/en\/wp-json\/wp\/v2\/users\/4"}],"replies":[{"embeddable":true,"href":"https:\/\/www.ihbohemia.com\/en\/wp-json\/wp\/v2\/comments?post=285"}],"version-history":[{"count":0,"href":"https:\/\/www.ihbohemia.com\/en\/wp-json\/wp\/v2\/pages\/285\/revisions"}],"up":[{"embeddable":true,"href":"https:\/\/www.ihbohemia.com\/en\/wp-json\/wp\/v2\/pages\/279"}],"wp:attachment":[{"href":"https:\/\/www.ihbohemia.com\/en\/wp-json\/wp\/v2\/media?parent=285"}],"curies":[{"name":"wp","href":"https:\/\/api.w.org\/{rel}","templated":true}]}}