{"id":281,"date":"2019-07-24T11:28:33","date_gmt":"2019-07-24T11:28:33","guid":{"rendered":"http:\/\/interhotelbohemia.ms.decms.eu\/?page_id=281"},"modified":"2019-10-04T09:39:39","modified_gmt":"2019-10-04T09:39:39","slug":"strekov-castle","status":"publish","type":"page","link":"https:\/\/www.ihbohemia.com\/en\/sights-and-leisure\/strekov-castle\/","title":{"rendered":"St\u0159ekov castle"},"content":{"rendered":"<p>St\u0159ekov castle is perched atop a cliff <strong>above the river Elbe,<\/strong> near the city of \u00dast\u00ed nad Labem. Built in the 14th century to protect the waterway and collect duties on transported goods, the castle is renowned for its <strong>impressive views<\/strong>. It has enchanted a variety of visiting artists, most notably Goethe, Richard Wagner, and Karel Hynek M\u00e1cha.<\/p>\n<p><strong><em><a href=\"https:\/\/www.lobkowicz.cz\/strekov\" target=\"_blank\" rel=\"noopener noreferrer\">More information at the official website&#8230;<\/a><\/em><\/strong><\/p>\n","protected":false},"excerpt":{"rendered":"<p>St\u0159ekov castle is perched atop a cliff above the river Elbe, near the city of \u00dast\u00ed nad Labem. Built in the 14th century to protect the waterway and collect duties on transported goods, the castle is renowned for its impressive views. It has enchanted a variety of visiting artists, most notably Goethe, Richard Wagner, and [&hellip;]<\/p>\n","protected":false},"author":4,"featured_media":0,"parent":279,"menu_order":20,"comment_status":"closed","ping_status":"closed","template":"","meta":{"footnotes":""},"class_list":["post-281","page","type-page","status-publish","hentry"],"yoast_head":"<!-- This site is optimized with the Yoast SEO plugin v26.9 - https:\/\/yoast.com\/product\/yoast-seo-wordpress\/ -->\n<title>St\u0159ekov castle - Interhotel Bohemia<\/title>\n<meta name=\"robots\" content=\"index, follow, max-snippet:-1, max-image-preview:large, max-video-preview:-1\" \/>\n<link rel=\"canonical\" href=\"https:\/\/www.ihbohemia.com\/en\/sights-and-leisure\/strekov-castle\/\" \/>\n<meta property=\"og:locale\" content=\"en_US\" \/>\n<meta property=\"og:type\" content=\"article\" \/>\n<meta property=\"og:title\" content=\"St\u0159ekov castle - Interhotel Bohemia\" \/>\n<meta property=\"og:description\" content=\"St\u0159ekov castle is perched atop a cliff above the river Elbe, near the city of \u00dast\u00ed nad Labem. Built in the 14th century to protect the waterway and collect duties on transported goods, the castle is renowned for its impressive views. It has enchanted a variety of visiting artists, most notably Goethe, Richard Wagner, and [&hellip;]\" \/>\n<meta property=\"og:url\" content=\"https:\/\/www.ihbohemia.com\/en\/sights-and-leisure\/strekov-castle\/\" \/>\n<meta property=\"og:site_name\" content=\"Interhotel Bohemia\" \/>\n<meta property=\"article:modified_time\" content=\"2019-10-04T09:39:39+00:00\" \/>\n<meta name=\"twitter:card\" content=\"summary_large_image\" \/>\n<script type=\"application\/ld+json\" class=\"yoast-schema-graph\">{\"@context\":\"https:\/\/schema.org\",\"@graph\":[{\"@type\":\"WebPage\",\"@id\":\"https:\/\/www.ihbohemia.com\/en\/sights-and-leisure\/strekov-castle\/\",\"url\":\"https:\/\/www.ihbohemia.com\/en\/sights-and-leisure\/strekov-castle\/\",\"name\":\"St\u0159ekov castle - Interhotel Bohemia\",\"isPartOf\":{\"@id\":\"https:\/\/www.ihbohemia.com\/en\/#website\"},\"datePublished\":\"2019-07-24T11:28:33+00:00\",\"dateModified\":\"2019-10-04T09:39:39+00:00\",\"breadcrumb\":{\"@id\":\"https:\/\/www.ihbohemia.com\/en\/sights-and-leisure\/strekov-castle\/#breadcrumb\"},\"inLanguage\":\"en-US\",\"potentialAction\":[{\"@type\":\"ReadAction\",\"target\":[\"https:\/\/www.ihbohemia.com\/en\/sights-and-leisure\/strekov-castle\/\"]}]},{\"@type\":\"BreadcrumbList\",\"@id\":\"https:\/\/www.ihbohemia.com\/en\/sights-and-leisure\/strekov-castle\/#breadcrumb\",\"itemListElement\":[{\"@type\":\"ListItem\",\"position\":1,\"name\":\"Home\",\"item\":\"https:\/\/www.ihbohemia.com\/en\/\"},{\"@type\":\"ListItem\",\"position\":2,\"name\":\"Sights And Leisure\",\"item\":\"https:\/\/www.ihbohemia.com\/en\/sights-and-leisure\/\"},{\"@type\":\"ListItem\",\"position\":3,\"name\":\"St\u0159ekov castle\"}]},{\"@type\":\"WebSite\",\"@id\":\"https:\/\/www.ihbohemia.com\/en\/#website\",\"url\":\"https:\/\/www.ihbohemia.com\/en\/\",\"name\":\"Interhotel Bohemia\",\"description\":\"Just another ms.decms.eu site\",\"potentialAction\":[{\"@type\":\"SearchAction\",\"target\":{\"@type\":\"EntryPoint\",\"urlTemplate\":\"https:\/\/www.ihbohemia.com\/en\/?s={search_term_string}\"},\"query-input\":{\"@type\":\"PropertyValueSpecification\",\"valueRequired\":true,\"valueName\":\"search_term_string\"}}],\"inLanguage\":\"en-US\"}]}<\/script>\n<!-- \/ Yoast SEO plugin. -->","yoast_head_json":{"title":"St\u0159ekov castle - Interhotel Bohemia","robots":{"index":"index","follow":"follow","max-snippet":"max-snippet:-1","max-image-preview":"max-image-preview:large","max-video-preview":"max-video-preview:-1"},"canonical":"https:\/\/www.ihbohemia.com\/en\/sights-and-leisure\/strekov-castle\/","og_locale":"en_US","og_type":"article","og_title":"St\u0159ekov castle - Interhotel Bohemia","og_description":"St\u0159ekov castle is perched atop a cliff above the river Elbe, near the city of \u00dast\u00ed nad Labem. Built in the 14th century to protect the waterway and collect duties on transported goods, the castle is renowned for its impressive views. It has enchanted a variety of visiting artists, most notably Goethe, Richard Wagner, and [&hellip;]","og_url":"https:\/\/www.ihbohemia.com\/en\/sights-and-leisure\/strekov-castle\/","og_site_name":"Interhotel Bohemia","article_modified_time":"2019-10-04T09:39:39+00:00","twitter_card":"summary_large_image","schema":{"@context":"https:\/\/schema.org","@graph":[{"@type":"WebPage","@id":"https:\/\/www.ihbohemia.com\/en\/sights-and-leisure\/strekov-castle\/","url":"https:\/\/www.ihbohemia.com\/en\/sights-and-leisure\/strekov-castle\/","name":"St\u0159ekov castle - Interhotel Bohemia","isPartOf":{"@id":"https:\/\/www.ihbohemia.com\/en\/#website"},"datePublished":"2019-07-24T11:28:33+00:00","dateModified":"2019-10-04T09:39:39+00:00","breadcrumb":{"@id":"https:\/\/www.ihbohemia.com\/en\/sights-and-leisure\/strekov-castle\/#breadcrumb"},"inLanguage":"en-US","potentialAction":[{"@type":"ReadAction","target":["https:\/\/www.ihbohemia.com\/en\/sights-and-leisure\/strekov-castle\/"]}]},{"@type":"BreadcrumbList","@id":"https:\/\/www.ihbohemia.com\/en\/sights-and-leisure\/strekov-castle\/#breadcrumb","itemListElement":[{"@type":"ListItem","position":1,"name":"Home","item":"https:\/\/www.ihbohemia.com\/en\/"},{"@type":"ListItem","position":2,"name":"Sights And Leisure","item":"https:\/\/www.ihbohemia.com\/en\/sights-and-leisure\/"},{"@type":"ListItem","position":3,"name":"St\u0159ekov castle"}]},{"@type":"WebSite","@id":"https:\/\/www.ihbohemia.com\/en\/#website","url":"https:\/\/www.ihbohemia.com\/en\/","name":"Interhotel Bohemia","description":"Just another ms.decms.eu site","potentialAction":[{"@type":"SearchAction","target":{"@type":"EntryPoint","urlTemplate":"https:\/\/www.ihbohemia.com\/en\/?s={search_term_string}"},"query-input":{"@type":"PropertyValueSpecification","valueRequired":true,"valueName":"search_term_string"}}],"inLanguage":"en-US"}]}},"acf":[],"_links":{"self":[{"href":"https:\/\/www.ihbohemia.com\/en\/wp-json\/wp\/v2\/pages\/281","targetHints":{"allow":["GET"]}}],"collection":[{"href":"https:\/\/www.ihbohemia.com\/en\/wp-json\/wp\/v2\/pages"}],"about":[{"href":"https:\/\/www.ihbohemia.com\/en\/wp-json\/wp\/v2\/types\/page"}],"author":[{"embeddable":true,"href":"https:\/\/www.ihbohemia.com\/en\/wp-json\/wp\/v2\/users\/4"}],"replies":[{"embeddable":true,"href":"https:\/\/www.ihbohemia.com\/en\/wp-json\/wp\/v2\/comments?post=281"}],"version-history":[{"count":0,"href":"https:\/\/www.ihbohemia.com\/en\/wp-json\/wp\/v2\/pages\/281\/revisions"}],"up":[{"embeddable":true,"href":"https:\/\/www.ihbohemia.com\/en\/wp-json\/wp\/v2\/pages\/279"}],"wp:attachment":[{"href":"https:\/\/www.ihbohemia.com\/en\/wp-json\/wp\/v2\/media?parent=281"}],"curies":[{"name":"wp","href":"https:\/\/api.w.org\/{rel}","templated":true}]}}