{"id":279,"date":"2019-07-24T10:45:15","date_gmt":"2019-07-24T10:45:15","guid":{"rendered":"http:\/\/interhotelbohemia.ms.decms.eu\/?page_id=279"},"modified":"2019-07-24T10:45:15","modified_gmt":"2019-07-24T10:45:15","slug":"sights-and-leisure","status":"publish","type":"page","link":"https:\/\/www.ihbohemia.com\/en\/sights-and-leisure\/","title":{"rendered":"Sights And Leisure"},"content":{"rendered":"<p>In \u00dast\u00ed nad Labem you can visit e.g. City <strong>theater<\/strong>, <strong>St\u0159ekov castle<\/strong>, <strong>ZOO<\/strong>, <strong>Brn\u00e1<\/strong> open air swimming pool and others. In the close neighbourhood it is possible to make a\u00a0trip to <strong>skanzen Zubrnice<\/strong>, <strong>Chlumec<\/strong> (battle field from Napoleonic war), <strong>ski resort Telnice and especially H\u0159ensko<\/strong> (part of national park Czech Switzerland) with its pictorial passes and boat trips. You should not forget\u00a0to visit\u00a0Terez\u00edn memorial.<\/p>\n","protected":false},"excerpt":{"rendered":"<p>In \u00dast\u00ed nad Labem you can visit e.g. City theater, St\u0159ekov castle, ZOO, Brn\u00e1 open air swimming pool and others. In the close neighbourhood it is possible to make a\u00a0trip to skanzen Zubrnice, Chlumec (battle field from Napoleonic war), ski resort Telnice and especially H\u0159ensko (part of national park Czech Switzerland) with its pictorial passes [&hellip;]<\/p>\n","protected":false},"author":4,"featured_media":0,"parent":0,"menu_order":50,"comment_status":"closed","ping_status":"closed","template":"","meta":{"footnotes":""},"class_list":["post-279","page","type-page","status-publish","hentry"],"yoast_head":"<!-- This site is optimized with the Yoast SEO plugin v26.9 - https:\/\/yoast.com\/product\/yoast-seo-wordpress\/ -->\n<title>Sights And Leisure - Interhotel Bohemia<\/title>\n<meta name=\"robots\" content=\"index, follow, max-snippet:-1, max-image-preview:large, max-video-preview:-1\" \/>\n<link rel=\"canonical\" href=\"https:\/\/www.ihbohemia.com\/en\/sights-and-leisure\/\" \/>\n<meta property=\"og:locale\" content=\"en_US\" \/>\n<meta property=\"og:type\" content=\"article\" \/>\n<meta property=\"og:title\" content=\"Sights And Leisure - Interhotel Bohemia\" \/>\n<meta property=\"og:description\" content=\"In \u00dast\u00ed nad Labem you can visit e.g. City theater, St\u0159ekov castle, ZOO, Brn\u00e1 open air swimming pool and others. In the close neighbourhood it is possible to make a\u00a0trip to skanzen Zubrnice, Chlumec (battle field from Napoleonic war), ski resort Telnice and especially H\u0159ensko (part of national park Czech Switzerland) with its pictorial passes [&hellip;]\" \/>\n<meta property=\"og:url\" content=\"https:\/\/www.ihbohemia.com\/en\/sights-and-leisure\/\" \/>\n<meta property=\"og:site_name\" content=\"Interhotel Bohemia\" \/>\n<meta name=\"twitter:card\" content=\"summary_large_image\" \/>\n<script type=\"application\/ld+json\" class=\"yoast-schema-graph\">{\"@context\":\"https:\/\/schema.org\",\"@graph\":[{\"@type\":\"WebPage\",\"@id\":\"https:\/\/www.ihbohemia.com\/en\/sights-and-leisure\/\",\"url\":\"https:\/\/www.ihbohemia.com\/en\/sights-and-leisure\/\",\"name\":\"Sights And Leisure - Interhotel Bohemia\",\"isPartOf\":{\"@id\":\"https:\/\/www.ihbohemia.com\/en\/#website\"},\"datePublished\":\"2019-07-24T10:45:15+00:00\",\"breadcrumb\":{\"@id\":\"https:\/\/www.ihbohemia.com\/en\/sights-and-leisure\/#breadcrumb\"},\"inLanguage\":\"en-US\",\"potentialAction\":[{\"@type\":\"ReadAction\",\"target\":[\"https:\/\/www.ihbohemia.com\/en\/sights-and-leisure\/\"]}]},{\"@type\":\"BreadcrumbList\",\"@id\":\"https:\/\/www.ihbohemia.com\/en\/sights-and-leisure\/#breadcrumb\",\"itemListElement\":[{\"@type\":\"ListItem\",\"position\":1,\"name\":\"Home\",\"item\":\"https:\/\/www.ihbohemia.com\/en\/\"},{\"@type\":\"ListItem\",\"position\":2,\"name\":\"Sights And Leisure\"}]},{\"@type\":\"WebSite\",\"@id\":\"https:\/\/www.ihbohemia.com\/en\/#website\",\"url\":\"https:\/\/www.ihbohemia.com\/en\/\",\"name\":\"Interhotel Bohemia\",\"description\":\"Just another ms.decms.eu site\",\"potentialAction\":[{\"@type\":\"SearchAction\",\"target\":{\"@type\":\"EntryPoint\",\"urlTemplate\":\"https:\/\/www.ihbohemia.com\/en\/?s={search_term_string}\"},\"query-input\":{\"@type\":\"PropertyValueSpecification\",\"valueRequired\":true,\"valueName\":\"search_term_string\"}}],\"inLanguage\":\"en-US\"}]}<\/script>\n<!-- \/ Yoast SEO plugin. -->","yoast_head_json":{"title":"Sights And Leisure - Interhotel Bohemia","robots":{"index":"index","follow":"follow","max-snippet":"max-snippet:-1","max-image-preview":"max-image-preview:large","max-video-preview":"max-video-preview:-1"},"canonical":"https:\/\/www.ihbohemia.com\/en\/sights-and-leisure\/","og_locale":"en_US","og_type":"article","og_title":"Sights And Leisure - Interhotel Bohemia","og_description":"In \u00dast\u00ed nad Labem you can visit e.g. City theater, St\u0159ekov castle, ZOO, Brn\u00e1 open air swimming pool and others. In the close neighbourhood it is possible to make a\u00a0trip to skanzen Zubrnice, Chlumec (battle field from Napoleonic war), ski resort Telnice and especially H\u0159ensko (part of national park Czech Switzerland) with its pictorial passes [&hellip;]","og_url":"https:\/\/www.ihbohemia.com\/en\/sights-and-leisure\/","og_site_name":"Interhotel Bohemia","twitter_card":"summary_large_image","schema":{"@context":"https:\/\/schema.org","@graph":[{"@type":"WebPage","@id":"https:\/\/www.ihbohemia.com\/en\/sights-and-leisure\/","url":"https:\/\/www.ihbohemia.com\/en\/sights-and-leisure\/","name":"Sights And Leisure - Interhotel Bohemia","isPartOf":{"@id":"https:\/\/www.ihbohemia.com\/en\/#website"},"datePublished":"2019-07-24T10:45:15+00:00","breadcrumb":{"@id":"https:\/\/www.ihbohemia.com\/en\/sights-and-leisure\/#breadcrumb"},"inLanguage":"en-US","potentialAction":[{"@type":"ReadAction","target":["https:\/\/www.ihbohemia.com\/en\/sights-and-leisure\/"]}]},{"@type":"BreadcrumbList","@id":"https:\/\/www.ihbohemia.com\/en\/sights-and-leisure\/#breadcrumb","itemListElement":[{"@type":"ListItem","position":1,"name":"Home","item":"https:\/\/www.ihbohemia.com\/en\/"},{"@type":"ListItem","position":2,"name":"Sights And Leisure"}]},{"@type":"WebSite","@id":"https:\/\/www.ihbohemia.com\/en\/#website","url":"https:\/\/www.ihbohemia.com\/en\/","name":"Interhotel Bohemia","description":"Just another ms.decms.eu site","potentialAction":[{"@type":"SearchAction","target":{"@type":"EntryPoint","urlTemplate":"https:\/\/www.ihbohemia.com\/en\/?s={search_term_string}"},"query-input":{"@type":"PropertyValueSpecification","valueRequired":true,"valueName":"search_term_string"}}],"inLanguage":"en-US"}]}},"acf":[],"_links":{"self":[{"href":"https:\/\/www.ihbohemia.com\/en\/wp-json\/wp\/v2\/pages\/279","targetHints":{"allow":["GET"]}}],"collection":[{"href":"https:\/\/www.ihbohemia.com\/en\/wp-json\/wp\/v2\/pages"}],"about":[{"href":"https:\/\/www.ihbohemia.com\/en\/wp-json\/wp\/v2\/types\/page"}],"author":[{"embeddable":true,"href":"https:\/\/www.ihbohemia.com\/en\/wp-json\/wp\/v2\/users\/4"}],"replies":[{"embeddable":true,"href":"https:\/\/www.ihbohemia.com\/en\/wp-json\/wp\/v2\/comments?post=279"}],"version-history":[{"count":0,"href":"https:\/\/www.ihbohemia.com\/en\/wp-json\/wp\/v2\/pages\/279\/revisions"}],"wp:attachment":[{"href":"https:\/\/www.ihbohemia.com\/en\/wp-json\/wp\/v2\/media?parent=279"}],"curies":[{"name":"wp","href":"https:\/\/api.w.org\/{rel}","templated":true}]}}