{"id":273,"date":"2019-07-24T10:29:39","date_gmt":"2019-07-24T10:29:39","guid":{"rendered":"http:\/\/interhotelbohemia.ms.decms.eu\/?page_id=273"},"modified":"2020-05-26T15:22:23","modified_gmt":"2020-05-26T15:22:23","slug":"dinner","status":"publish","type":"page","link":"https:\/\/www.ihbohemia.com\/en\/restaurant\/dinner\/","title":{"rendered":"Dinner"},"content":{"rendered":"<ul>\n<li>We serve diner in our hotel restaurant from 18:00 to 22:00.<\/li>\n<li>You can choose from our j\u00eddeln\u00edho l\u00edstku.<\/li>\n<li>We prepare classic and special meals, possible to have vegetarian meals as well.<\/li>\n<li>Large choice of alcoholic and non-alcoholic drinks, various kinds of whiskey, wine card.<\/li>\n<li>The best Czech beer Pilsner Urquell 12 (draught and bottle), Gambrinus 11 (draught).<\/li>\n<li>You can watch plasma TV (sport matches, music, news etc.).<\/li>\n<li>We have very pleasant and friendly staff.<\/li>\n<\/ul>\n","protected":false},"excerpt":{"rendered":"<p>We serve diner in our hotel restaurant from 18:00 to 22:00. You can choose from our j\u00eddeln\u00edho l\u00edstku. We prepare classic and special meals, possible to have vegetarian meals as well. Large choice of alcoholic and non-alcoholic drinks, various kinds of whiskey, wine card. The best Czech beer Pilsner Urquell 12 (draught and bottle), Gambrinus [&hellip;]<\/p>\n","protected":false},"author":4,"featured_media":0,"parent":269,"menu_order":40,"comment_status":"closed","ping_status":"closed","template":"template-single-restaurant.php","meta":{"footnotes":""},"class_list":["post-273","page","type-page","status-publish","hentry"],"yoast_head":"<!-- This site is optimized with the Yoast SEO plugin v26.9 - https:\/\/yoast.com\/product\/yoast-seo-wordpress\/ -->\n<title>Dinner - Interhotel Bohemia<\/title>\n<meta name=\"robots\" content=\"index, follow, max-snippet:-1, max-image-preview:large, max-video-preview:-1\" \/>\n<link rel=\"canonical\" href=\"https:\/\/www.ihbohemia.com\/en\/restaurant\/dinner\/\" \/>\n<meta property=\"og:locale\" content=\"en_US\" \/>\n<meta property=\"og:type\" content=\"article\" \/>\n<meta property=\"og:title\" content=\"Dinner - Interhotel Bohemia\" \/>\n<meta property=\"og:description\" content=\"We serve diner in our hotel restaurant from 18:00 to 22:00. You can choose from our j\u00eddeln\u00edho l\u00edstku. We prepare classic and special meals, possible to have vegetarian meals as well. Large choice of alcoholic and non-alcoholic drinks, various kinds of whiskey, wine card. The best Czech beer Pilsner Urquell 12 (draught and bottle), Gambrinus [&hellip;]\" \/>\n<meta property=\"og:url\" content=\"https:\/\/www.ihbohemia.com\/en\/restaurant\/dinner\/\" \/>\n<meta property=\"og:site_name\" content=\"Interhotel Bohemia\" \/>\n<meta property=\"article:modified_time\" content=\"2020-05-26T15:22:23+00:00\" \/>\n<meta name=\"twitter:card\" content=\"summary_large_image\" \/>\n<script type=\"application\/ld+json\" class=\"yoast-schema-graph\">{\"@context\":\"https:\/\/schema.org\",\"@graph\":[{\"@type\":\"WebPage\",\"@id\":\"https:\/\/www.ihbohemia.com\/en\/restaurant\/dinner\/\",\"url\":\"https:\/\/www.ihbohemia.com\/en\/restaurant\/dinner\/\",\"name\":\"Dinner - Interhotel Bohemia\",\"isPartOf\":{\"@id\":\"https:\/\/www.ihbohemia.com\/en\/#website\"},\"datePublished\":\"2019-07-24T10:29:39+00:00\",\"dateModified\":\"2020-05-26T15:22:23+00:00\",\"breadcrumb\":{\"@id\":\"https:\/\/www.ihbohemia.com\/en\/restaurant\/dinner\/#breadcrumb\"},\"inLanguage\":\"en-US\",\"potentialAction\":[{\"@type\":\"ReadAction\",\"target\":[\"https:\/\/www.ihbohemia.com\/en\/restaurant\/dinner\/\"]}]},{\"@type\":\"BreadcrumbList\",\"@id\":\"https:\/\/www.ihbohemia.com\/en\/restaurant\/dinner\/#breadcrumb\",\"itemListElement\":[{\"@type\":\"ListItem\",\"position\":1,\"name\":\"Home\",\"item\":\"https:\/\/www.ihbohemia.com\/en\/\"},{\"@type\":\"ListItem\",\"position\":2,\"name\":\"Restaurant\",\"item\":\"https:\/\/www.ihbohemia.com\/en\/restaurant\/\"},{\"@type\":\"ListItem\",\"position\":3,\"name\":\"Dinner\"}]},{\"@type\":\"WebSite\",\"@id\":\"https:\/\/www.ihbohemia.com\/en\/#website\",\"url\":\"https:\/\/www.ihbohemia.com\/en\/\",\"name\":\"Interhotel Bohemia\",\"description\":\"Just another ms.decms.eu site\",\"potentialAction\":[{\"@type\":\"SearchAction\",\"target\":{\"@type\":\"EntryPoint\",\"urlTemplate\":\"https:\/\/www.ihbohemia.com\/en\/?s={search_term_string}\"},\"query-input\":{\"@type\":\"PropertyValueSpecification\",\"valueRequired\":true,\"valueName\":\"search_term_string\"}}],\"inLanguage\":\"en-US\"}]}<\/script>\n<!-- \/ Yoast SEO plugin. -->","yoast_head_json":{"title":"Dinner - Interhotel Bohemia","robots":{"index":"index","follow":"follow","max-snippet":"max-snippet:-1","max-image-preview":"max-image-preview:large","max-video-preview":"max-video-preview:-1"},"canonical":"https:\/\/www.ihbohemia.com\/en\/restaurant\/dinner\/","og_locale":"en_US","og_type":"article","og_title":"Dinner - Interhotel Bohemia","og_description":"We serve diner in our hotel restaurant from 18:00 to 22:00. You can choose from our j\u00eddeln\u00edho l\u00edstku. We prepare classic and special meals, possible to have vegetarian meals as well. Large choice of alcoholic and non-alcoholic drinks, various kinds of whiskey, wine card. The best Czech beer Pilsner Urquell 12 (draught and bottle), Gambrinus [&hellip;]","og_url":"https:\/\/www.ihbohemia.com\/en\/restaurant\/dinner\/","og_site_name":"Interhotel Bohemia","article_modified_time":"2020-05-26T15:22:23+00:00","twitter_card":"summary_large_image","schema":{"@context":"https:\/\/schema.org","@graph":[{"@type":"WebPage","@id":"https:\/\/www.ihbohemia.com\/en\/restaurant\/dinner\/","url":"https:\/\/www.ihbohemia.com\/en\/restaurant\/dinner\/","name":"Dinner - Interhotel Bohemia","isPartOf":{"@id":"https:\/\/www.ihbohemia.com\/en\/#website"},"datePublished":"2019-07-24T10:29:39+00:00","dateModified":"2020-05-26T15:22:23+00:00","breadcrumb":{"@id":"https:\/\/www.ihbohemia.com\/en\/restaurant\/dinner\/#breadcrumb"},"inLanguage":"en-US","potentialAction":[{"@type":"ReadAction","target":["https:\/\/www.ihbohemia.com\/en\/restaurant\/dinner\/"]}]},{"@type":"BreadcrumbList","@id":"https:\/\/www.ihbohemia.com\/en\/restaurant\/dinner\/#breadcrumb","itemListElement":[{"@type":"ListItem","position":1,"name":"Home","item":"https:\/\/www.ihbohemia.com\/en\/"},{"@type":"ListItem","position":2,"name":"Restaurant","item":"https:\/\/www.ihbohemia.com\/en\/restaurant\/"},{"@type":"ListItem","position":3,"name":"Dinner"}]},{"@type":"WebSite","@id":"https:\/\/www.ihbohemia.com\/en\/#website","url":"https:\/\/www.ihbohemia.com\/en\/","name":"Interhotel Bohemia","description":"Just another ms.decms.eu site","potentialAction":[{"@type":"SearchAction","target":{"@type":"EntryPoint","urlTemplate":"https:\/\/www.ihbohemia.com\/en\/?s={search_term_string}"},"query-input":{"@type":"PropertyValueSpecification","valueRequired":true,"valueName":"search_term_string"}}],"inLanguage":"en-US"}]}},"acf":[],"_links":{"self":[{"href":"https:\/\/www.ihbohemia.com\/en\/wp-json\/wp\/v2\/pages\/273","targetHints":{"allow":["GET"]}}],"collection":[{"href":"https:\/\/www.ihbohemia.com\/en\/wp-json\/wp\/v2\/pages"}],"about":[{"href":"https:\/\/www.ihbohemia.com\/en\/wp-json\/wp\/v2\/types\/page"}],"author":[{"embeddable":true,"href":"https:\/\/www.ihbohemia.com\/en\/wp-json\/wp\/v2\/users\/4"}],"replies":[{"embeddable":true,"href":"https:\/\/www.ihbohemia.com\/en\/wp-json\/wp\/v2\/comments?post=273"}],"version-history":[{"count":0,"href":"https:\/\/www.ihbohemia.com\/en\/wp-json\/wp\/v2\/pages\/273\/revisions"}],"up":[{"embeddable":true,"href":"https:\/\/www.ihbohemia.com\/en\/wp-json\/wp\/v2\/pages\/269"}],"wp:attachment":[{"href":"https:\/\/www.ihbohemia.com\/en\/wp-json\/wp\/v2\/media?parent=273"}],"curies":[{"name":"wp","href":"https:\/\/api.w.org\/{rel}","templated":true}]}}