{"id":780,"date":"2019-09-05T13:56:09","date_gmt":"2019-09-05T13:56:09","guid":{"rendered":"http:\/\/interhotelbohemia.ms.decms.eu\/?page_id=780"},"modified":"2019-10-04T15:38:34","modified_gmt":"2019-10-04T15:38:34","slug":"schwimm-brna","status":"publish","type":"page","link":"https:\/\/www.ihbohemia.com\/de\/turistik-freizeit\/schwimm-brna\/","title":{"rendered":"Schwimm Brn\u00e1"},"content":{"rendered":"<p>Schwimm Brn\u00e1 \u2013 Aussig an der Elbe ist idealer Ort f\u00fcr Sommer Erholung bei dem Wasser. Das Schwimmbad bietet Thermalbecken, Wasserrutschen, Beachvolleyball, Mimigolf und Restaurant an. Es ist geeignete Destination f\u00fcr Familien mit Kinder. Im Naturgebiet bei der Elbe in Aussig an der Elbe findet man Freizeitbecken mit Wasserrutsche, Kinderbecken, Swimmingpool oder Freizeitbad. Dank der Thermalwasser und ihrer Temperatur ist dieses Schwimmbad schon von Anfang May bis Ende September ge\u00f6ffnet. In dieses Thermalbecken erhalten Sie mit dem Schiff und hier ist auch M\u00f6glichkeit in der Elbe baden, die hier flie\u00dft. \u00dcber dem Areal befindet sich bewachter Parkplatz, man kann auch mit dem Bus fahren.<\/p>\n<p><em><strong><a href=\"http:\/\/www.msul.cz\/?page_id=83\/\" target=\"_blank\" rel=\"noopener noreferrer\">Weitere Informationen auf der offiziellen Website\u2026<\/a><\/strong><\/em><\/p>\n","protected":false},"excerpt":{"rendered":"<p>Schwimm Brn\u00e1 \u2013 Aussig an der Elbe ist idealer Ort f\u00fcr Sommer Erholung bei dem Wasser. Das Schwimmbad bietet Thermalbecken, Wasserrutschen, Beachvolleyball, Mimigolf und Restaurant an. Es ist geeignete Destination f\u00fcr Familien mit Kinder. Im Naturgebiet bei der Elbe in Aussig an der Elbe findet man Freizeitbecken mit Wasserrutsche, Kinderbecken, Swimmingpool oder Freizeitbad. Dank der [&hellip;]<\/p>\n","protected":false},"author":4,"featured_media":0,"parent":414,"menu_order":85,"comment_status":"closed","ping_status":"closed","template":"","meta":{"footnotes":""},"class_list":["post-780","page","type-page","status-publish","hentry"],"yoast_head":"<!-- This site is optimized with the Yoast SEO plugin v26.9 - https:\/\/yoast.com\/product\/yoast-seo-wordpress\/ -->\n<title>Schwimm Brn\u00e1 - Interhotel Bohemia<\/title>\n<meta name=\"robots\" content=\"index, follow, max-snippet:-1, max-image-preview:large, max-video-preview:-1\" \/>\n<link rel=\"canonical\" href=\"https:\/\/www.ihbohemia.com\/de\/turistik-freizeit\/schwimm-brna\/\" \/>\n<meta property=\"og:locale\" content=\"de_DE\" \/>\n<meta property=\"og:type\" content=\"article\" \/>\n<meta property=\"og:title\" content=\"Schwimm Brn\u00e1 - Interhotel Bohemia\" \/>\n<meta property=\"og:description\" content=\"Schwimm Brn\u00e1 \u2013 Aussig an der Elbe ist idealer Ort f\u00fcr Sommer Erholung bei dem Wasser. Das Schwimmbad bietet Thermalbecken, Wasserrutschen, Beachvolleyball, Mimigolf und Restaurant an. Es ist geeignete Destination f\u00fcr Familien mit Kinder. Im Naturgebiet bei der Elbe in Aussig an der Elbe findet man Freizeitbecken mit Wasserrutsche, Kinderbecken, Swimmingpool oder Freizeitbad. Dank der [&hellip;]\" \/>\n<meta property=\"og:url\" content=\"https:\/\/www.ihbohemia.com\/de\/turistik-freizeit\/schwimm-brna\/\" \/>\n<meta property=\"og:site_name\" content=\"Interhotel Bohemia\" \/>\n<meta property=\"article:modified_time\" content=\"2019-10-04T15:38:34+00:00\" \/>\n<meta name=\"twitter:card\" content=\"summary_large_image\" \/>\n<meta name=\"twitter:label1\" content=\"Gesch\u00e4tzte Lesezeit\" \/>\n\t<meta name=\"twitter:data1\" content=\"1 Minute\" \/>\n<script type=\"application\/ld+json\" class=\"yoast-schema-graph\">{\"@context\":\"https:\/\/schema.org\",\"@graph\":[{\"@type\":\"WebPage\",\"@id\":\"https:\/\/www.ihbohemia.com\/de\/turistik-freizeit\/schwimm-brna\/\",\"url\":\"https:\/\/www.ihbohemia.com\/de\/turistik-freizeit\/schwimm-brna\/\",\"name\":\"Schwimm Brn\u00e1 - Interhotel Bohemia\",\"isPartOf\":{\"@id\":\"https:\/\/www.ihbohemia.com\/de\/#website\"},\"datePublished\":\"2019-09-05T13:56:09+00:00\",\"dateModified\":\"2019-10-04T15:38:34+00:00\",\"breadcrumb\":{\"@id\":\"https:\/\/www.ihbohemia.com\/de\/turistik-freizeit\/schwimm-brna\/#breadcrumb\"},\"inLanguage\":\"de-DE\",\"potentialAction\":[{\"@type\":\"ReadAction\",\"target\":[\"https:\/\/www.ihbohemia.com\/de\/turistik-freizeit\/schwimm-brna\/\"]}]},{\"@type\":\"BreadcrumbList\",\"@id\":\"https:\/\/www.ihbohemia.com\/de\/turistik-freizeit\/schwimm-brna\/#breadcrumb\",\"itemListElement\":[{\"@type\":\"ListItem\",\"position\":1,\"name\":\"Home\",\"item\":\"https:\/\/www.ihbohemia.com\/de\/\"},{\"@type\":\"ListItem\",\"position\":2,\"name\":\"Turistik \/ Freizeit\",\"item\":\"https:\/\/www.ihbohemia.com\/de\/turistik-freizeit\/\"},{\"@type\":\"ListItem\",\"position\":3,\"name\":\"Schwimm Brn\u00e1\"}]},{\"@type\":\"WebSite\",\"@id\":\"https:\/\/www.ihbohemia.com\/de\/#website\",\"url\":\"https:\/\/www.ihbohemia.com\/de\/\",\"name\":\"Interhotel Bohemia\",\"description\":\"Just another ms.decms.eu site\",\"potentialAction\":[{\"@type\":\"SearchAction\",\"target\":{\"@type\":\"EntryPoint\",\"urlTemplate\":\"https:\/\/www.ihbohemia.com\/de\/?s={search_term_string}\"},\"query-input\":{\"@type\":\"PropertyValueSpecification\",\"valueRequired\":true,\"valueName\":\"search_term_string\"}}],\"inLanguage\":\"de-DE\"}]}<\/script>\n<!-- \/ Yoast SEO plugin. -->","yoast_head_json":{"title":"Schwimm Brn\u00e1 - Interhotel Bohemia","robots":{"index":"index","follow":"follow","max-snippet":"max-snippet:-1","max-image-preview":"max-image-preview:large","max-video-preview":"max-video-preview:-1"},"canonical":"https:\/\/www.ihbohemia.com\/de\/turistik-freizeit\/schwimm-brna\/","og_locale":"de_DE","og_type":"article","og_title":"Schwimm Brn\u00e1 - Interhotel Bohemia","og_description":"Schwimm Brn\u00e1 \u2013 Aussig an der Elbe ist idealer Ort f\u00fcr Sommer Erholung bei dem Wasser. Das Schwimmbad bietet Thermalbecken, Wasserrutschen, Beachvolleyball, Mimigolf und Restaurant an. Es ist geeignete Destination f\u00fcr Familien mit Kinder. Im Naturgebiet bei der Elbe in Aussig an der Elbe findet man Freizeitbecken mit Wasserrutsche, Kinderbecken, Swimmingpool oder Freizeitbad. Dank der [&hellip;]","og_url":"https:\/\/www.ihbohemia.com\/de\/turistik-freizeit\/schwimm-brna\/","og_site_name":"Interhotel Bohemia","article_modified_time":"2019-10-04T15:38:34+00:00","twitter_card":"summary_large_image","twitter_misc":{"Gesch\u00e4tzte Lesezeit":"1 Minute"},"schema":{"@context":"https:\/\/schema.org","@graph":[{"@type":"WebPage","@id":"https:\/\/www.ihbohemia.com\/de\/turistik-freizeit\/schwimm-brna\/","url":"https:\/\/www.ihbohemia.com\/de\/turistik-freizeit\/schwimm-brna\/","name":"Schwimm Brn\u00e1 - Interhotel Bohemia","isPartOf":{"@id":"https:\/\/www.ihbohemia.com\/de\/#website"},"datePublished":"2019-09-05T13:56:09+00:00","dateModified":"2019-10-04T15:38:34+00:00","breadcrumb":{"@id":"https:\/\/www.ihbohemia.com\/de\/turistik-freizeit\/schwimm-brna\/#breadcrumb"},"inLanguage":"de-DE","potentialAction":[{"@type":"ReadAction","target":["https:\/\/www.ihbohemia.com\/de\/turistik-freizeit\/schwimm-brna\/"]}]},{"@type":"BreadcrumbList","@id":"https:\/\/www.ihbohemia.com\/de\/turistik-freizeit\/schwimm-brna\/#breadcrumb","itemListElement":[{"@type":"ListItem","position":1,"name":"Home","item":"https:\/\/www.ihbohemia.com\/de\/"},{"@type":"ListItem","position":2,"name":"Turistik \/ Freizeit","item":"https:\/\/www.ihbohemia.com\/de\/turistik-freizeit\/"},{"@type":"ListItem","position":3,"name":"Schwimm Brn\u00e1"}]},{"@type":"WebSite","@id":"https:\/\/www.ihbohemia.com\/de\/#website","url":"https:\/\/www.ihbohemia.com\/de\/","name":"Interhotel Bohemia","description":"Just another ms.decms.eu site","potentialAction":[{"@type":"SearchAction","target":{"@type":"EntryPoint","urlTemplate":"https:\/\/www.ihbohemia.com\/de\/?s={search_term_string}"},"query-input":{"@type":"PropertyValueSpecification","valueRequired":true,"valueName":"search_term_string"}}],"inLanguage":"de-DE"}]}},"acf":[],"_links":{"self":[{"href":"https:\/\/www.ihbohemia.com\/de\/wp-json\/wp\/v2\/pages\/780","targetHints":{"allow":["GET"]}}],"collection":[{"href":"https:\/\/www.ihbohemia.com\/de\/wp-json\/wp\/v2\/pages"}],"about":[{"href":"https:\/\/www.ihbohemia.com\/de\/wp-json\/wp\/v2\/types\/page"}],"author":[{"embeddable":true,"href":"https:\/\/www.ihbohemia.com\/de\/wp-json\/wp\/v2\/users\/4"}],"replies":[{"embeddable":true,"href":"https:\/\/www.ihbohemia.com\/de\/wp-json\/wp\/v2\/comments?post=780"}],"version-history":[{"count":0,"href":"https:\/\/www.ihbohemia.com\/de\/wp-json\/wp\/v2\/pages\/780\/revisions"}],"up":[{"embeddable":true,"href":"https:\/\/www.ihbohemia.com\/de\/wp-json\/wp\/v2\/pages\/414"}],"wp:attachment":[{"href":"https:\/\/www.ihbohemia.com\/de\/wp-json\/wp\/v2\/media?parent=780"}],"curies":[{"name":"wp","href":"https:\/\/api.w.org\/{rel}","templated":true}]}}