{"id":772,"date":"2019-08-19T09:42:02","date_gmt":"2019-08-19T09:42:02","guid":{"rendered":"http:\/\/interhotelbohemia.ms.decms.eu\/?page_id=772"},"modified":"2019-09-09T10:31:31","modified_gmt":"2019-09-09T10:31:31","slug":"moskito-turm","status":"publish","type":"page","link":"https:\/\/www.ihbohemia.com\/de\/turistik-freizeit\/moskito-turm\/","title":{"rendered":"Moskito-Turm"},"content":{"rendered":"<p>Tats\u00e4chlich realisiert wurde in den Jahren 1950 bis 1952 ein von Krupka-Bohosudov auf den Gipfel f\u00fchrende Doppelsesselbahn nach dem Schweizer System von Roll VR101, die mit 2348 Metern L\u00e4nge zur Zeit ihrer Errichtung die l\u00e4ngste Sesselbahn in Mitteleuropa war. Sie \u00fcberwindet einen H\u00f6henunterschied von 482 Metern. Sie ist die letzte in Betrieb befindliche Anlage ihrer Bauart in Europa.<\/p>\n<p><em><a href=\"http:\/\/www.krupka-mesto.cz\/lanova-draha\/ms-2445\/p1=2445\/\" target=\"_blank\" rel=\"noopener noreferrer\"><strong>Weitere Informationen auf der offiziellen Website&#8230;<\/strong><\/a><\/em><\/p>\n","protected":false},"excerpt":{"rendered":"<p>Tats\u00e4chlich realisiert wurde in den Jahren 1950 bis 1952 ein von Krupka-Bohosudov auf den Gipfel f\u00fchrende Doppelsesselbahn nach dem Schweizer System von Roll VR101, die mit 2348 Metern L\u00e4nge zur Zeit ihrer Errichtung die l\u00e4ngste Sesselbahn in Mitteleuropa war. Sie \u00fcberwindet einen H\u00f6henunterschied von 482 Metern. Sie ist die letzte in Betrieb befindliche Anlage ihrer [&hellip;]<\/p>\n","protected":false},"author":4,"featured_media":0,"parent":414,"menu_order":100,"comment_status":"closed","ping_status":"closed","template":"","meta":{"footnotes":""},"class_list":["post-772","page","type-page","status-publish","hentry"],"yoast_head":"<!-- This site is optimized with the Yoast SEO plugin v26.9 - https:\/\/yoast.com\/product\/yoast-seo-wordpress\/ -->\n<title>Moskito-Turm - Interhotel Bohemia<\/title>\n<meta name=\"robots\" content=\"index, follow, max-snippet:-1, max-image-preview:large, max-video-preview:-1\" \/>\n<link rel=\"canonical\" href=\"https:\/\/www.ihbohemia.com\/de\/turistik-freizeit\/moskito-turm\/\" \/>\n<meta property=\"og:locale\" content=\"de_DE\" \/>\n<meta property=\"og:type\" content=\"article\" \/>\n<meta property=\"og:title\" content=\"Moskito-Turm - Interhotel Bohemia\" \/>\n<meta property=\"og:description\" content=\"Tats\u00e4chlich realisiert wurde in den Jahren 1950 bis 1952 ein von Krupka-Bohosudov auf den Gipfel f\u00fchrende Doppelsesselbahn nach dem Schweizer System von Roll VR101, die mit 2348 Metern L\u00e4nge zur Zeit ihrer Errichtung die l\u00e4ngste Sesselbahn in Mitteleuropa war. Sie \u00fcberwindet einen H\u00f6henunterschied von 482 Metern. Sie ist die letzte in Betrieb befindliche Anlage ihrer [&hellip;]\" \/>\n<meta property=\"og:url\" content=\"https:\/\/www.ihbohemia.com\/de\/turistik-freizeit\/moskito-turm\/\" \/>\n<meta property=\"og:site_name\" content=\"Interhotel Bohemia\" \/>\n<meta property=\"article:modified_time\" content=\"2019-09-09T10:31:31+00:00\" \/>\n<meta name=\"twitter:card\" content=\"summary_large_image\" \/>\n<script type=\"application\/ld+json\" class=\"yoast-schema-graph\">{\"@context\":\"https:\/\/schema.org\",\"@graph\":[{\"@type\":\"WebPage\",\"@id\":\"https:\/\/www.ihbohemia.com\/de\/turistik-freizeit\/moskito-turm\/\",\"url\":\"https:\/\/www.ihbohemia.com\/de\/turistik-freizeit\/moskito-turm\/\",\"name\":\"Moskito-Turm - Interhotel Bohemia\",\"isPartOf\":{\"@id\":\"https:\/\/www.ihbohemia.com\/de\/#website\"},\"datePublished\":\"2019-08-19T09:42:02+00:00\",\"dateModified\":\"2019-09-09T10:31:31+00:00\",\"breadcrumb\":{\"@id\":\"https:\/\/www.ihbohemia.com\/de\/turistik-freizeit\/moskito-turm\/#breadcrumb\"},\"inLanguage\":\"de-DE\",\"potentialAction\":[{\"@type\":\"ReadAction\",\"target\":[\"https:\/\/www.ihbohemia.com\/de\/turistik-freizeit\/moskito-turm\/\"]}]},{\"@type\":\"BreadcrumbList\",\"@id\":\"https:\/\/www.ihbohemia.com\/de\/turistik-freizeit\/moskito-turm\/#breadcrumb\",\"itemListElement\":[{\"@type\":\"ListItem\",\"position\":1,\"name\":\"Home\",\"item\":\"https:\/\/www.ihbohemia.com\/de\/\"},{\"@type\":\"ListItem\",\"position\":2,\"name\":\"Turistik \/ Freizeit\",\"item\":\"https:\/\/www.ihbohemia.com\/de\/turistik-freizeit\/\"},{\"@type\":\"ListItem\",\"position\":3,\"name\":\"Moskito-Turm\"}]},{\"@type\":\"WebSite\",\"@id\":\"https:\/\/www.ihbohemia.com\/de\/#website\",\"url\":\"https:\/\/www.ihbohemia.com\/de\/\",\"name\":\"Interhotel Bohemia\",\"description\":\"Just another ms.decms.eu site\",\"potentialAction\":[{\"@type\":\"SearchAction\",\"target\":{\"@type\":\"EntryPoint\",\"urlTemplate\":\"https:\/\/www.ihbohemia.com\/de\/?s={search_term_string}\"},\"query-input\":{\"@type\":\"PropertyValueSpecification\",\"valueRequired\":true,\"valueName\":\"search_term_string\"}}],\"inLanguage\":\"de-DE\"}]}<\/script>\n<!-- \/ Yoast SEO plugin. -->","yoast_head_json":{"title":"Moskito-Turm - Interhotel Bohemia","robots":{"index":"index","follow":"follow","max-snippet":"max-snippet:-1","max-image-preview":"max-image-preview:large","max-video-preview":"max-video-preview:-1"},"canonical":"https:\/\/www.ihbohemia.com\/de\/turistik-freizeit\/moskito-turm\/","og_locale":"de_DE","og_type":"article","og_title":"Moskito-Turm - Interhotel Bohemia","og_description":"Tats\u00e4chlich realisiert wurde in den Jahren 1950 bis 1952 ein von Krupka-Bohosudov auf den Gipfel f\u00fchrende Doppelsesselbahn nach dem Schweizer System von Roll VR101, die mit 2348 Metern L\u00e4nge zur Zeit ihrer Errichtung die l\u00e4ngste Sesselbahn in Mitteleuropa war. Sie \u00fcberwindet einen H\u00f6henunterschied von 482 Metern. Sie ist die letzte in Betrieb befindliche Anlage ihrer [&hellip;]","og_url":"https:\/\/www.ihbohemia.com\/de\/turistik-freizeit\/moskito-turm\/","og_site_name":"Interhotel Bohemia","article_modified_time":"2019-09-09T10:31:31+00:00","twitter_card":"summary_large_image","schema":{"@context":"https:\/\/schema.org","@graph":[{"@type":"WebPage","@id":"https:\/\/www.ihbohemia.com\/de\/turistik-freizeit\/moskito-turm\/","url":"https:\/\/www.ihbohemia.com\/de\/turistik-freizeit\/moskito-turm\/","name":"Moskito-Turm - Interhotel Bohemia","isPartOf":{"@id":"https:\/\/www.ihbohemia.com\/de\/#website"},"datePublished":"2019-08-19T09:42:02+00:00","dateModified":"2019-09-09T10:31:31+00:00","breadcrumb":{"@id":"https:\/\/www.ihbohemia.com\/de\/turistik-freizeit\/moskito-turm\/#breadcrumb"},"inLanguage":"de-DE","potentialAction":[{"@type":"ReadAction","target":["https:\/\/www.ihbohemia.com\/de\/turistik-freizeit\/moskito-turm\/"]}]},{"@type":"BreadcrumbList","@id":"https:\/\/www.ihbohemia.com\/de\/turistik-freizeit\/moskito-turm\/#breadcrumb","itemListElement":[{"@type":"ListItem","position":1,"name":"Home","item":"https:\/\/www.ihbohemia.com\/de\/"},{"@type":"ListItem","position":2,"name":"Turistik \/ Freizeit","item":"https:\/\/www.ihbohemia.com\/de\/turistik-freizeit\/"},{"@type":"ListItem","position":3,"name":"Moskito-Turm"}]},{"@type":"WebSite","@id":"https:\/\/www.ihbohemia.com\/de\/#website","url":"https:\/\/www.ihbohemia.com\/de\/","name":"Interhotel Bohemia","description":"Just another ms.decms.eu site","potentialAction":[{"@type":"SearchAction","target":{"@type":"EntryPoint","urlTemplate":"https:\/\/www.ihbohemia.com\/de\/?s={search_term_string}"},"query-input":{"@type":"PropertyValueSpecification","valueRequired":true,"valueName":"search_term_string"}}],"inLanguage":"de-DE"}]}},"acf":[],"_links":{"self":[{"href":"https:\/\/www.ihbohemia.com\/de\/wp-json\/wp\/v2\/pages\/772","targetHints":{"allow":["GET"]}}],"collection":[{"href":"https:\/\/www.ihbohemia.com\/de\/wp-json\/wp\/v2\/pages"}],"about":[{"href":"https:\/\/www.ihbohemia.com\/de\/wp-json\/wp\/v2\/types\/page"}],"author":[{"embeddable":true,"href":"https:\/\/www.ihbohemia.com\/de\/wp-json\/wp\/v2\/users\/4"}],"replies":[{"embeddable":true,"href":"https:\/\/www.ihbohemia.com\/de\/wp-json\/wp\/v2\/comments?post=772"}],"version-history":[{"count":0,"href":"https:\/\/www.ihbohemia.com\/de\/wp-json\/wp\/v2\/pages\/772\/revisions"}],"up":[{"embeddable":true,"href":"https:\/\/www.ihbohemia.com\/de\/wp-json\/wp\/v2\/pages\/414"}],"wp:attachment":[{"href":"https:\/\/www.ihbohemia.com\/de\/wp-json\/wp\/v2\/media?parent=772"}],"curies":[{"name":"wp","href":"https:\/\/api.w.org\/{rel}","templated":true}]}}