{"id":426,"date":"2019-07-24T14:07:57","date_gmt":"2019-07-24T14:07:57","guid":{"rendered":"http:\/\/interhotelbohemia.ms.decms.eu\/?page_id=426"},"modified":"2019-10-07T09:59:09","modified_gmt":"2019-10-07T09:59:09","slug":"geschaeftszentrum-forum-seilbahn","status":"publish","type":"page","link":"https:\/\/www.ihbohemia.com\/de\/turistik-freizeit\/geschaeftszentrum-forum-seilbahn\/","title":{"rendered":"Gesch\u00e4ftszentrum Forum &#8211; Seilbahn"},"content":{"rendered":"<p>Au\u00dferdem, dass direkt unter dem Interhotel Bohemia das\u00a0 <strong>Gesch\u00e4ftszentrum Bohemia<\/strong> (Zugeh\u00f6rigkeit zum Hotel) sich befindet, die Hotelbesucher haben M\u00f6glichkeit in gegen\u00fcberliegendes gro\u03b2es Gesch\u00e4ftszentrum Forum einkehren, wo finden sie viele Gesch\u00e4fte und Servicen. Aus dem\u00a0 Gesch\u00e4ftszentrum Forum f\u00fchrt kurzer Seilbahn auf Aussichtsturm V\u011btru\u0161e.<\/p>\n<p>Dieser Seilbahn wurde n\u00e4chste Atraktion, die Touristen beliebte haben. Nach dem Aufstehen mit dem Seilbahn auf V\u011btru\u0161e darbietet sich den Besucher sehr sch\u00f6ne Aussicht auf Stadt und ihrer Zentrum (einschlie\u00dflich Interhotel Bohemia).<\/p>\n<p><em><a href=\"http:\/\/www.forumustinadlabem.cz\/en\" target=\"_blank\" rel=\"noopener noreferrer\"><strong>Weitere Informationen auf der offiziellen Website&#8230;<\/strong><\/a><br \/>\n<\/em><\/p>\n","protected":false},"excerpt":{"rendered":"<p>Au\u00dferdem, dass direkt unter dem Interhotel Bohemia das\u00a0 Gesch\u00e4ftszentrum Bohemia (Zugeh\u00f6rigkeit zum Hotel) sich befindet, die Hotelbesucher haben M\u00f6glichkeit in gegen\u00fcberliegendes gro\u03b2es Gesch\u00e4ftszentrum Forum einkehren, wo finden sie viele Gesch\u00e4fte und Servicen. Aus dem\u00a0 Gesch\u00e4ftszentrum Forum f\u00fchrt kurzer Seilbahn auf Aussichtsturm V\u011btru\u0161e. Dieser Seilbahn wurde n\u00e4chste Atraktion, die Touristen beliebte haben. Nach dem Aufstehen mit [&hellip;]<\/p>\n","protected":false},"author":4,"featured_media":0,"parent":414,"menu_order":110,"comment_status":"closed","ping_status":"closed","template":"","meta":{"footnotes":""},"class_list":["post-426","page","type-page","status-publish","hentry"],"yoast_head":"<!-- This site is optimized with the Yoast SEO plugin v26.9 - https:\/\/yoast.com\/product\/yoast-seo-wordpress\/ -->\n<title>Gesch\u00e4ftszentrum Forum - Seilbahn - Interhotel Bohemia<\/title>\n<meta name=\"robots\" content=\"index, follow, max-snippet:-1, max-image-preview:large, max-video-preview:-1\" \/>\n<link rel=\"canonical\" href=\"https:\/\/www.ihbohemia.com\/de\/turistik-freizeit\/geschaeftszentrum-forum-seilbahn\/\" \/>\n<meta property=\"og:locale\" content=\"de_DE\" \/>\n<meta property=\"og:type\" content=\"article\" \/>\n<meta property=\"og:title\" content=\"Gesch\u00e4ftszentrum Forum - Seilbahn - Interhotel Bohemia\" \/>\n<meta property=\"og:description\" content=\"Au\u00dferdem, dass direkt unter dem Interhotel Bohemia das\u00a0 Gesch\u00e4ftszentrum Bohemia (Zugeh\u00f6rigkeit zum Hotel) sich befindet, die Hotelbesucher haben M\u00f6glichkeit in gegen\u00fcberliegendes gro\u03b2es Gesch\u00e4ftszentrum Forum einkehren, wo finden sie viele Gesch\u00e4fte und Servicen. Aus dem\u00a0 Gesch\u00e4ftszentrum Forum f\u00fchrt kurzer Seilbahn auf Aussichtsturm V\u011btru\u0161e. Dieser Seilbahn wurde n\u00e4chste Atraktion, die Touristen beliebte haben. Nach dem Aufstehen mit [&hellip;]\" \/>\n<meta property=\"og:url\" content=\"https:\/\/www.ihbohemia.com\/de\/turistik-freizeit\/geschaeftszentrum-forum-seilbahn\/\" \/>\n<meta property=\"og:site_name\" content=\"Interhotel Bohemia\" \/>\n<meta property=\"article:modified_time\" content=\"2019-10-07T09:59:09+00:00\" \/>\n<meta name=\"twitter:card\" content=\"summary_large_image\" \/>\n<script type=\"application\/ld+json\" class=\"yoast-schema-graph\">{\"@context\":\"https:\/\/schema.org\",\"@graph\":[{\"@type\":\"WebPage\",\"@id\":\"https:\/\/www.ihbohemia.com\/de\/turistik-freizeit\/geschaeftszentrum-forum-seilbahn\/\",\"url\":\"https:\/\/www.ihbohemia.com\/de\/turistik-freizeit\/geschaeftszentrum-forum-seilbahn\/\",\"name\":\"Gesch\u00e4ftszentrum Forum - Seilbahn - Interhotel Bohemia\",\"isPartOf\":{\"@id\":\"https:\/\/www.ihbohemia.com\/de\/#website\"},\"datePublished\":\"2019-07-24T14:07:57+00:00\",\"dateModified\":\"2019-10-07T09:59:09+00:00\",\"breadcrumb\":{\"@id\":\"https:\/\/www.ihbohemia.com\/de\/turistik-freizeit\/geschaeftszentrum-forum-seilbahn\/#breadcrumb\"},\"inLanguage\":\"de-DE\",\"potentialAction\":[{\"@type\":\"ReadAction\",\"target\":[\"https:\/\/www.ihbohemia.com\/de\/turistik-freizeit\/geschaeftszentrum-forum-seilbahn\/\"]}]},{\"@type\":\"BreadcrumbList\",\"@id\":\"https:\/\/www.ihbohemia.com\/de\/turistik-freizeit\/geschaeftszentrum-forum-seilbahn\/#breadcrumb\",\"itemListElement\":[{\"@type\":\"ListItem\",\"position\":1,\"name\":\"Home\",\"item\":\"https:\/\/www.ihbohemia.com\/de\/\"},{\"@type\":\"ListItem\",\"position\":2,\"name\":\"Turistik \/ Freizeit\",\"item\":\"https:\/\/www.ihbohemia.com\/de\/turistik-freizeit\/\"},{\"@type\":\"ListItem\",\"position\":3,\"name\":\"Gesch\u00e4ftszentrum Forum &#8211; Seilbahn\"}]},{\"@type\":\"WebSite\",\"@id\":\"https:\/\/www.ihbohemia.com\/de\/#website\",\"url\":\"https:\/\/www.ihbohemia.com\/de\/\",\"name\":\"Interhotel Bohemia\",\"description\":\"Just another ms.decms.eu site\",\"potentialAction\":[{\"@type\":\"SearchAction\",\"target\":{\"@type\":\"EntryPoint\",\"urlTemplate\":\"https:\/\/www.ihbohemia.com\/de\/?s={search_term_string}\"},\"query-input\":{\"@type\":\"PropertyValueSpecification\",\"valueRequired\":true,\"valueName\":\"search_term_string\"}}],\"inLanguage\":\"de-DE\"}]}<\/script>\n<!-- \/ Yoast SEO plugin. -->","yoast_head_json":{"title":"Gesch\u00e4ftszentrum Forum - Seilbahn - Interhotel Bohemia","robots":{"index":"index","follow":"follow","max-snippet":"max-snippet:-1","max-image-preview":"max-image-preview:large","max-video-preview":"max-video-preview:-1"},"canonical":"https:\/\/www.ihbohemia.com\/de\/turistik-freizeit\/geschaeftszentrum-forum-seilbahn\/","og_locale":"de_DE","og_type":"article","og_title":"Gesch\u00e4ftszentrum Forum - Seilbahn - Interhotel Bohemia","og_description":"Au\u00dferdem, dass direkt unter dem Interhotel Bohemia das\u00a0 Gesch\u00e4ftszentrum Bohemia (Zugeh\u00f6rigkeit zum Hotel) sich befindet, die Hotelbesucher haben M\u00f6glichkeit in gegen\u00fcberliegendes gro\u03b2es Gesch\u00e4ftszentrum Forum einkehren, wo finden sie viele Gesch\u00e4fte und Servicen. Aus dem\u00a0 Gesch\u00e4ftszentrum Forum f\u00fchrt kurzer Seilbahn auf Aussichtsturm V\u011btru\u0161e. Dieser Seilbahn wurde n\u00e4chste Atraktion, die Touristen beliebte haben. Nach dem Aufstehen mit [&hellip;]","og_url":"https:\/\/www.ihbohemia.com\/de\/turistik-freizeit\/geschaeftszentrum-forum-seilbahn\/","og_site_name":"Interhotel Bohemia","article_modified_time":"2019-10-07T09:59:09+00:00","twitter_card":"summary_large_image","schema":{"@context":"https:\/\/schema.org","@graph":[{"@type":"WebPage","@id":"https:\/\/www.ihbohemia.com\/de\/turistik-freizeit\/geschaeftszentrum-forum-seilbahn\/","url":"https:\/\/www.ihbohemia.com\/de\/turistik-freizeit\/geschaeftszentrum-forum-seilbahn\/","name":"Gesch\u00e4ftszentrum Forum - Seilbahn - Interhotel Bohemia","isPartOf":{"@id":"https:\/\/www.ihbohemia.com\/de\/#website"},"datePublished":"2019-07-24T14:07:57+00:00","dateModified":"2019-10-07T09:59:09+00:00","breadcrumb":{"@id":"https:\/\/www.ihbohemia.com\/de\/turistik-freizeit\/geschaeftszentrum-forum-seilbahn\/#breadcrumb"},"inLanguage":"de-DE","potentialAction":[{"@type":"ReadAction","target":["https:\/\/www.ihbohemia.com\/de\/turistik-freizeit\/geschaeftszentrum-forum-seilbahn\/"]}]},{"@type":"BreadcrumbList","@id":"https:\/\/www.ihbohemia.com\/de\/turistik-freizeit\/geschaeftszentrum-forum-seilbahn\/#breadcrumb","itemListElement":[{"@type":"ListItem","position":1,"name":"Home","item":"https:\/\/www.ihbohemia.com\/de\/"},{"@type":"ListItem","position":2,"name":"Turistik \/ Freizeit","item":"https:\/\/www.ihbohemia.com\/de\/turistik-freizeit\/"},{"@type":"ListItem","position":3,"name":"Gesch\u00e4ftszentrum Forum &#8211; Seilbahn"}]},{"@type":"WebSite","@id":"https:\/\/www.ihbohemia.com\/de\/#website","url":"https:\/\/www.ihbohemia.com\/de\/","name":"Interhotel Bohemia","description":"Just another ms.decms.eu site","potentialAction":[{"@type":"SearchAction","target":{"@type":"EntryPoint","urlTemplate":"https:\/\/www.ihbohemia.com\/de\/?s={search_term_string}"},"query-input":{"@type":"PropertyValueSpecification","valueRequired":true,"valueName":"search_term_string"}}],"inLanguage":"de-DE"}]}},"acf":[],"_links":{"self":[{"href":"https:\/\/www.ihbohemia.com\/de\/wp-json\/wp\/v2\/pages\/426","targetHints":{"allow":["GET"]}}],"collection":[{"href":"https:\/\/www.ihbohemia.com\/de\/wp-json\/wp\/v2\/pages"}],"about":[{"href":"https:\/\/www.ihbohemia.com\/de\/wp-json\/wp\/v2\/types\/page"}],"author":[{"embeddable":true,"href":"https:\/\/www.ihbohemia.com\/de\/wp-json\/wp\/v2\/users\/4"}],"replies":[{"embeddable":true,"href":"https:\/\/www.ihbohemia.com\/de\/wp-json\/wp\/v2\/comments?post=426"}],"version-history":[{"count":0,"href":"https:\/\/www.ihbohemia.com\/de\/wp-json\/wp\/v2\/pages\/426\/revisions"}],"up":[{"embeddable":true,"href":"https:\/\/www.ihbohemia.com\/de\/wp-json\/wp\/v2\/pages\/414"}],"wp:attachment":[{"href":"https:\/\/www.ihbohemia.com\/de\/wp-json\/wp\/v2\/media?parent=426"}],"curies":[{"name":"wp","href":"https:\/\/api.w.org\/{rel}","templated":true}]}}