{"id":425,"date":"2019-07-24T14:06:40","date_gmt":"2019-07-24T14:06:40","guid":{"rendered":"http:\/\/interhotelbohemia.ms.decms.eu\/?page_id=425"},"modified":"2019-10-04T15:39:08","modified_gmt":"2019-10-04T15:39:08","slug":"schloss-ploskovice","status":"publish","type":"page","link":"https:\/\/www.ihbohemia.com\/de\/turistik-freizeit\/schloss-ploskovice\/","title":{"rendered":"Schloss Ploskovice"},"content":{"rendered":"<p>Ein nach einem Entwurf des Barockbaumeisters Dientzenhofer erbautes romantisches Schloss. Das heutige Aussehen des Schlosses in Ploskovice stammt aus der 2. H\u00e4lfte des 19. Jahrhunderts. Das Schloss ist heute \u00f6ffentlich zug\u00e4nglich, und w\u00e4hrend der Besichtigung kann man die zeitgen\u00f6ssische Inneneinrichtung mit dem Mobiliar aus der 2. H\u00e4lfte des 19. Jahrhunderts bewundern.<\/p>\n<p><em><a href=\"https:\/\/www.zamek-ploskovice.cz\/en\/\" target=\"_blank\" rel=\"noopener noreferrer\"><strong>Weitere Informationen auf der offiziellen Website&#8230;<\/strong><\/a><\/em><\/p>\n","protected":false},"excerpt":{"rendered":"<p>Ein nach einem Entwurf des Barockbaumeisters Dientzenhofer erbautes romantisches Schloss. Das heutige Aussehen des Schlosses in Ploskovice stammt aus der 2. H\u00e4lfte des 19. Jahrhunderts. Das Schloss ist heute \u00f6ffentlich zug\u00e4nglich, und w\u00e4hrend der Besichtigung kann man die zeitgen\u00f6ssische Inneneinrichtung mit dem Mobiliar aus der 2. H\u00e4lfte des 19. Jahrhunderts bewundern. Weitere Informationen auf der [&hellip;]<\/p>\n","protected":false},"author":4,"featured_media":0,"parent":414,"menu_order":90,"comment_status":"closed","ping_status":"closed","template":"","meta":{"footnotes":""},"class_list":["post-425","page","type-page","status-publish","hentry"],"yoast_head":"<!-- This site is optimized with the Yoast SEO plugin v26.9 - https:\/\/yoast.com\/product\/yoast-seo-wordpress\/ -->\n<title>Schloss Ploskovice - Interhotel Bohemia<\/title>\n<meta name=\"robots\" content=\"index, follow, max-snippet:-1, max-image-preview:large, max-video-preview:-1\" \/>\n<link rel=\"canonical\" href=\"https:\/\/www.ihbohemia.com\/de\/turistik-freizeit\/schloss-ploskovice\/\" \/>\n<meta property=\"og:locale\" content=\"de_DE\" \/>\n<meta property=\"og:type\" content=\"article\" \/>\n<meta property=\"og:title\" content=\"Schloss Ploskovice - Interhotel Bohemia\" \/>\n<meta property=\"og:description\" content=\"Ein nach einem Entwurf des Barockbaumeisters Dientzenhofer erbautes romantisches Schloss. Das heutige Aussehen des Schlosses in Ploskovice stammt aus der 2. H\u00e4lfte des 19. Jahrhunderts. Das Schloss ist heute \u00f6ffentlich zug\u00e4nglich, und w\u00e4hrend der Besichtigung kann man die zeitgen\u00f6ssische Inneneinrichtung mit dem Mobiliar aus der 2. H\u00e4lfte des 19. Jahrhunderts bewundern. Weitere Informationen auf der [&hellip;]\" \/>\n<meta property=\"og:url\" content=\"https:\/\/www.ihbohemia.com\/de\/turistik-freizeit\/schloss-ploskovice\/\" \/>\n<meta property=\"og:site_name\" content=\"Interhotel Bohemia\" \/>\n<meta property=\"article:modified_time\" content=\"2019-10-04T15:39:08+00:00\" \/>\n<meta name=\"twitter:card\" content=\"summary_large_image\" \/>\n<script type=\"application\/ld+json\" class=\"yoast-schema-graph\">{\"@context\":\"https:\/\/schema.org\",\"@graph\":[{\"@type\":\"WebPage\",\"@id\":\"https:\/\/www.ihbohemia.com\/de\/turistik-freizeit\/schloss-ploskovice\/\",\"url\":\"https:\/\/www.ihbohemia.com\/de\/turistik-freizeit\/schloss-ploskovice\/\",\"name\":\"Schloss Ploskovice - Interhotel Bohemia\",\"isPartOf\":{\"@id\":\"https:\/\/www.ihbohemia.com\/de\/#website\"},\"datePublished\":\"2019-07-24T14:06:40+00:00\",\"dateModified\":\"2019-10-04T15:39:08+00:00\",\"breadcrumb\":{\"@id\":\"https:\/\/www.ihbohemia.com\/de\/turistik-freizeit\/schloss-ploskovice\/#breadcrumb\"},\"inLanguage\":\"de-DE\",\"potentialAction\":[{\"@type\":\"ReadAction\",\"target\":[\"https:\/\/www.ihbohemia.com\/de\/turistik-freizeit\/schloss-ploskovice\/\"]}]},{\"@type\":\"BreadcrumbList\",\"@id\":\"https:\/\/www.ihbohemia.com\/de\/turistik-freizeit\/schloss-ploskovice\/#breadcrumb\",\"itemListElement\":[{\"@type\":\"ListItem\",\"position\":1,\"name\":\"Home\",\"item\":\"https:\/\/www.ihbohemia.com\/de\/\"},{\"@type\":\"ListItem\",\"position\":2,\"name\":\"Turistik \/ Freizeit\",\"item\":\"https:\/\/www.ihbohemia.com\/de\/turistik-freizeit\/\"},{\"@type\":\"ListItem\",\"position\":3,\"name\":\"Schloss Ploskovice\"}]},{\"@type\":\"WebSite\",\"@id\":\"https:\/\/www.ihbohemia.com\/de\/#website\",\"url\":\"https:\/\/www.ihbohemia.com\/de\/\",\"name\":\"Interhotel Bohemia\",\"description\":\"Just another ms.decms.eu site\",\"potentialAction\":[{\"@type\":\"SearchAction\",\"target\":{\"@type\":\"EntryPoint\",\"urlTemplate\":\"https:\/\/www.ihbohemia.com\/de\/?s={search_term_string}\"},\"query-input\":{\"@type\":\"PropertyValueSpecification\",\"valueRequired\":true,\"valueName\":\"search_term_string\"}}],\"inLanguage\":\"de-DE\"}]}<\/script>\n<!-- \/ Yoast SEO plugin. -->","yoast_head_json":{"title":"Schloss Ploskovice - Interhotel Bohemia","robots":{"index":"index","follow":"follow","max-snippet":"max-snippet:-1","max-image-preview":"max-image-preview:large","max-video-preview":"max-video-preview:-1"},"canonical":"https:\/\/www.ihbohemia.com\/de\/turistik-freizeit\/schloss-ploskovice\/","og_locale":"de_DE","og_type":"article","og_title":"Schloss Ploskovice - Interhotel Bohemia","og_description":"Ein nach einem Entwurf des Barockbaumeisters Dientzenhofer erbautes romantisches Schloss. Das heutige Aussehen des Schlosses in Ploskovice stammt aus der 2. H\u00e4lfte des 19. Jahrhunderts. Das Schloss ist heute \u00f6ffentlich zug\u00e4nglich, und w\u00e4hrend der Besichtigung kann man die zeitgen\u00f6ssische Inneneinrichtung mit dem Mobiliar aus der 2. H\u00e4lfte des 19. Jahrhunderts bewundern. Weitere Informationen auf der [&hellip;]","og_url":"https:\/\/www.ihbohemia.com\/de\/turistik-freizeit\/schloss-ploskovice\/","og_site_name":"Interhotel Bohemia","article_modified_time":"2019-10-04T15:39:08+00:00","twitter_card":"summary_large_image","schema":{"@context":"https:\/\/schema.org","@graph":[{"@type":"WebPage","@id":"https:\/\/www.ihbohemia.com\/de\/turistik-freizeit\/schloss-ploskovice\/","url":"https:\/\/www.ihbohemia.com\/de\/turistik-freizeit\/schloss-ploskovice\/","name":"Schloss Ploskovice - Interhotel Bohemia","isPartOf":{"@id":"https:\/\/www.ihbohemia.com\/de\/#website"},"datePublished":"2019-07-24T14:06:40+00:00","dateModified":"2019-10-04T15:39:08+00:00","breadcrumb":{"@id":"https:\/\/www.ihbohemia.com\/de\/turistik-freizeit\/schloss-ploskovice\/#breadcrumb"},"inLanguage":"de-DE","potentialAction":[{"@type":"ReadAction","target":["https:\/\/www.ihbohemia.com\/de\/turistik-freizeit\/schloss-ploskovice\/"]}]},{"@type":"BreadcrumbList","@id":"https:\/\/www.ihbohemia.com\/de\/turistik-freizeit\/schloss-ploskovice\/#breadcrumb","itemListElement":[{"@type":"ListItem","position":1,"name":"Home","item":"https:\/\/www.ihbohemia.com\/de\/"},{"@type":"ListItem","position":2,"name":"Turistik \/ Freizeit","item":"https:\/\/www.ihbohemia.com\/de\/turistik-freizeit\/"},{"@type":"ListItem","position":3,"name":"Schloss Ploskovice"}]},{"@type":"WebSite","@id":"https:\/\/www.ihbohemia.com\/de\/#website","url":"https:\/\/www.ihbohemia.com\/de\/","name":"Interhotel Bohemia","description":"Just another ms.decms.eu site","potentialAction":[{"@type":"SearchAction","target":{"@type":"EntryPoint","urlTemplate":"https:\/\/www.ihbohemia.com\/de\/?s={search_term_string}"},"query-input":{"@type":"PropertyValueSpecification","valueRequired":true,"valueName":"search_term_string"}}],"inLanguage":"de-DE"}]}},"acf":[],"_links":{"self":[{"href":"https:\/\/www.ihbohemia.com\/de\/wp-json\/wp\/v2\/pages\/425","targetHints":{"allow":["GET"]}}],"collection":[{"href":"https:\/\/www.ihbohemia.com\/de\/wp-json\/wp\/v2\/pages"}],"about":[{"href":"https:\/\/www.ihbohemia.com\/de\/wp-json\/wp\/v2\/types\/page"}],"author":[{"embeddable":true,"href":"https:\/\/www.ihbohemia.com\/de\/wp-json\/wp\/v2\/users\/4"}],"replies":[{"embeddable":true,"href":"https:\/\/www.ihbohemia.com\/de\/wp-json\/wp\/v2\/comments?post=425"}],"version-history":[{"count":0,"href":"https:\/\/www.ihbohemia.com\/de\/wp-json\/wp\/v2\/pages\/425\/revisions"}],"up":[{"embeddable":true,"href":"https:\/\/www.ihbohemia.com\/de\/wp-json\/wp\/v2\/pages\/414"}],"wp:attachment":[{"href":"https:\/\/www.ihbohemia.com\/de\/wp-json\/wp\/v2\/media?parent=425"}],"curies":[{"name":"wp","href":"https:\/\/api.w.org\/{rel}","templated":true}]}}