{"id":424,"date":"2019-07-24T14:05:21","date_gmt":"2019-07-24T14:05:21","guid":{"rendered":"http:\/\/interhotelbohemia.ms.decms.eu\/?page_id=424"},"modified":"2019-10-04T15:38:03","modified_gmt":"2019-10-04T15:38:03","slug":"fahrradwege","status":"publish","type":"page","link":"https:\/\/www.ihbohemia.com\/de\/turistik-freizeit\/fahrradwege\/","title":{"rendered":"Fahrradwege"},"content":{"rendered":"<p>Im Aussiger Region befinden sich vier haupt Fahrradwege:<\/p>\n<ul>\n<li>Erzgebirge Arterie<\/li>\n<li>Fahrradwege Oh\u0159e<\/li>\n<li>Fahrradwege Plou\u010dnice<\/li>\n<li>Elbe-Trail<\/li>\n<\/ul>\n<p>Elbe-Trail l\u00e4uft auch Aussig an der Elbe durch und sie ist sehr beliebter Ort lokale und ausl\u00e4ndische Radfahren. Im Region f\u00fchrt durch D\u00f6rfer Doln\u00ed \u017dleb, D\u011b\u010d\u00edn, Velk\u00e9 B\u0159ezno, Aussig an der Elbe, Libochovany, Litom\u011b\u0159ice, Roudnice nad Labem und \u0160t\u011bt\u00ed. Diese Fahrradwege f\u00fchrt entlang der Elbe von ihrem Quelle bis nach Deutschland. Fahrradwege ist geeignet f\u00fcr Rennr\u00e4der.<\/p>\n<p><em><strong><a href=\"https:\/\/www.fietsen-elbe.nl\/\" target=\"_blank\" rel=\"noopener noreferrer\">Weitere Informationen auf der offiziellen Website&#8230;<\/a><\/strong><\/em><\/p>\n","protected":false},"excerpt":{"rendered":"<p>Im Aussiger Region befinden sich vier haupt Fahrradwege: Erzgebirge Arterie Fahrradwege Oh\u0159e Fahrradwege Plou\u010dnice Elbe-Trail Elbe-Trail l\u00e4uft auch Aussig an der Elbe durch und sie ist sehr beliebter Ort lokale und ausl\u00e4ndische Radfahren. Im Region f\u00fchrt durch D\u00f6rfer Doln\u00ed \u017dleb, D\u011b\u010d\u00edn, Velk\u00e9 B\u0159ezno, Aussig an der Elbe, Libochovany, Litom\u011b\u0159ice, Roudnice nad Labem und \u0160t\u011bt\u00ed. Diese [&hellip;]<\/p>\n","protected":false},"author":4,"featured_media":0,"parent":414,"menu_order":80,"comment_status":"closed","ping_status":"closed","template":"","meta":{"footnotes":""},"class_list":["post-424","page","type-page","status-publish","hentry"],"yoast_head":"<!-- This site is optimized with the Yoast SEO plugin v26.9 - https:\/\/yoast.com\/product\/yoast-seo-wordpress\/ -->\n<title>Fahrradwege - Interhotel Bohemia<\/title>\n<meta name=\"robots\" content=\"index, follow, max-snippet:-1, max-image-preview:large, max-video-preview:-1\" \/>\n<link rel=\"canonical\" href=\"https:\/\/www.ihbohemia.com\/de\/turistik-freizeit\/fahrradwege\/\" \/>\n<meta property=\"og:locale\" content=\"de_DE\" \/>\n<meta property=\"og:type\" content=\"article\" \/>\n<meta property=\"og:title\" content=\"Fahrradwege - Interhotel Bohemia\" \/>\n<meta property=\"og:description\" content=\"Im Aussiger Region befinden sich vier haupt Fahrradwege: Erzgebirge Arterie Fahrradwege Oh\u0159e Fahrradwege Plou\u010dnice Elbe-Trail Elbe-Trail l\u00e4uft auch Aussig an der Elbe durch und sie ist sehr beliebter Ort lokale und ausl\u00e4ndische Radfahren. Im Region f\u00fchrt durch D\u00f6rfer Doln\u00ed \u017dleb, D\u011b\u010d\u00edn, Velk\u00e9 B\u0159ezno, Aussig an der Elbe, Libochovany, Litom\u011b\u0159ice, Roudnice nad Labem und \u0160t\u011bt\u00ed. Diese [&hellip;]\" \/>\n<meta property=\"og:url\" content=\"https:\/\/www.ihbohemia.com\/de\/turistik-freizeit\/fahrradwege\/\" \/>\n<meta property=\"og:site_name\" content=\"Interhotel Bohemia\" \/>\n<meta property=\"article:modified_time\" content=\"2019-10-04T15:38:03+00:00\" \/>\n<meta name=\"twitter:card\" content=\"summary_large_image\" \/>\n<script type=\"application\/ld+json\" class=\"yoast-schema-graph\">{\"@context\":\"https:\/\/schema.org\",\"@graph\":[{\"@type\":\"WebPage\",\"@id\":\"https:\/\/www.ihbohemia.com\/de\/turistik-freizeit\/fahrradwege\/\",\"url\":\"https:\/\/www.ihbohemia.com\/de\/turistik-freizeit\/fahrradwege\/\",\"name\":\"Fahrradwege - Interhotel Bohemia\",\"isPartOf\":{\"@id\":\"https:\/\/www.ihbohemia.com\/de\/#website\"},\"datePublished\":\"2019-07-24T14:05:21+00:00\",\"dateModified\":\"2019-10-04T15:38:03+00:00\",\"breadcrumb\":{\"@id\":\"https:\/\/www.ihbohemia.com\/de\/turistik-freizeit\/fahrradwege\/#breadcrumb\"},\"inLanguage\":\"de-DE\",\"potentialAction\":[{\"@type\":\"ReadAction\",\"target\":[\"https:\/\/www.ihbohemia.com\/de\/turistik-freizeit\/fahrradwege\/\"]}]},{\"@type\":\"BreadcrumbList\",\"@id\":\"https:\/\/www.ihbohemia.com\/de\/turistik-freizeit\/fahrradwege\/#breadcrumb\",\"itemListElement\":[{\"@type\":\"ListItem\",\"position\":1,\"name\":\"Home\",\"item\":\"https:\/\/www.ihbohemia.com\/de\/\"},{\"@type\":\"ListItem\",\"position\":2,\"name\":\"Turistik \/ Freizeit\",\"item\":\"https:\/\/www.ihbohemia.com\/de\/turistik-freizeit\/\"},{\"@type\":\"ListItem\",\"position\":3,\"name\":\"Fahrradwege\"}]},{\"@type\":\"WebSite\",\"@id\":\"https:\/\/www.ihbohemia.com\/de\/#website\",\"url\":\"https:\/\/www.ihbohemia.com\/de\/\",\"name\":\"Interhotel Bohemia\",\"description\":\"Just another ms.decms.eu site\",\"potentialAction\":[{\"@type\":\"SearchAction\",\"target\":{\"@type\":\"EntryPoint\",\"urlTemplate\":\"https:\/\/www.ihbohemia.com\/de\/?s={search_term_string}\"},\"query-input\":{\"@type\":\"PropertyValueSpecification\",\"valueRequired\":true,\"valueName\":\"search_term_string\"}}],\"inLanguage\":\"de-DE\"}]}<\/script>\n<!-- \/ Yoast SEO plugin. -->","yoast_head_json":{"title":"Fahrradwege - Interhotel Bohemia","robots":{"index":"index","follow":"follow","max-snippet":"max-snippet:-1","max-image-preview":"max-image-preview:large","max-video-preview":"max-video-preview:-1"},"canonical":"https:\/\/www.ihbohemia.com\/de\/turistik-freizeit\/fahrradwege\/","og_locale":"de_DE","og_type":"article","og_title":"Fahrradwege - Interhotel Bohemia","og_description":"Im Aussiger Region befinden sich vier haupt Fahrradwege: Erzgebirge Arterie Fahrradwege Oh\u0159e Fahrradwege Plou\u010dnice Elbe-Trail Elbe-Trail l\u00e4uft auch Aussig an der Elbe durch und sie ist sehr beliebter Ort lokale und ausl\u00e4ndische Radfahren. Im Region f\u00fchrt durch D\u00f6rfer Doln\u00ed \u017dleb, D\u011b\u010d\u00edn, Velk\u00e9 B\u0159ezno, Aussig an der Elbe, Libochovany, Litom\u011b\u0159ice, Roudnice nad Labem und \u0160t\u011bt\u00ed. Diese [&hellip;]","og_url":"https:\/\/www.ihbohemia.com\/de\/turistik-freizeit\/fahrradwege\/","og_site_name":"Interhotel Bohemia","article_modified_time":"2019-10-04T15:38:03+00:00","twitter_card":"summary_large_image","schema":{"@context":"https:\/\/schema.org","@graph":[{"@type":"WebPage","@id":"https:\/\/www.ihbohemia.com\/de\/turistik-freizeit\/fahrradwege\/","url":"https:\/\/www.ihbohemia.com\/de\/turistik-freizeit\/fahrradwege\/","name":"Fahrradwege - Interhotel Bohemia","isPartOf":{"@id":"https:\/\/www.ihbohemia.com\/de\/#website"},"datePublished":"2019-07-24T14:05:21+00:00","dateModified":"2019-10-04T15:38:03+00:00","breadcrumb":{"@id":"https:\/\/www.ihbohemia.com\/de\/turistik-freizeit\/fahrradwege\/#breadcrumb"},"inLanguage":"de-DE","potentialAction":[{"@type":"ReadAction","target":["https:\/\/www.ihbohemia.com\/de\/turistik-freizeit\/fahrradwege\/"]}]},{"@type":"BreadcrumbList","@id":"https:\/\/www.ihbohemia.com\/de\/turistik-freizeit\/fahrradwege\/#breadcrumb","itemListElement":[{"@type":"ListItem","position":1,"name":"Home","item":"https:\/\/www.ihbohemia.com\/de\/"},{"@type":"ListItem","position":2,"name":"Turistik \/ Freizeit","item":"https:\/\/www.ihbohemia.com\/de\/turistik-freizeit\/"},{"@type":"ListItem","position":3,"name":"Fahrradwege"}]},{"@type":"WebSite","@id":"https:\/\/www.ihbohemia.com\/de\/#website","url":"https:\/\/www.ihbohemia.com\/de\/","name":"Interhotel Bohemia","description":"Just another ms.decms.eu site","potentialAction":[{"@type":"SearchAction","target":{"@type":"EntryPoint","urlTemplate":"https:\/\/www.ihbohemia.com\/de\/?s={search_term_string}"},"query-input":{"@type":"PropertyValueSpecification","valueRequired":true,"valueName":"search_term_string"}}],"inLanguage":"de-DE"}]}},"acf":[],"_links":{"self":[{"href":"https:\/\/www.ihbohemia.com\/de\/wp-json\/wp\/v2\/pages\/424","targetHints":{"allow":["GET"]}}],"collection":[{"href":"https:\/\/www.ihbohemia.com\/de\/wp-json\/wp\/v2\/pages"}],"about":[{"href":"https:\/\/www.ihbohemia.com\/de\/wp-json\/wp\/v2\/types\/page"}],"author":[{"embeddable":true,"href":"https:\/\/www.ihbohemia.com\/de\/wp-json\/wp\/v2\/users\/4"}],"replies":[{"embeddable":true,"href":"https:\/\/www.ihbohemia.com\/de\/wp-json\/wp\/v2\/comments?post=424"}],"version-history":[{"count":0,"href":"https:\/\/www.ihbohemia.com\/de\/wp-json\/wp\/v2\/pages\/424\/revisions"}],"up":[{"embeddable":true,"href":"https:\/\/www.ihbohemia.com\/de\/wp-json\/wp\/v2\/pages\/414"}],"wp:attachment":[{"href":"https:\/\/www.ihbohemia.com\/de\/wp-json\/wp\/v2\/media?parent=424"}],"curies":[{"name":"wp","href":"https:\/\/api.w.org\/{rel}","templated":true}]}}