{"id":422,"date":"2019-07-24T14:03:10","date_gmt":"2019-07-24T14:03:10","guid":{"rendered":"http:\/\/interhotelbohemia.ms.decms.eu\/?page_id=422"},"modified":"2019-10-04T15:37:38","modified_gmt":"2019-10-04T15:37:38","slug":"theresienstadt","status":"publish","type":"page","link":"https:\/\/www.ihbohemia.com\/de\/turistik-freizeit\/theresienstadt\/","title":{"rendered":"Theresienstadt"},"content":{"rendered":"<p>Theresienstadt diente als Konzentrazionslager zur Zeit des 2. Weltkrieges, wo 160.000 H\u00e4flinge inhaftiert wurden. \u00dcber 36.000 Juden sind hier umgekommen. Das KZ besteht aus der kleinen Festung und dem Nationalfriedhof. Eine st\u00e4ndige Exposition in einem museum kann man besuchen, wo Aufnahmen aus der Kriegszeit vorgef\u00fchrt werden.<\/p>\n<p><em><strong><a href=\"http:\/\/www.pamatnik-terezin.cz\/\" target=\"_blank\" rel=\"noopener noreferrer\">Weitere Informationen auf der offiziellen Website\u2026<\/a><\/strong><\/em><\/p>\n","protected":false},"excerpt":{"rendered":"<p>Theresienstadt diente als Konzentrazionslager zur Zeit des 2. Weltkrieges, wo 160.000 H\u00e4flinge inhaftiert wurden. \u00dcber 36.000 Juden sind hier umgekommen. Das KZ besteht aus der kleinen Festung und dem Nationalfriedhof. Eine st\u00e4ndige Exposition in einem museum kann man besuchen, wo Aufnahmen aus der Kriegszeit vorgef\u00fchrt werden. Weitere Informationen auf der offiziellen Website\u2026<\/p>\n","protected":false},"author":4,"featured_media":0,"parent":414,"menu_order":70,"comment_status":"closed","ping_status":"closed","template":"","meta":{"footnotes":""},"class_list":["post-422","page","type-page","status-publish","hentry"],"yoast_head":"<!-- This site is optimized with the Yoast SEO plugin v26.9 - https:\/\/yoast.com\/product\/yoast-seo-wordpress\/ -->\n<title>Theresienstadt - Interhotel Bohemia<\/title>\n<meta name=\"robots\" content=\"index, follow, max-snippet:-1, max-image-preview:large, max-video-preview:-1\" \/>\n<link rel=\"canonical\" href=\"https:\/\/www.ihbohemia.com\/de\/turistik-freizeit\/theresienstadt\/\" \/>\n<meta property=\"og:locale\" content=\"de_DE\" \/>\n<meta property=\"og:type\" content=\"article\" \/>\n<meta property=\"og:title\" content=\"Theresienstadt - Interhotel Bohemia\" \/>\n<meta property=\"og:description\" content=\"Theresienstadt diente als Konzentrazionslager zur Zeit des 2. Weltkrieges, wo 160.000 H\u00e4flinge inhaftiert wurden. \u00dcber 36.000 Juden sind hier umgekommen. Das KZ besteht aus der kleinen Festung und dem Nationalfriedhof. Eine st\u00e4ndige Exposition in einem museum kann man besuchen, wo Aufnahmen aus der Kriegszeit vorgef\u00fchrt werden. Weitere Informationen auf der offiziellen Website\u2026\" \/>\n<meta property=\"og:url\" content=\"https:\/\/www.ihbohemia.com\/de\/turistik-freizeit\/theresienstadt\/\" \/>\n<meta property=\"og:site_name\" content=\"Interhotel Bohemia\" \/>\n<meta property=\"article:modified_time\" content=\"2019-10-04T15:37:38+00:00\" \/>\n<meta name=\"twitter:card\" content=\"summary_large_image\" \/>\n<script type=\"application\/ld+json\" class=\"yoast-schema-graph\">{\"@context\":\"https:\/\/schema.org\",\"@graph\":[{\"@type\":\"WebPage\",\"@id\":\"https:\/\/www.ihbohemia.com\/de\/turistik-freizeit\/theresienstadt\/\",\"url\":\"https:\/\/www.ihbohemia.com\/de\/turistik-freizeit\/theresienstadt\/\",\"name\":\"Theresienstadt - Interhotel Bohemia\",\"isPartOf\":{\"@id\":\"https:\/\/www.ihbohemia.com\/de\/#website\"},\"datePublished\":\"2019-07-24T14:03:10+00:00\",\"dateModified\":\"2019-10-04T15:37:38+00:00\",\"breadcrumb\":{\"@id\":\"https:\/\/www.ihbohemia.com\/de\/turistik-freizeit\/theresienstadt\/#breadcrumb\"},\"inLanguage\":\"de-DE\",\"potentialAction\":[{\"@type\":\"ReadAction\",\"target\":[\"https:\/\/www.ihbohemia.com\/de\/turistik-freizeit\/theresienstadt\/\"]}]},{\"@type\":\"BreadcrumbList\",\"@id\":\"https:\/\/www.ihbohemia.com\/de\/turistik-freizeit\/theresienstadt\/#breadcrumb\",\"itemListElement\":[{\"@type\":\"ListItem\",\"position\":1,\"name\":\"Home\",\"item\":\"https:\/\/www.ihbohemia.com\/de\/\"},{\"@type\":\"ListItem\",\"position\":2,\"name\":\"Turistik \/ Freizeit\",\"item\":\"https:\/\/www.ihbohemia.com\/de\/turistik-freizeit\/\"},{\"@type\":\"ListItem\",\"position\":3,\"name\":\"Theresienstadt\"}]},{\"@type\":\"WebSite\",\"@id\":\"https:\/\/www.ihbohemia.com\/de\/#website\",\"url\":\"https:\/\/www.ihbohemia.com\/de\/\",\"name\":\"Interhotel Bohemia\",\"description\":\"Just another ms.decms.eu site\",\"potentialAction\":[{\"@type\":\"SearchAction\",\"target\":{\"@type\":\"EntryPoint\",\"urlTemplate\":\"https:\/\/www.ihbohemia.com\/de\/?s={search_term_string}\"},\"query-input\":{\"@type\":\"PropertyValueSpecification\",\"valueRequired\":true,\"valueName\":\"search_term_string\"}}],\"inLanguage\":\"de-DE\"}]}<\/script>\n<!-- \/ Yoast SEO plugin. -->","yoast_head_json":{"title":"Theresienstadt - Interhotel Bohemia","robots":{"index":"index","follow":"follow","max-snippet":"max-snippet:-1","max-image-preview":"max-image-preview:large","max-video-preview":"max-video-preview:-1"},"canonical":"https:\/\/www.ihbohemia.com\/de\/turistik-freizeit\/theresienstadt\/","og_locale":"de_DE","og_type":"article","og_title":"Theresienstadt - Interhotel Bohemia","og_description":"Theresienstadt diente als Konzentrazionslager zur Zeit des 2. Weltkrieges, wo 160.000 H\u00e4flinge inhaftiert wurden. \u00dcber 36.000 Juden sind hier umgekommen. Das KZ besteht aus der kleinen Festung und dem Nationalfriedhof. Eine st\u00e4ndige Exposition in einem museum kann man besuchen, wo Aufnahmen aus der Kriegszeit vorgef\u00fchrt werden. Weitere Informationen auf der offiziellen Website\u2026","og_url":"https:\/\/www.ihbohemia.com\/de\/turistik-freizeit\/theresienstadt\/","og_site_name":"Interhotel Bohemia","article_modified_time":"2019-10-04T15:37:38+00:00","twitter_card":"summary_large_image","schema":{"@context":"https:\/\/schema.org","@graph":[{"@type":"WebPage","@id":"https:\/\/www.ihbohemia.com\/de\/turistik-freizeit\/theresienstadt\/","url":"https:\/\/www.ihbohemia.com\/de\/turistik-freizeit\/theresienstadt\/","name":"Theresienstadt - Interhotel Bohemia","isPartOf":{"@id":"https:\/\/www.ihbohemia.com\/de\/#website"},"datePublished":"2019-07-24T14:03:10+00:00","dateModified":"2019-10-04T15:37:38+00:00","breadcrumb":{"@id":"https:\/\/www.ihbohemia.com\/de\/turistik-freizeit\/theresienstadt\/#breadcrumb"},"inLanguage":"de-DE","potentialAction":[{"@type":"ReadAction","target":["https:\/\/www.ihbohemia.com\/de\/turistik-freizeit\/theresienstadt\/"]}]},{"@type":"BreadcrumbList","@id":"https:\/\/www.ihbohemia.com\/de\/turistik-freizeit\/theresienstadt\/#breadcrumb","itemListElement":[{"@type":"ListItem","position":1,"name":"Home","item":"https:\/\/www.ihbohemia.com\/de\/"},{"@type":"ListItem","position":2,"name":"Turistik \/ Freizeit","item":"https:\/\/www.ihbohemia.com\/de\/turistik-freizeit\/"},{"@type":"ListItem","position":3,"name":"Theresienstadt"}]},{"@type":"WebSite","@id":"https:\/\/www.ihbohemia.com\/de\/#website","url":"https:\/\/www.ihbohemia.com\/de\/","name":"Interhotel Bohemia","description":"Just another ms.decms.eu site","potentialAction":[{"@type":"SearchAction","target":{"@type":"EntryPoint","urlTemplate":"https:\/\/www.ihbohemia.com\/de\/?s={search_term_string}"},"query-input":{"@type":"PropertyValueSpecification","valueRequired":true,"valueName":"search_term_string"}}],"inLanguage":"de-DE"}]}},"acf":[],"_links":{"self":[{"href":"https:\/\/www.ihbohemia.com\/de\/wp-json\/wp\/v2\/pages\/422","targetHints":{"allow":["GET"]}}],"collection":[{"href":"https:\/\/www.ihbohemia.com\/de\/wp-json\/wp\/v2\/pages"}],"about":[{"href":"https:\/\/www.ihbohemia.com\/de\/wp-json\/wp\/v2\/types\/page"}],"author":[{"embeddable":true,"href":"https:\/\/www.ihbohemia.com\/de\/wp-json\/wp\/v2\/users\/4"}],"replies":[{"embeddable":true,"href":"https:\/\/www.ihbohemia.com\/de\/wp-json\/wp\/v2\/comments?post=422"}],"version-history":[{"count":0,"href":"https:\/\/www.ihbohemia.com\/de\/wp-json\/wp\/v2\/pages\/422\/revisions"}],"up":[{"embeddable":true,"href":"https:\/\/www.ihbohemia.com\/de\/wp-json\/wp\/v2\/pages\/414"}],"wp:attachment":[{"href":"https:\/\/www.ihbohemia.com\/de\/wp-json\/wp\/v2\/media?parent=422"}],"curies":[{"name":"wp","href":"https:\/\/api.w.org\/{rel}","templated":true}]}}