{"id":418,"date":"2019-07-24T13:58:01","date_gmt":"2019-07-24T13:58:01","guid":{"rendered":"http:\/\/interhotelbohemia.ms.decms.eu\/?page_id=418"},"modified":"2019-10-04T15:36:11","modified_gmt":"2019-10-04T15:36:11","slug":"zoo","status":"publish","type":"page","link":"https:\/\/www.ihbohemia.com\/de\/turistik-freizeit\/zoo\/","title":{"rendered":"Zoo"},"content":{"rendered":"<p>Der ZOO in Usti nad Labem geh\u00f6rt zu den bedeutensten Zoologischen G\u00e4rten in der Republik.Er ist ganzj\u00e4hrig t\u00e4glich ge\u00f6ffnet. Das Areal erstreckt sich auf 30 Ha. Hier werden seltene exotische Tiere gez\u00fcchtet, wobei die vorrangige Aufgabe in der Zucht und Vermehrung von bedrohten Tieren besteht.<\/p>\n<p>Gleichzeitig werden Vorf\u00fchraktionen veranstaltet, wobei die Besucher auch das K\u00f6nnen verschiedener Tiere bewundern k\u00f6nnen. Diese Aktionen werden regelm\u00e4ssig veranstaltet, praktisch ununterbrochen , wenn es das Wetter und die Jahreszeit erlaubt.<\/p>\n<p><em><strong><a href=\"http:\/\/www.zoousti.cz\/\" target=\"_blank\" rel=\"noopener noreferrer\">Weitere Informationen auf der offiziellen Website\u2026<\/a><\/strong><\/em><\/p>\n","protected":false},"excerpt":{"rendered":"<p>Der ZOO in Usti nad Labem geh\u00f6rt zu den bedeutensten Zoologischen G\u00e4rten in der Republik.Er ist ganzj\u00e4hrig t\u00e4glich ge\u00f6ffnet. Das Areal erstreckt sich auf 30 Ha. Hier werden seltene exotische Tiere gez\u00fcchtet, wobei die vorrangige Aufgabe in der Zucht und Vermehrung von bedrohten Tieren besteht. Gleichzeitig werden Vorf\u00fchraktionen veranstaltet, wobei die Besucher auch das K\u00f6nnen [&hellip;]<\/p>\n","protected":false},"author":4,"featured_media":0,"parent":414,"menu_order":30,"comment_status":"closed","ping_status":"closed","template":"","meta":{"footnotes":""},"class_list":["post-418","page","type-page","status-publish","hentry"],"yoast_head":"<!-- This site is optimized with the Yoast SEO plugin v26.9 - https:\/\/yoast.com\/product\/yoast-seo-wordpress\/ -->\n<title>Zoo - Interhotel Bohemia<\/title>\n<meta name=\"robots\" content=\"index, follow, max-snippet:-1, max-image-preview:large, max-video-preview:-1\" \/>\n<link rel=\"canonical\" href=\"https:\/\/www.ihbohemia.com\/de\/turistik-freizeit\/zoo\/\" \/>\n<meta property=\"og:locale\" content=\"de_DE\" \/>\n<meta property=\"og:type\" content=\"article\" \/>\n<meta property=\"og:title\" content=\"Zoo - Interhotel Bohemia\" \/>\n<meta property=\"og:description\" content=\"Der ZOO in Usti nad Labem geh\u00f6rt zu den bedeutensten Zoologischen G\u00e4rten in der Republik.Er ist ganzj\u00e4hrig t\u00e4glich ge\u00f6ffnet. Das Areal erstreckt sich auf 30 Ha. Hier werden seltene exotische Tiere gez\u00fcchtet, wobei die vorrangige Aufgabe in der Zucht und Vermehrung von bedrohten Tieren besteht. Gleichzeitig werden Vorf\u00fchraktionen veranstaltet, wobei die Besucher auch das K\u00f6nnen [&hellip;]\" \/>\n<meta property=\"og:url\" content=\"https:\/\/www.ihbohemia.com\/de\/turistik-freizeit\/zoo\/\" \/>\n<meta property=\"og:site_name\" content=\"Interhotel Bohemia\" \/>\n<meta property=\"article:modified_time\" content=\"2019-10-04T15:36:11+00:00\" \/>\n<meta name=\"twitter:card\" content=\"summary_large_image\" \/>\n<script type=\"application\/ld+json\" class=\"yoast-schema-graph\">{\"@context\":\"https:\/\/schema.org\",\"@graph\":[{\"@type\":\"WebPage\",\"@id\":\"https:\/\/www.ihbohemia.com\/de\/turistik-freizeit\/zoo\/\",\"url\":\"https:\/\/www.ihbohemia.com\/de\/turistik-freizeit\/zoo\/\",\"name\":\"Zoo - Interhotel Bohemia\",\"isPartOf\":{\"@id\":\"https:\/\/www.ihbohemia.com\/de\/#website\"},\"datePublished\":\"2019-07-24T13:58:01+00:00\",\"dateModified\":\"2019-10-04T15:36:11+00:00\",\"breadcrumb\":{\"@id\":\"https:\/\/www.ihbohemia.com\/de\/turistik-freizeit\/zoo\/#breadcrumb\"},\"inLanguage\":\"de-DE\",\"potentialAction\":[{\"@type\":\"ReadAction\",\"target\":[\"https:\/\/www.ihbohemia.com\/de\/turistik-freizeit\/zoo\/\"]}]},{\"@type\":\"BreadcrumbList\",\"@id\":\"https:\/\/www.ihbohemia.com\/de\/turistik-freizeit\/zoo\/#breadcrumb\",\"itemListElement\":[{\"@type\":\"ListItem\",\"position\":1,\"name\":\"Home\",\"item\":\"https:\/\/www.ihbohemia.com\/de\/\"},{\"@type\":\"ListItem\",\"position\":2,\"name\":\"Turistik \/ Freizeit\",\"item\":\"https:\/\/www.ihbohemia.com\/de\/turistik-freizeit\/\"},{\"@type\":\"ListItem\",\"position\":3,\"name\":\"Zoo\"}]},{\"@type\":\"WebSite\",\"@id\":\"https:\/\/www.ihbohemia.com\/de\/#website\",\"url\":\"https:\/\/www.ihbohemia.com\/de\/\",\"name\":\"Interhotel Bohemia\",\"description\":\"Just another ms.decms.eu site\",\"potentialAction\":[{\"@type\":\"SearchAction\",\"target\":{\"@type\":\"EntryPoint\",\"urlTemplate\":\"https:\/\/www.ihbohemia.com\/de\/?s={search_term_string}\"},\"query-input\":{\"@type\":\"PropertyValueSpecification\",\"valueRequired\":true,\"valueName\":\"search_term_string\"}}],\"inLanguage\":\"de-DE\"}]}<\/script>\n<!-- \/ Yoast SEO plugin. -->","yoast_head_json":{"title":"Zoo - Interhotel Bohemia","robots":{"index":"index","follow":"follow","max-snippet":"max-snippet:-1","max-image-preview":"max-image-preview:large","max-video-preview":"max-video-preview:-1"},"canonical":"https:\/\/www.ihbohemia.com\/de\/turistik-freizeit\/zoo\/","og_locale":"de_DE","og_type":"article","og_title":"Zoo - Interhotel Bohemia","og_description":"Der ZOO in Usti nad Labem geh\u00f6rt zu den bedeutensten Zoologischen G\u00e4rten in der Republik.Er ist ganzj\u00e4hrig t\u00e4glich ge\u00f6ffnet. Das Areal erstreckt sich auf 30 Ha. Hier werden seltene exotische Tiere gez\u00fcchtet, wobei die vorrangige Aufgabe in der Zucht und Vermehrung von bedrohten Tieren besteht. Gleichzeitig werden Vorf\u00fchraktionen veranstaltet, wobei die Besucher auch das K\u00f6nnen [&hellip;]","og_url":"https:\/\/www.ihbohemia.com\/de\/turistik-freizeit\/zoo\/","og_site_name":"Interhotel Bohemia","article_modified_time":"2019-10-04T15:36:11+00:00","twitter_card":"summary_large_image","schema":{"@context":"https:\/\/schema.org","@graph":[{"@type":"WebPage","@id":"https:\/\/www.ihbohemia.com\/de\/turistik-freizeit\/zoo\/","url":"https:\/\/www.ihbohemia.com\/de\/turistik-freizeit\/zoo\/","name":"Zoo - Interhotel Bohemia","isPartOf":{"@id":"https:\/\/www.ihbohemia.com\/de\/#website"},"datePublished":"2019-07-24T13:58:01+00:00","dateModified":"2019-10-04T15:36:11+00:00","breadcrumb":{"@id":"https:\/\/www.ihbohemia.com\/de\/turistik-freizeit\/zoo\/#breadcrumb"},"inLanguage":"de-DE","potentialAction":[{"@type":"ReadAction","target":["https:\/\/www.ihbohemia.com\/de\/turistik-freizeit\/zoo\/"]}]},{"@type":"BreadcrumbList","@id":"https:\/\/www.ihbohemia.com\/de\/turistik-freizeit\/zoo\/#breadcrumb","itemListElement":[{"@type":"ListItem","position":1,"name":"Home","item":"https:\/\/www.ihbohemia.com\/de\/"},{"@type":"ListItem","position":2,"name":"Turistik \/ Freizeit","item":"https:\/\/www.ihbohemia.com\/de\/turistik-freizeit\/"},{"@type":"ListItem","position":3,"name":"Zoo"}]},{"@type":"WebSite","@id":"https:\/\/www.ihbohemia.com\/de\/#website","url":"https:\/\/www.ihbohemia.com\/de\/","name":"Interhotel Bohemia","description":"Just another ms.decms.eu site","potentialAction":[{"@type":"SearchAction","target":{"@type":"EntryPoint","urlTemplate":"https:\/\/www.ihbohemia.com\/de\/?s={search_term_string}"},"query-input":{"@type":"PropertyValueSpecification","valueRequired":true,"valueName":"search_term_string"}}],"inLanguage":"de-DE"}]}},"acf":[],"_links":{"self":[{"href":"https:\/\/www.ihbohemia.com\/de\/wp-json\/wp\/v2\/pages\/418","targetHints":{"allow":["GET"]}}],"collection":[{"href":"https:\/\/www.ihbohemia.com\/de\/wp-json\/wp\/v2\/pages"}],"about":[{"href":"https:\/\/www.ihbohemia.com\/de\/wp-json\/wp\/v2\/types\/page"}],"author":[{"embeddable":true,"href":"https:\/\/www.ihbohemia.com\/de\/wp-json\/wp\/v2\/users\/4"}],"replies":[{"embeddable":true,"href":"https:\/\/www.ihbohemia.com\/de\/wp-json\/wp\/v2\/comments?post=418"}],"version-history":[{"count":0,"href":"https:\/\/www.ihbohemia.com\/de\/wp-json\/wp\/v2\/pages\/418\/revisions"}],"up":[{"embeddable":true,"href":"https:\/\/www.ihbohemia.com\/de\/wp-json\/wp\/v2\/pages\/414"}],"wp:attachment":[{"href":"https:\/\/www.ihbohemia.com\/de\/wp-json\/wp\/v2\/media?parent=418"}],"curies":[{"name":"wp","href":"https:\/\/api.w.org\/{rel}","templated":true}]}}