{"id":415,"date":"2019-07-24T13:55:54","date_gmt":"2019-07-24T13:55:54","guid":{"rendered":"http:\/\/interhotelbohemia.ms.decms.eu\/?page_id=415"},"modified":"2019-10-04T15:35:23","modified_gmt":"2019-10-04T15:35:23","slug":"stadttheater-kulturdominante","status":"publish","type":"page","link":"https:\/\/www.ihbohemia.com\/de\/turistik-freizeit\/stadttheater-kulturdominante\/","title":{"rendered":"Stadttheater \u2013 Kulturdominante"},"content":{"rendered":"<p>Das Stadttheater befindet sich im Stadtzentrum und wurde im Jahre 1909 im Pseudobarocken Stil erbaut. Hier werden Opern, Schauspiele, Operetten und Balett aufgef\u00fchrt. Das Theater bietet Raum f\u00fcr bis zu 900 Zuschauern. Zwischen den zwei Weltkriegen wuchs die Ber\u00fchmtheit des Theaters, viele bekannte K\u00fcnstler aus ganz Europa wirkten hier.<\/p>\n<p>W\u00e4hrend des 2. Weltkrieges wurden vorwiegend Opern von Richard Wagner aufgef\u00fchrt. Nach dem Krieg wirkte hier eine grosse Reihe von K\u00fcnstlern. In den Jahren 1986 \u2013 1993 wurde das Theater restauriert.<\/p>\n<p><em><strong><a href=\"http:\/\/www.operabalet.cz\/\" target=\"_blank\" rel=\"noopener noreferrer\">Weitere Informationen auf der offiziellen Website\u2026<\/a><\/strong><\/em><\/p>\n","protected":false},"excerpt":{"rendered":"<p>Das Stadttheater befindet sich im Stadtzentrum und wurde im Jahre 1909 im Pseudobarocken Stil erbaut. Hier werden Opern, Schauspiele, Operetten und Balett aufgef\u00fchrt. Das Theater bietet Raum f\u00fcr bis zu 900 Zuschauern. Zwischen den zwei Weltkriegen wuchs die Ber\u00fchmtheit des Theaters, viele bekannte K\u00fcnstler aus ganz Europa wirkten hier. W\u00e4hrend des 2. Weltkrieges wurden vorwiegend [&hellip;]<\/p>\n","protected":false},"author":4,"featured_media":0,"parent":414,"menu_order":10,"comment_status":"closed","ping_status":"closed","template":"","meta":{"footnotes":""},"class_list":["post-415","page","type-page","status-publish","hentry"],"yoast_head":"<!-- This site is optimized with the Yoast SEO plugin v26.9 - https:\/\/yoast.com\/product\/yoast-seo-wordpress\/ -->\n<title>Stadttheater \u2013 Kulturdominante - Interhotel Bohemia<\/title>\n<meta name=\"robots\" content=\"index, follow, max-snippet:-1, max-image-preview:large, max-video-preview:-1\" \/>\n<link rel=\"canonical\" href=\"https:\/\/www.ihbohemia.com\/de\/turistik-freizeit\/stadttheater-kulturdominante\/\" \/>\n<meta property=\"og:locale\" content=\"de_DE\" \/>\n<meta property=\"og:type\" content=\"article\" \/>\n<meta property=\"og:title\" content=\"Stadttheater \u2013 Kulturdominante - Interhotel Bohemia\" \/>\n<meta property=\"og:description\" content=\"Das Stadttheater befindet sich im Stadtzentrum und wurde im Jahre 1909 im Pseudobarocken Stil erbaut. Hier werden Opern, Schauspiele, Operetten und Balett aufgef\u00fchrt. Das Theater bietet Raum f\u00fcr bis zu 900 Zuschauern. Zwischen den zwei Weltkriegen wuchs die Ber\u00fchmtheit des Theaters, viele bekannte K\u00fcnstler aus ganz Europa wirkten hier. W\u00e4hrend des 2. Weltkrieges wurden vorwiegend [&hellip;]\" \/>\n<meta property=\"og:url\" content=\"https:\/\/www.ihbohemia.com\/de\/turistik-freizeit\/stadttheater-kulturdominante\/\" \/>\n<meta property=\"og:site_name\" content=\"Interhotel Bohemia\" \/>\n<meta property=\"article:modified_time\" content=\"2019-10-04T15:35:23+00:00\" \/>\n<meta name=\"twitter:card\" content=\"summary_large_image\" \/>\n<script type=\"application\/ld+json\" class=\"yoast-schema-graph\">{\"@context\":\"https:\/\/schema.org\",\"@graph\":[{\"@type\":\"WebPage\",\"@id\":\"https:\/\/www.ihbohemia.com\/de\/turistik-freizeit\/stadttheater-kulturdominante\/\",\"url\":\"https:\/\/www.ihbohemia.com\/de\/turistik-freizeit\/stadttheater-kulturdominante\/\",\"name\":\"Stadttheater \u2013 Kulturdominante - Interhotel Bohemia\",\"isPartOf\":{\"@id\":\"https:\/\/www.ihbohemia.com\/de\/#website\"},\"datePublished\":\"2019-07-24T13:55:54+00:00\",\"dateModified\":\"2019-10-04T15:35:23+00:00\",\"breadcrumb\":{\"@id\":\"https:\/\/www.ihbohemia.com\/de\/turistik-freizeit\/stadttheater-kulturdominante\/#breadcrumb\"},\"inLanguage\":\"de-DE\",\"potentialAction\":[{\"@type\":\"ReadAction\",\"target\":[\"https:\/\/www.ihbohemia.com\/de\/turistik-freizeit\/stadttheater-kulturdominante\/\"]}]},{\"@type\":\"BreadcrumbList\",\"@id\":\"https:\/\/www.ihbohemia.com\/de\/turistik-freizeit\/stadttheater-kulturdominante\/#breadcrumb\",\"itemListElement\":[{\"@type\":\"ListItem\",\"position\":1,\"name\":\"Home\",\"item\":\"https:\/\/www.ihbohemia.com\/de\/\"},{\"@type\":\"ListItem\",\"position\":2,\"name\":\"Turistik \/ Freizeit\",\"item\":\"https:\/\/www.ihbohemia.com\/de\/turistik-freizeit\/\"},{\"@type\":\"ListItem\",\"position\":3,\"name\":\"Stadttheater \u2013 Kulturdominante\"}]},{\"@type\":\"WebSite\",\"@id\":\"https:\/\/www.ihbohemia.com\/de\/#website\",\"url\":\"https:\/\/www.ihbohemia.com\/de\/\",\"name\":\"Interhotel Bohemia\",\"description\":\"Just another ms.decms.eu site\",\"potentialAction\":[{\"@type\":\"SearchAction\",\"target\":{\"@type\":\"EntryPoint\",\"urlTemplate\":\"https:\/\/www.ihbohemia.com\/de\/?s={search_term_string}\"},\"query-input\":{\"@type\":\"PropertyValueSpecification\",\"valueRequired\":true,\"valueName\":\"search_term_string\"}}],\"inLanguage\":\"de-DE\"}]}<\/script>\n<!-- \/ Yoast SEO plugin. -->","yoast_head_json":{"title":"Stadttheater \u2013 Kulturdominante - Interhotel Bohemia","robots":{"index":"index","follow":"follow","max-snippet":"max-snippet:-1","max-image-preview":"max-image-preview:large","max-video-preview":"max-video-preview:-1"},"canonical":"https:\/\/www.ihbohemia.com\/de\/turistik-freizeit\/stadttheater-kulturdominante\/","og_locale":"de_DE","og_type":"article","og_title":"Stadttheater \u2013 Kulturdominante - Interhotel Bohemia","og_description":"Das Stadttheater befindet sich im Stadtzentrum und wurde im Jahre 1909 im Pseudobarocken Stil erbaut. Hier werden Opern, Schauspiele, Operetten und Balett aufgef\u00fchrt. Das Theater bietet Raum f\u00fcr bis zu 900 Zuschauern. Zwischen den zwei Weltkriegen wuchs die Ber\u00fchmtheit des Theaters, viele bekannte K\u00fcnstler aus ganz Europa wirkten hier. W\u00e4hrend des 2. Weltkrieges wurden vorwiegend [&hellip;]","og_url":"https:\/\/www.ihbohemia.com\/de\/turistik-freizeit\/stadttheater-kulturdominante\/","og_site_name":"Interhotel Bohemia","article_modified_time":"2019-10-04T15:35:23+00:00","twitter_card":"summary_large_image","schema":{"@context":"https:\/\/schema.org","@graph":[{"@type":"WebPage","@id":"https:\/\/www.ihbohemia.com\/de\/turistik-freizeit\/stadttheater-kulturdominante\/","url":"https:\/\/www.ihbohemia.com\/de\/turistik-freizeit\/stadttheater-kulturdominante\/","name":"Stadttheater \u2013 Kulturdominante - Interhotel Bohemia","isPartOf":{"@id":"https:\/\/www.ihbohemia.com\/de\/#website"},"datePublished":"2019-07-24T13:55:54+00:00","dateModified":"2019-10-04T15:35:23+00:00","breadcrumb":{"@id":"https:\/\/www.ihbohemia.com\/de\/turistik-freizeit\/stadttheater-kulturdominante\/#breadcrumb"},"inLanguage":"de-DE","potentialAction":[{"@type":"ReadAction","target":["https:\/\/www.ihbohemia.com\/de\/turistik-freizeit\/stadttheater-kulturdominante\/"]}]},{"@type":"BreadcrumbList","@id":"https:\/\/www.ihbohemia.com\/de\/turistik-freizeit\/stadttheater-kulturdominante\/#breadcrumb","itemListElement":[{"@type":"ListItem","position":1,"name":"Home","item":"https:\/\/www.ihbohemia.com\/de\/"},{"@type":"ListItem","position":2,"name":"Turistik \/ Freizeit","item":"https:\/\/www.ihbohemia.com\/de\/turistik-freizeit\/"},{"@type":"ListItem","position":3,"name":"Stadttheater \u2013 Kulturdominante"}]},{"@type":"WebSite","@id":"https:\/\/www.ihbohemia.com\/de\/#website","url":"https:\/\/www.ihbohemia.com\/de\/","name":"Interhotel Bohemia","description":"Just another ms.decms.eu site","potentialAction":[{"@type":"SearchAction","target":{"@type":"EntryPoint","urlTemplate":"https:\/\/www.ihbohemia.com\/de\/?s={search_term_string}"},"query-input":{"@type":"PropertyValueSpecification","valueRequired":true,"valueName":"search_term_string"}}],"inLanguage":"de-DE"}]}},"acf":[],"_links":{"self":[{"href":"https:\/\/www.ihbohemia.com\/de\/wp-json\/wp\/v2\/pages\/415","targetHints":{"allow":["GET"]}}],"collection":[{"href":"https:\/\/www.ihbohemia.com\/de\/wp-json\/wp\/v2\/pages"}],"about":[{"href":"https:\/\/www.ihbohemia.com\/de\/wp-json\/wp\/v2\/types\/page"}],"author":[{"embeddable":true,"href":"https:\/\/www.ihbohemia.com\/de\/wp-json\/wp\/v2\/users\/4"}],"replies":[{"embeddable":true,"href":"https:\/\/www.ihbohemia.com\/de\/wp-json\/wp\/v2\/comments?post=415"}],"version-history":[{"count":0,"href":"https:\/\/www.ihbohemia.com\/de\/wp-json\/wp\/v2\/pages\/415\/revisions"}],"up":[{"embeddable":true,"href":"https:\/\/www.ihbohemia.com\/de\/wp-json\/wp\/v2\/pages\/414"}],"wp:attachment":[{"href":"https:\/\/www.ihbohemia.com\/de\/wp-json\/wp\/v2\/media?parent=415"}],"curies":[{"name":"wp","href":"https:\/\/api.w.org\/{rel}","templated":true}]}}