{"id":412,"date":"2019-07-24T13:51:45","date_gmt":"2019-07-24T13:51:45","guid":{"rendered":"http:\/\/interhotelbohemia.ms.decms.eu\/?page_id=412"},"modified":"2019-07-24T13:51:45","modified_gmt":"2019-07-24T13:51:45","slug":"hochzeiten","status":"publish","type":"page","link":"https:\/\/www.ihbohemia.com\/de\/salone\/hochzeiten\/","title":{"rendered":"Hochzeiten"},"content":{"rendered":"<p>Wir bieten Ihnen unsere langj\u00e4hrige Erfahrung in der Organisation von Hochzeiten. Sie k\u00f6nnen unsere renovierte und klimatisierte Hotel R\u00e4ume f\u00fcr Ihre Hochzeitsfeier zu verwenden. F\u00fcr weitere Informationen kontaktieren Sie uns bitte an der Rezeption oder in der Betriebsabteilung.<\/p>\n","protected":false},"excerpt":{"rendered":"<p>Wir bieten Ihnen unsere langj\u00e4hrige Erfahrung in der Organisation von Hochzeiten. Sie k\u00f6nnen unsere renovierte und klimatisierte Hotel R\u00e4ume f\u00fcr Ihre Hochzeitsfeier zu verwenden. F\u00fcr weitere Informationen kontaktieren Sie uns bitte an der Rezeption oder in der Betriebsabteilung.<\/p>\n","protected":false},"author":4,"featured_media":0,"parent":409,"menu_order":30,"comment_status":"closed","ping_status":"closed","template":"template-meeting-and-wedding.php","meta":{"footnotes":""},"class_list":["post-412","page","type-page","status-publish","hentry"],"yoast_head":"<!-- This site is optimized with the Yoast SEO plugin v26.9 - https:\/\/yoast.com\/product\/yoast-seo-wordpress\/ -->\n<title>Hochzeiten - Interhotel Bohemia<\/title>\n<meta name=\"robots\" content=\"index, follow, max-snippet:-1, max-image-preview:large, max-video-preview:-1\" \/>\n<link rel=\"canonical\" href=\"https:\/\/www.ihbohemia.com\/de\/salone\/hochzeiten\/\" \/>\n<meta property=\"og:locale\" content=\"de_DE\" \/>\n<meta property=\"og:type\" content=\"article\" \/>\n<meta property=\"og:title\" content=\"Hochzeiten - Interhotel Bohemia\" \/>\n<meta property=\"og:description\" content=\"Wir bieten Ihnen unsere langj\u00e4hrige Erfahrung in der Organisation von Hochzeiten. Sie k\u00f6nnen unsere renovierte und klimatisierte Hotel R\u00e4ume f\u00fcr Ihre Hochzeitsfeier zu verwenden. F\u00fcr weitere Informationen kontaktieren Sie uns bitte an der Rezeption oder in der Betriebsabteilung.\" \/>\n<meta property=\"og:url\" content=\"https:\/\/www.ihbohemia.com\/de\/salone\/hochzeiten\/\" \/>\n<meta property=\"og:site_name\" content=\"Interhotel Bohemia\" \/>\n<meta name=\"twitter:card\" content=\"summary_large_image\" \/>\n<script type=\"application\/ld+json\" class=\"yoast-schema-graph\">{\"@context\":\"https:\/\/schema.org\",\"@graph\":[{\"@type\":\"WebPage\",\"@id\":\"https:\/\/www.ihbohemia.com\/de\/salone\/hochzeiten\/\",\"url\":\"https:\/\/www.ihbohemia.com\/de\/salone\/hochzeiten\/\",\"name\":\"Hochzeiten - Interhotel Bohemia\",\"isPartOf\":{\"@id\":\"https:\/\/www.ihbohemia.com\/de\/#website\"},\"datePublished\":\"2019-07-24T13:51:45+00:00\",\"breadcrumb\":{\"@id\":\"https:\/\/www.ihbohemia.com\/de\/salone\/hochzeiten\/#breadcrumb\"},\"inLanguage\":\"de-DE\",\"potentialAction\":[{\"@type\":\"ReadAction\",\"target\":[\"https:\/\/www.ihbohemia.com\/de\/salone\/hochzeiten\/\"]}]},{\"@type\":\"BreadcrumbList\",\"@id\":\"https:\/\/www.ihbohemia.com\/de\/salone\/hochzeiten\/#breadcrumb\",\"itemListElement\":[{\"@type\":\"ListItem\",\"position\":1,\"name\":\"Home\",\"item\":\"https:\/\/www.ihbohemia.com\/de\/\"},{\"@type\":\"ListItem\",\"position\":2,\"name\":\"Salone\",\"item\":\"https:\/\/www.ihbohemia.com\/de\/salone\/\"},{\"@type\":\"ListItem\",\"position\":3,\"name\":\"Hochzeiten\"}]},{\"@type\":\"WebSite\",\"@id\":\"https:\/\/www.ihbohemia.com\/de\/#website\",\"url\":\"https:\/\/www.ihbohemia.com\/de\/\",\"name\":\"Interhotel Bohemia\",\"description\":\"Just another ms.decms.eu site\",\"potentialAction\":[{\"@type\":\"SearchAction\",\"target\":{\"@type\":\"EntryPoint\",\"urlTemplate\":\"https:\/\/www.ihbohemia.com\/de\/?s={search_term_string}\"},\"query-input\":{\"@type\":\"PropertyValueSpecification\",\"valueRequired\":true,\"valueName\":\"search_term_string\"}}],\"inLanguage\":\"de-DE\"}]}<\/script>\n<!-- \/ Yoast SEO plugin. -->","yoast_head_json":{"title":"Hochzeiten - Interhotel Bohemia","robots":{"index":"index","follow":"follow","max-snippet":"max-snippet:-1","max-image-preview":"max-image-preview:large","max-video-preview":"max-video-preview:-1"},"canonical":"https:\/\/www.ihbohemia.com\/de\/salone\/hochzeiten\/","og_locale":"de_DE","og_type":"article","og_title":"Hochzeiten - Interhotel Bohemia","og_description":"Wir bieten Ihnen unsere langj\u00e4hrige Erfahrung in der Organisation von Hochzeiten. Sie k\u00f6nnen unsere renovierte und klimatisierte Hotel R\u00e4ume f\u00fcr Ihre Hochzeitsfeier zu verwenden. F\u00fcr weitere Informationen kontaktieren Sie uns bitte an der Rezeption oder in der Betriebsabteilung.","og_url":"https:\/\/www.ihbohemia.com\/de\/salone\/hochzeiten\/","og_site_name":"Interhotel Bohemia","twitter_card":"summary_large_image","schema":{"@context":"https:\/\/schema.org","@graph":[{"@type":"WebPage","@id":"https:\/\/www.ihbohemia.com\/de\/salone\/hochzeiten\/","url":"https:\/\/www.ihbohemia.com\/de\/salone\/hochzeiten\/","name":"Hochzeiten - Interhotel Bohemia","isPartOf":{"@id":"https:\/\/www.ihbohemia.com\/de\/#website"},"datePublished":"2019-07-24T13:51:45+00:00","breadcrumb":{"@id":"https:\/\/www.ihbohemia.com\/de\/salone\/hochzeiten\/#breadcrumb"},"inLanguage":"de-DE","potentialAction":[{"@type":"ReadAction","target":["https:\/\/www.ihbohemia.com\/de\/salone\/hochzeiten\/"]}]},{"@type":"BreadcrumbList","@id":"https:\/\/www.ihbohemia.com\/de\/salone\/hochzeiten\/#breadcrumb","itemListElement":[{"@type":"ListItem","position":1,"name":"Home","item":"https:\/\/www.ihbohemia.com\/de\/"},{"@type":"ListItem","position":2,"name":"Salone","item":"https:\/\/www.ihbohemia.com\/de\/salone\/"},{"@type":"ListItem","position":3,"name":"Hochzeiten"}]},{"@type":"WebSite","@id":"https:\/\/www.ihbohemia.com\/de\/#website","url":"https:\/\/www.ihbohemia.com\/de\/","name":"Interhotel Bohemia","description":"Just another ms.decms.eu site","potentialAction":[{"@type":"SearchAction","target":{"@type":"EntryPoint","urlTemplate":"https:\/\/www.ihbohemia.com\/de\/?s={search_term_string}"},"query-input":{"@type":"PropertyValueSpecification","valueRequired":true,"valueName":"search_term_string"}}],"inLanguage":"de-DE"}]}},"acf":[],"_links":{"self":[{"href":"https:\/\/www.ihbohemia.com\/de\/wp-json\/wp\/v2\/pages\/412","targetHints":{"allow":["GET"]}}],"collection":[{"href":"https:\/\/www.ihbohemia.com\/de\/wp-json\/wp\/v2\/pages"}],"about":[{"href":"https:\/\/www.ihbohemia.com\/de\/wp-json\/wp\/v2\/types\/page"}],"author":[{"embeddable":true,"href":"https:\/\/www.ihbohemia.com\/de\/wp-json\/wp\/v2\/users\/4"}],"replies":[{"embeddable":true,"href":"https:\/\/www.ihbohemia.com\/de\/wp-json\/wp\/v2\/comments?post=412"}],"version-history":[{"count":0,"href":"https:\/\/www.ihbohemia.com\/de\/wp-json\/wp\/v2\/pages\/412\/revisions"}],"up":[{"embeddable":true,"href":"https:\/\/www.ihbohemia.com\/de\/wp-json\/wp\/v2\/pages\/409"}],"wp:attachment":[{"href":"https:\/\/www.ihbohemia.com\/de\/wp-json\/wp\/v2\/media?parent=412"}],"curies":[{"name":"wp","href":"https:\/\/api.w.org\/{rel}","templated":true}]}}