{"id":411,"date":"2019-07-24T13:51:06","date_gmt":"2019-07-24T13:51:06","guid":{"rendered":"http:\/\/interhotelbohemia.ms.decms.eu\/?page_id=411"},"modified":"2019-07-24T13:51:06","modified_gmt":"2019-07-24T13:51:06","slug":"empfaenge","status":"publish","type":"page","link":"https:\/\/www.ihbohemia.com\/de\/salone\/empfaenge\/","title":{"rendered":"Empf\u00e4nge"},"content":{"rendered":"<p>Wir werden jede Art von Bankett f\u00fcr Sie in unserem Ort vorzubereiten. Wir haben viel Erfahrung mit der Vorbereitung gro\u00dfe und kleine Bankette als auch. Sie k\u00f6nnen nur Bankett selbst oder als Erg\u00e4nzung zu Ihrem Unternehmen oder privaten Treffen zu bestellen. Nach R\u00fccksprache mit uns werden wir Ihnen angegebenen Angebot entsprechend Ihrer W\u00fcnsche und Anforderungen.<\/p>\n","protected":false},"excerpt":{"rendered":"<p>Wir werden jede Art von Bankett f\u00fcr Sie in unserem Ort vorzubereiten. Wir haben viel Erfahrung mit der Vorbereitung gro\u00dfe und kleine Bankette als auch. Sie k\u00f6nnen nur Bankett selbst oder als Erg\u00e4nzung zu Ihrem Unternehmen oder privaten Treffen zu bestellen. Nach R\u00fccksprache mit uns werden wir Ihnen angegebenen Angebot entsprechend Ihrer W\u00fcnsche und Anforderungen.<\/p>\n","protected":false},"author":4,"featured_media":0,"parent":409,"menu_order":20,"comment_status":"closed","ping_status":"closed","template":"","meta":{"footnotes":""},"class_list":["post-411","page","type-page","status-publish","hentry"],"yoast_head":"<!-- This site is optimized with the Yoast SEO plugin v26.9 - https:\/\/yoast.com\/product\/yoast-seo-wordpress\/ -->\n<title>Empf\u00e4nge - Interhotel Bohemia<\/title>\n<meta name=\"robots\" content=\"index, follow, max-snippet:-1, max-image-preview:large, max-video-preview:-1\" \/>\n<link rel=\"canonical\" href=\"https:\/\/www.ihbohemia.com\/de\/salone\/empfaenge\/\" \/>\n<meta property=\"og:locale\" content=\"de_DE\" \/>\n<meta property=\"og:type\" content=\"article\" \/>\n<meta property=\"og:title\" content=\"Empf\u00e4nge - Interhotel Bohemia\" \/>\n<meta property=\"og:description\" content=\"Wir werden jede Art von Bankett f\u00fcr Sie in unserem Ort vorzubereiten. Wir haben viel Erfahrung mit der Vorbereitung gro\u00dfe und kleine Bankette als auch. Sie k\u00f6nnen nur Bankett selbst oder als Erg\u00e4nzung zu Ihrem Unternehmen oder privaten Treffen zu bestellen. Nach R\u00fccksprache mit uns werden wir Ihnen angegebenen Angebot entsprechend Ihrer W\u00fcnsche und Anforderungen.\" \/>\n<meta property=\"og:url\" content=\"https:\/\/www.ihbohemia.com\/de\/salone\/empfaenge\/\" \/>\n<meta property=\"og:site_name\" content=\"Interhotel Bohemia\" \/>\n<meta name=\"twitter:card\" content=\"summary_large_image\" \/>\n<script type=\"application\/ld+json\" class=\"yoast-schema-graph\">{\"@context\":\"https:\/\/schema.org\",\"@graph\":[{\"@type\":\"WebPage\",\"@id\":\"https:\/\/www.ihbohemia.com\/de\/salone\/empfaenge\/\",\"url\":\"https:\/\/www.ihbohemia.com\/de\/salone\/empfaenge\/\",\"name\":\"Empf\u00e4nge - Interhotel Bohemia\",\"isPartOf\":{\"@id\":\"https:\/\/www.ihbohemia.com\/de\/#website\"},\"datePublished\":\"2019-07-24T13:51:06+00:00\",\"breadcrumb\":{\"@id\":\"https:\/\/www.ihbohemia.com\/de\/salone\/empfaenge\/#breadcrumb\"},\"inLanguage\":\"de-DE\",\"potentialAction\":[{\"@type\":\"ReadAction\",\"target\":[\"https:\/\/www.ihbohemia.com\/de\/salone\/empfaenge\/\"]}]},{\"@type\":\"BreadcrumbList\",\"@id\":\"https:\/\/www.ihbohemia.com\/de\/salone\/empfaenge\/#breadcrumb\",\"itemListElement\":[{\"@type\":\"ListItem\",\"position\":1,\"name\":\"Home\",\"item\":\"https:\/\/www.ihbohemia.com\/de\/\"},{\"@type\":\"ListItem\",\"position\":2,\"name\":\"Salone\",\"item\":\"https:\/\/www.ihbohemia.com\/de\/salone\/\"},{\"@type\":\"ListItem\",\"position\":3,\"name\":\"Empf\u00e4nge\"}]},{\"@type\":\"WebSite\",\"@id\":\"https:\/\/www.ihbohemia.com\/de\/#website\",\"url\":\"https:\/\/www.ihbohemia.com\/de\/\",\"name\":\"Interhotel Bohemia\",\"description\":\"Just another ms.decms.eu site\",\"potentialAction\":[{\"@type\":\"SearchAction\",\"target\":{\"@type\":\"EntryPoint\",\"urlTemplate\":\"https:\/\/www.ihbohemia.com\/de\/?s={search_term_string}\"},\"query-input\":{\"@type\":\"PropertyValueSpecification\",\"valueRequired\":true,\"valueName\":\"search_term_string\"}}],\"inLanguage\":\"de-DE\"}]}<\/script>\n<!-- \/ Yoast SEO plugin. -->","yoast_head_json":{"title":"Empf\u00e4nge - Interhotel Bohemia","robots":{"index":"index","follow":"follow","max-snippet":"max-snippet:-1","max-image-preview":"max-image-preview:large","max-video-preview":"max-video-preview:-1"},"canonical":"https:\/\/www.ihbohemia.com\/de\/salone\/empfaenge\/","og_locale":"de_DE","og_type":"article","og_title":"Empf\u00e4nge - Interhotel Bohemia","og_description":"Wir werden jede Art von Bankett f\u00fcr Sie in unserem Ort vorzubereiten. Wir haben viel Erfahrung mit der Vorbereitung gro\u00dfe und kleine Bankette als auch. Sie k\u00f6nnen nur Bankett selbst oder als Erg\u00e4nzung zu Ihrem Unternehmen oder privaten Treffen zu bestellen. Nach R\u00fccksprache mit uns werden wir Ihnen angegebenen Angebot entsprechend Ihrer W\u00fcnsche und Anforderungen.","og_url":"https:\/\/www.ihbohemia.com\/de\/salone\/empfaenge\/","og_site_name":"Interhotel Bohemia","twitter_card":"summary_large_image","schema":{"@context":"https:\/\/schema.org","@graph":[{"@type":"WebPage","@id":"https:\/\/www.ihbohemia.com\/de\/salone\/empfaenge\/","url":"https:\/\/www.ihbohemia.com\/de\/salone\/empfaenge\/","name":"Empf\u00e4nge - Interhotel Bohemia","isPartOf":{"@id":"https:\/\/www.ihbohemia.com\/de\/#website"},"datePublished":"2019-07-24T13:51:06+00:00","breadcrumb":{"@id":"https:\/\/www.ihbohemia.com\/de\/salone\/empfaenge\/#breadcrumb"},"inLanguage":"de-DE","potentialAction":[{"@type":"ReadAction","target":["https:\/\/www.ihbohemia.com\/de\/salone\/empfaenge\/"]}]},{"@type":"BreadcrumbList","@id":"https:\/\/www.ihbohemia.com\/de\/salone\/empfaenge\/#breadcrumb","itemListElement":[{"@type":"ListItem","position":1,"name":"Home","item":"https:\/\/www.ihbohemia.com\/de\/"},{"@type":"ListItem","position":2,"name":"Salone","item":"https:\/\/www.ihbohemia.com\/de\/salone\/"},{"@type":"ListItem","position":3,"name":"Empf\u00e4nge"}]},{"@type":"WebSite","@id":"https:\/\/www.ihbohemia.com\/de\/#website","url":"https:\/\/www.ihbohemia.com\/de\/","name":"Interhotel Bohemia","description":"Just another ms.decms.eu site","potentialAction":[{"@type":"SearchAction","target":{"@type":"EntryPoint","urlTemplate":"https:\/\/www.ihbohemia.com\/de\/?s={search_term_string}"},"query-input":{"@type":"PropertyValueSpecification","valueRequired":true,"valueName":"search_term_string"}}],"inLanguage":"de-DE"}]}},"acf":[],"_links":{"self":[{"href":"https:\/\/www.ihbohemia.com\/de\/wp-json\/wp\/v2\/pages\/411","targetHints":{"allow":["GET"]}}],"collection":[{"href":"https:\/\/www.ihbohemia.com\/de\/wp-json\/wp\/v2\/pages"}],"about":[{"href":"https:\/\/www.ihbohemia.com\/de\/wp-json\/wp\/v2\/types\/page"}],"author":[{"embeddable":true,"href":"https:\/\/www.ihbohemia.com\/de\/wp-json\/wp\/v2\/users\/4"}],"replies":[{"embeddable":true,"href":"https:\/\/www.ihbohemia.com\/de\/wp-json\/wp\/v2\/comments?post=411"}],"version-history":[{"count":0,"href":"https:\/\/www.ihbohemia.com\/de\/wp-json\/wp\/v2\/pages\/411\/revisions"}],"up":[{"embeddable":true,"href":"https:\/\/www.ihbohemia.com\/de\/wp-json\/wp\/v2\/pages\/409"}],"wp:attachment":[{"href":"https:\/\/www.ihbohemia.com\/de\/wp-json\/wp\/v2\/media?parent=411"}],"curies":[{"name":"wp","href":"https:\/\/api.w.org\/{rel}","templated":true}]}}