{"id":405,"date":"2019-07-24T13:41:15","date_gmt":"2019-07-24T13:41:15","guid":{"rendered":"http:\/\/interhotelbohemia.ms.decms.eu\/?page_id=405"},"modified":"2019-07-24T13:41:27","modified_gmt":"2019-07-24T13:41:27","slug":"mittagessen","status":"publish","type":"page","link":"https:\/\/www.ihbohemia.com\/de\/restaurant\/mittagessen\/","title":{"rendered":"Mittagessen"},"content":{"rendered":"<ul>\n<li>Zu Ihren Veranstaltungen, Konferenzionen, Seminare, Ausbildungen bereiten wir f\u00fcr Sie Mittagessen nach dem Konvention vor.<\/li>\n<li>Ist m\u00f6glich Mittagessen f\u00fcr gr\u00f6\u03b2ere und kleinere Gruppen von G\u00e4sten bestelen.<\/li>\n<li>Wir bereiten Mittagessen f\u00fcr Reisegruppen auf ihren Wunnsch vor.<\/li>\n<\/ul>\n","protected":false},"excerpt":{"rendered":"<p>Zu Ihren Veranstaltungen, Konferenzionen, Seminare, Ausbildungen bereiten wir f\u00fcr Sie Mittagessen nach dem Konvention vor. Ist m\u00f6glich Mittagessen f\u00fcr gr\u00f6\u03b2ere und kleinere Gruppen von G\u00e4sten bestelen. Wir bereiten Mittagessen f\u00fcr Reisegruppen auf ihren Wunnsch vor.<\/p>\n","protected":false},"author":4,"featured_media":0,"parent":401,"menu_order":30,"comment_status":"closed","ping_status":"closed","template":"template-single-restaurant.php","meta":{"footnotes":""},"class_list":["post-405","page","type-page","status-publish","hentry"],"yoast_head":"<!-- This site is optimized with the Yoast SEO plugin v26.9 - https:\/\/yoast.com\/product\/yoast-seo-wordpress\/ -->\n<title>Mittagessen - Interhotel Bohemia<\/title>\n<meta name=\"robots\" content=\"index, follow, max-snippet:-1, max-image-preview:large, max-video-preview:-1\" \/>\n<link rel=\"canonical\" href=\"https:\/\/www.ihbohemia.com\/de\/restaurant\/mittagessen\/\" \/>\n<meta property=\"og:locale\" content=\"de_DE\" \/>\n<meta property=\"og:type\" content=\"article\" \/>\n<meta property=\"og:title\" content=\"Mittagessen - Interhotel Bohemia\" \/>\n<meta property=\"og:description\" content=\"Zu Ihren Veranstaltungen, Konferenzionen, Seminare, Ausbildungen bereiten wir f\u00fcr Sie Mittagessen nach dem Konvention vor. Ist m\u00f6glich Mittagessen f\u00fcr gr\u00f6\u03b2ere und kleinere Gruppen von G\u00e4sten bestelen. Wir bereiten Mittagessen f\u00fcr Reisegruppen auf ihren Wunnsch vor.\" \/>\n<meta property=\"og:url\" content=\"https:\/\/www.ihbohemia.com\/de\/restaurant\/mittagessen\/\" \/>\n<meta property=\"og:site_name\" content=\"Interhotel Bohemia\" \/>\n<meta property=\"article:modified_time\" content=\"2019-07-24T13:41:27+00:00\" \/>\n<meta name=\"twitter:card\" content=\"summary_large_image\" \/>\n<script type=\"application\/ld+json\" class=\"yoast-schema-graph\">{\"@context\":\"https:\/\/schema.org\",\"@graph\":[{\"@type\":\"WebPage\",\"@id\":\"https:\/\/www.ihbohemia.com\/de\/restaurant\/mittagessen\/\",\"url\":\"https:\/\/www.ihbohemia.com\/de\/restaurant\/mittagessen\/\",\"name\":\"Mittagessen - Interhotel Bohemia\",\"isPartOf\":{\"@id\":\"https:\/\/www.ihbohemia.com\/de\/#website\"},\"datePublished\":\"2019-07-24T13:41:15+00:00\",\"dateModified\":\"2019-07-24T13:41:27+00:00\",\"breadcrumb\":{\"@id\":\"https:\/\/www.ihbohemia.com\/de\/restaurant\/mittagessen\/#breadcrumb\"},\"inLanguage\":\"de-DE\",\"potentialAction\":[{\"@type\":\"ReadAction\",\"target\":[\"https:\/\/www.ihbohemia.com\/de\/restaurant\/mittagessen\/\"]}]},{\"@type\":\"BreadcrumbList\",\"@id\":\"https:\/\/www.ihbohemia.com\/de\/restaurant\/mittagessen\/#breadcrumb\",\"itemListElement\":[{\"@type\":\"ListItem\",\"position\":1,\"name\":\"Home\",\"item\":\"https:\/\/www.ihbohemia.com\/de\/\"},{\"@type\":\"ListItem\",\"position\":2,\"name\":\"Restaurant\",\"item\":\"https:\/\/www.ihbohemia.com\/de\/restaurant\/\"},{\"@type\":\"ListItem\",\"position\":3,\"name\":\"Mittagessen\"}]},{\"@type\":\"WebSite\",\"@id\":\"https:\/\/www.ihbohemia.com\/de\/#website\",\"url\":\"https:\/\/www.ihbohemia.com\/de\/\",\"name\":\"Interhotel Bohemia\",\"description\":\"Just another ms.decms.eu site\",\"potentialAction\":[{\"@type\":\"SearchAction\",\"target\":{\"@type\":\"EntryPoint\",\"urlTemplate\":\"https:\/\/www.ihbohemia.com\/de\/?s={search_term_string}\"},\"query-input\":{\"@type\":\"PropertyValueSpecification\",\"valueRequired\":true,\"valueName\":\"search_term_string\"}}],\"inLanguage\":\"de-DE\"}]}<\/script>\n<!-- \/ Yoast SEO plugin. -->","yoast_head_json":{"title":"Mittagessen - Interhotel Bohemia","robots":{"index":"index","follow":"follow","max-snippet":"max-snippet:-1","max-image-preview":"max-image-preview:large","max-video-preview":"max-video-preview:-1"},"canonical":"https:\/\/www.ihbohemia.com\/de\/restaurant\/mittagessen\/","og_locale":"de_DE","og_type":"article","og_title":"Mittagessen - Interhotel Bohemia","og_description":"Zu Ihren Veranstaltungen, Konferenzionen, Seminare, Ausbildungen bereiten wir f\u00fcr Sie Mittagessen nach dem Konvention vor. Ist m\u00f6glich Mittagessen f\u00fcr gr\u00f6\u03b2ere und kleinere Gruppen von G\u00e4sten bestelen. Wir bereiten Mittagessen f\u00fcr Reisegruppen auf ihren Wunnsch vor.","og_url":"https:\/\/www.ihbohemia.com\/de\/restaurant\/mittagessen\/","og_site_name":"Interhotel Bohemia","article_modified_time":"2019-07-24T13:41:27+00:00","twitter_card":"summary_large_image","schema":{"@context":"https:\/\/schema.org","@graph":[{"@type":"WebPage","@id":"https:\/\/www.ihbohemia.com\/de\/restaurant\/mittagessen\/","url":"https:\/\/www.ihbohemia.com\/de\/restaurant\/mittagessen\/","name":"Mittagessen - Interhotel Bohemia","isPartOf":{"@id":"https:\/\/www.ihbohemia.com\/de\/#website"},"datePublished":"2019-07-24T13:41:15+00:00","dateModified":"2019-07-24T13:41:27+00:00","breadcrumb":{"@id":"https:\/\/www.ihbohemia.com\/de\/restaurant\/mittagessen\/#breadcrumb"},"inLanguage":"de-DE","potentialAction":[{"@type":"ReadAction","target":["https:\/\/www.ihbohemia.com\/de\/restaurant\/mittagessen\/"]}]},{"@type":"BreadcrumbList","@id":"https:\/\/www.ihbohemia.com\/de\/restaurant\/mittagessen\/#breadcrumb","itemListElement":[{"@type":"ListItem","position":1,"name":"Home","item":"https:\/\/www.ihbohemia.com\/de\/"},{"@type":"ListItem","position":2,"name":"Restaurant","item":"https:\/\/www.ihbohemia.com\/de\/restaurant\/"},{"@type":"ListItem","position":3,"name":"Mittagessen"}]},{"@type":"WebSite","@id":"https:\/\/www.ihbohemia.com\/de\/#website","url":"https:\/\/www.ihbohemia.com\/de\/","name":"Interhotel Bohemia","description":"Just another ms.decms.eu site","potentialAction":[{"@type":"SearchAction","target":{"@type":"EntryPoint","urlTemplate":"https:\/\/www.ihbohemia.com\/de\/?s={search_term_string}"},"query-input":{"@type":"PropertyValueSpecification","valueRequired":true,"valueName":"search_term_string"}}],"inLanguage":"de-DE"}]}},"acf":[],"_links":{"self":[{"href":"https:\/\/www.ihbohemia.com\/de\/wp-json\/wp\/v2\/pages\/405","targetHints":{"allow":["GET"]}}],"collection":[{"href":"https:\/\/www.ihbohemia.com\/de\/wp-json\/wp\/v2\/pages"}],"about":[{"href":"https:\/\/www.ihbohemia.com\/de\/wp-json\/wp\/v2\/types\/page"}],"author":[{"embeddable":true,"href":"https:\/\/www.ihbohemia.com\/de\/wp-json\/wp\/v2\/users\/4"}],"replies":[{"embeddable":true,"href":"https:\/\/www.ihbohemia.com\/de\/wp-json\/wp\/v2\/comments?post=405"}],"version-history":[{"count":0,"href":"https:\/\/www.ihbohemia.com\/de\/wp-json\/wp\/v2\/pages\/405\/revisions"}],"up":[{"embeddable":true,"href":"https:\/\/www.ihbohemia.com\/de\/wp-json\/wp\/v2\/pages\/401"}],"wp:attachment":[{"href":"https:\/\/www.ihbohemia.com\/de\/wp-json\/wp\/v2\/media?parent=405"}],"curies":[{"name":"wp","href":"https:\/\/api.w.org\/{rel}","templated":true}]}}