{"id":401,"date":"2019-07-24T13:35:41","date_gmt":"2019-07-24T13:35:41","guid":{"rendered":"http:\/\/interhotelbohemia.ms.decms.eu\/?page_id=401"},"modified":"2019-07-24T13:35:41","modified_gmt":"2019-07-24T13:35:41","slug":"restaurant","status":"publish","type":"page","link":"https:\/\/www.ihbohemia.com\/de\/restaurant\/","title":{"rendered":"Restaurant"},"content":{"rendered":"<p>Restaurant hat lange Tradition mit qualifizierten Personal. Restaurant bietet die regionale und auch internationale K\u00fcche an. Wir vorbereiten gesunde und hochwertige Speisen nach grosse Angebot aus Speisekarte. Unsere K\u00f6che sind Proffesionale mit langj\u00e4hrige Praxis.<\/p>\n<p>&nbsp;<\/p>\n<p><strong>KAPAZIT\u00c4T<\/strong><br \/>\n<strong>100<\/strong>\u00a0G\u00e4ste (plus 80 G\u00e4ste in Lobby)<\/p>\n<p>&nbsp;<\/p>\n<p><strong>Angebot<\/strong><br \/>\nklassische alkoholische Getr\u00e4nke, Softdrinks, grosse Auswahl Wien, Kaffee, Tee, Bier, z.B. Pilsner Urquell (Fassbier und Flaschenbier), Whiskey usw.<br \/>\nWir freuen uns auf Ihren Besuch.<\/p>\n","protected":false},"excerpt":{"rendered":"<p>Restaurant hat lange Tradition mit qualifizierten Personal. Restaurant bietet die regionale und auch internationale K\u00fcche an. Wir vorbereiten gesunde und hochwertige Speisen nach grosse Angebot aus Speisekarte. Unsere K\u00f6che sind Proffesionale mit langj\u00e4hrige Praxis. &nbsp; KAPAZIT\u00c4T 100\u00a0G\u00e4ste (plus 80 G\u00e4ste in Lobby) &nbsp; Angebot klassische alkoholische Getr\u00e4nke, Softdrinks, grosse Auswahl Wien, Kaffee, Tee, Bier, z.B. [&hellip;]<\/p>\n","protected":false},"author":4,"featured_media":0,"parent":0,"menu_order":20,"comment_status":"closed","ping_status":"closed","template":"template-restaurants.php","meta":{"footnotes":""},"class_list":["post-401","page","type-page","status-publish","hentry"],"yoast_head":"<!-- This site is optimized with the Yoast SEO plugin v26.9 - https:\/\/yoast.com\/product\/yoast-seo-wordpress\/ -->\n<title>Restaurant - Interhotel Bohemia<\/title>\n<meta name=\"robots\" content=\"index, follow, max-snippet:-1, max-image-preview:large, max-video-preview:-1\" \/>\n<link rel=\"canonical\" href=\"https:\/\/www.ihbohemia.com\/de\/restaurant\/\" \/>\n<meta property=\"og:locale\" content=\"de_DE\" \/>\n<meta property=\"og:type\" content=\"article\" \/>\n<meta property=\"og:title\" content=\"Restaurant - Interhotel Bohemia\" \/>\n<meta property=\"og:description\" content=\"Restaurant hat lange Tradition mit qualifizierten Personal. Restaurant bietet die regionale und auch internationale K\u00fcche an. Wir vorbereiten gesunde und hochwertige Speisen nach grosse Angebot aus Speisekarte. Unsere K\u00f6che sind Proffesionale mit langj\u00e4hrige Praxis. &nbsp; KAPAZIT\u00c4T 100\u00a0G\u00e4ste (plus 80 G\u00e4ste in Lobby) &nbsp; Angebot klassische alkoholische Getr\u00e4nke, Softdrinks, grosse Auswahl Wien, Kaffee, Tee, Bier, z.B. [&hellip;]\" \/>\n<meta property=\"og:url\" content=\"https:\/\/www.ihbohemia.com\/de\/restaurant\/\" \/>\n<meta property=\"og:site_name\" content=\"Interhotel Bohemia\" \/>\n<meta name=\"twitter:card\" content=\"summary_large_image\" \/>\n<script type=\"application\/ld+json\" class=\"yoast-schema-graph\">{\"@context\":\"https:\/\/schema.org\",\"@graph\":[{\"@type\":\"WebPage\",\"@id\":\"https:\/\/www.ihbohemia.com\/de\/restaurant\/\",\"url\":\"https:\/\/www.ihbohemia.com\/de\/restaurant\/\",\"name\":\"Restaurant - Interhotel Bohemia\",\"isPartOf\":{\"@id\":\"https:\/\/www.ihbohemia.com\/de\/#website\"},\"datePublished\":\"2019-07-24T13:35:41+00:00\",\"breadcrumb\":{\"@id\":\"https:\/\/www.ihbohemia.com\/de\/restaurant\/#breadcrumb\"},\"inLanguage\":\"de-DE\",\"potentialAction\":[{\"@type\":\"ReadAction\",\"target\":[\"https:\/\/www.ihbohemia.com\/de\/restaurant\/\"]}]},{\"@type\":\"BreadcrumbList\",\"@id\":\"https:\/\/www.ihbohemia.com\/de\/restaurant\/#breadcrumb\",\"itemListElement\":[{\"@type\":\"ListItem\",\"position\":1,\"name\":\"Home\",\"item\":\"https:\/\/www.ihbohemia.com\/de\/\"},{\"@type\":\"ListItem\",\"position\":2,\"name\":\"Restaurant\"}]},{\"@type\":\"WebSite\",\"@id\":\"https:\/\/www.ihbohemia.com\/de\/#website\",\"url\":\"https:\/\/www.ihbohemia.com\/de\/\",\"name\":\"Interhotel Bohemia\",\"description\":\"Just another ms.decms.eu site\",\"potentialAction\":[{\"@type\":\"SearchAction\",\"target\":{\"@type\":\"EntryPoint\",\"urlTemplate\":\"https:\/\/www.ihbohemia.com\/de\/?s={search_term_string}\"},\"query-input\":{\"@type\":\"PropertyValueSpecification\",\"valueRequired\":true,\"valueName\":\"search_term_string\"}}],\"inLanguage\":\"de-DE\"}]}<\/script>\n<!-- \/ Yoast SEO plugin. -->","yoast_head_json":{"title":"Restaurant - Interhotel Bohemia","robots":{"index":"index","follow":"follow","max-snippet":"max-snippet:-1","max-image-preview":"max-image-preview:large","max-video-preview":"max-video-preview:-1"},"canonical":"https:\/\/www.ihbohemia.com\/de\/restaurant\/","og_locale":"de_DE","og_type":"article","og_title":"Restaurant - Interhotel Bohemia","og_description":"Restaurant hat lange Tradition mit qualifizierten Personal. Restaurant bietet die regionale und auch internationale K\u00fcche an. Wir vorbereiten gesunde und hochwertige Speisen nach grosse Angebot aus Speisekarte. Unsere K\u00f6che sind Proffesionale mit langj\u00e4hrige Praxis. &nbsp; KAPAZIT\u00c4T 100\u00a0G\u00e4ste (plus 80 G\u00e4ste in Lobby) &nbsp; Angebot klassische alkoholische Getr\u00e4nke, Softdrinks, grosse Auswahl Wien, Kaffee, Tee, Bier, z.B. [&hellip;]","og_url":"https:\/\/www.ihbohemia.com\/de\/restaurant\/","og_site_name":"Interhotel Bohemia","twitter_card":"summary_large_image","schema":{"@context":"https:\/\/schema.org","@graph":[{"@type":"WebPage","@id":"https:\/\/www.ihbohemia.com\/de\/restaurant\/","url":"https:\/\/www.ihbohemia.com\/de\/restaurant\/","name":"Restaurant - Interhotel Bohemia","isPartOf":{"@id":"https:\/\/www.ihbohemia.com\/de\/#website"},"datePublished":"2019-07-24T13:35:41+00:00","breadcrumb":{"@id":"https:\/\/www.ihbohemia.com\/de\/restaurant\/#breadcrumb"},"inLanguage":"de-DE","potentialAction":[{"@type":"ReadAction","target":["https:\/\/www.ihbohemia.com\/de\/restaurant\/"]}]},{"@type":"BreadcrumbList","@id":"https:\/\/www.ihbohemia.com\/de\/restaurant\/#breadcrumb","itemListElement":[{"@type":"ListItem","position":1,"name":"Home","item":"https:\/\/www.ihbohemia.com\/de\/"},{"@type":"ListItem","position":2,"name":"Restaurant"}]},{"@type":"WebSite","@id":"https:\/\/www.ihbohemia.com\/de\/#website","url":"https:\/\/www.ihbohemia.com\/de\/","name":"Interhotel Bohemia","description":"Just another ms.decms.eu site","potentialAction":[{"@type":"SearchAction","target":{"@type":"EntryPoint","urlTemplate":"https:\/\/www.ihbohemia.com\/de\/?s={search_term_string}"},"query-input":{"@type":"PropertyValueSpecification","valueRequired":true,"valueName":"search_term_string"}}],"inLanguage":"de-DE"}]}},"acf":[],"_links":{"self":[{"href":"https:\/\/www.ihbohemia.com\/de\/wp-json\/wp\/v2\/pages\/401","targetHints":{"allow":["GET"]}}],"collection":[{"href":"https:\/\/www.ihbohemia.com\/de\/wp-json\/wp\/v2\/pages"}],"about":[{"href":"https:\/\/www.ihbohemia.com\/de\/wp-json\/wp\/v2\/types\/page"}],"author":[{"embeddable":true,"href":"https:\/\/www.ihbohemia.com\/de\/wp-json\/wp\/v2\/users\/4"}],"replies":[{"embeddable":true,"href":"https:\/\/www.ihbohemia.com\/de\/wp-json\/wp\/v2\/comments?post=401"}],"version-history":[{"count":0,"href":"https:\/\/www.ihbohemia.com\/de\/wp-json\/wp\/v2\/pages\/401\/revisions"}],"wp:attachment":[{"href":"https:\/\/www.ihbohemia.com\/de\/wp-json\/wp\/v2\/media?parent=401"}],"curies":[{"name":"wp","href":"https:\/\/api.w.org\/{rel}","templated":true}]}}