{"id":400,"date":"2019-07-24T13:34:06","date_gmt":"2019-07-24T13:34:06","guid":{"rendered":"http:\/\/interhotelbohemia.ms.decms.eu\/?page_id=400"},"modified":"2019-09-17T15:17:06","modified_gmt":"2019-09-17T15:17:06","slug":"tiefgarage","status":"publish","type":"page","link":"https:\/\/www.ihbohemia.com\/de\/zimmer\/tiefgarage\/","title":{"rendered":"Tiefgarage"},"content":{"rendered":"<p>Fahren Sie mit Auto, mit Fahrrad oder mit Motorrad?<br \/>\nDann gibt\u00b4s da Ihnen unsere Tiefgarage zur Verf\u00fcgung, die ist direkt im Hotelgeb\u00e4ude.<\/p>\n<ul>\n<li>24 Stunden CCTV Recording System<\/li>\n<li>Garagentor ist fernbedient aus Rezeption<\/li>\n<li>Direkter Zugang zu den Aufz\u00fcgen &#8211; an die Rezeption und zu Zimmern<\/li>\n<\/ul>\n<p>&nbsp;<\/p>\n<p><img loading=\"lazy\" decoding=\"async\" class=\"alignnone size-medium wp-image-811\" src=\"http:\/\/interhotelbohemia.ms.decms.eu\/wp-content\/uploads\/sites\/68\/2019\/09\/ihbohemia-garage_thumb-min-300x200.jpg\" alt=\"\" width=\"300\" height=\"200\" srcset=\"https:\/\/www.ihbohemia.com\/wp-content\/uploads\/sites\/68\/2019\/09\/ihbohemia-garage_thumb-min-300x200.jpg 300w, https:\/\/www.ihbohemia.com\/wp-content\/uploads\/sites\/68\/2019\/09\/ihbohemia-garage_thumb-min-768x512.jpg 768w, https:\/\/www.ihbohemia.com\/wp-content\/uploads\/sites\/68\/2019\/09\/ihbohemia-garage_thumb-min-1024x683.jpg 1024w, https:\/\/www.ihbohemia.com\/wp-content\/uploads\/sites\/68\/2019\/09\/ihbohemia-garage_thumb-min.jpg 1200w, https:\/\/www.ihbohemia.com\/wp-content\/uploads\/sites\/68\/2019\/09\/ihbohemia-garage_thumb-min-340x227.jpg 340w, https:\/\/www.ihbohemia.com\/wp-content\/uploads\/sites\/68\/2019\/09\/ihbohemia-garage_thumb-min-272x181.jpg 272w, https:\/\/www.ihbohemia.com\/wp-content\/uploads\/sites\/68\/2019\/09\/ihbohemia-garage_thumb-min-204x136.jpg 204w, https:\/\/www.ihbohemia.com\/wp-content\/uploads\/sites\/68\/2019\/09\/ihbohemia-garage_thumb-min-600x400.jpg 600w, https:\/\/www.ihbohemia.com\/wp-content\/uploads\/sites\/68\/2019\/09\/ihbohemia-garage_thumb-min-480x320.jpg 480w\" sizes=\"auto, (max-width: 300px) 100vw, 300px\" \/><\/p>\n","protected":false},"excerpt":{"rendered":"<p>Fahren Sie mit Auto, mit Fahrrad oder mit Motorrad? Dann gibt\u00b4s da Ihnen unsere Tiefgarage zur Verf\u00fcgung, die ist direkt im Hotelgeb\u00e4ude. 24 Stunden CCTV Recording System Garagentor ist fernbedient aus Rezeption Direkter Zugang zu den Aufz\u00fcgen &#8211; an die Rezeption und zu Zimmern &nbsp;<\/p>\n","protected":false},"author":4,"featured_media":0,"parent":392,"menu_order":70,"comment_status":"closed","ping_status":"closed","template":"template-single-room.php","meta":{"footnotes":""},"class_list":["post-400","page","type-page","status-publish","hentry"],"yoast_head":"<!-- This site is optimized with the Yoast SEO plugin v26.9 - https:\/\/yoast.com\/product\/yoast-seo-wordpress\/ -->\n<title>Tiefgarage - Interhotel Bohemia<\/title>\n<meta name=\"robots\" content=\"index, follow, max-snippet:-1, max-image-preview:large, max-video-preview:-1\" \/>\n<link rel=\"canonical\" href=\"https:\/\/www.ihbohemia.com\/de\/zimmer\/tiefgarage\/\" \/>\n<meta property=\"og:locale\" content=\"de_DE\" \/>\n<meta property=\"og:type\" content=\"article\" \/>\n<meta property=\"og:title\" content=\"Tiefgarage - Interhotel Bohemia\" \/>\n<meta property=\"og:description\" content=\"Fahren Sie mit Auto, mit Fahrrad oder mit Motorrad? Dann gibt\u00b4s da Ihnen unsere Tiefgarage zur Verf\u00fcgung, die ist direkt im Hotelgeb\u00e4ude. 24 Stunden CCTV Recording System Garagentor ist fernbedient aus Rezeption Direkter Zugang zu den Aufz\u00fcgen &#8211; an die Rezeption und zu Zimmern &nbsp;\" \/>\n<meta property=\"og:url\" content=\"https:\/\/www.ihbohemia.com\/de\/zimmer\/tiefgarage\/\" \/>\n<meta property=\"og:site_name\" content=\"Interhotel Bohemia\" \/>\n<meta property=\"article:modified_time\" content=\"2019-09-17T15:17:06+00:00\" \/>\n<meta property=\"og:image\" content=\"http:\/\/interhotelbohemia.ms.decms.eu\/wp-content\/uploads\/sites\/68\/2019\/09\/ihbohemia-garage_thumb-min-300x200.jpg\" \/>\n<meta name=\"twitter:card\" content=\"summary_large_image\" \/>\n<script type=\"application\/ld+json\" class=\"yoast-schema-graph\">{\"@context\":\"https:\/\/schema.org\",\"@graph\":[{\"@type\":\"WebPage\",\"@id\":\"https:\/\/www.ihbohemia.com\/de\/zimmer\/tiefgarage\/\",\"url\":\"https:\/\/www.ihbohemia.com\/de\/zimmer\/tiefgarage\/\",\"name\":\"Tiefgarage - Interhotel Bohemia\",\"isPartOf\":{\"@id\":\"https:\/\/www.ihbohemia.com\/de\/#website\"},\"primaryImageOfPage\":{\"@id\":\"https:\/\/www.ihbohemia.com\/de\/zimmer\/tiefgarage\/#primaryimage\"},\"image\":{\"@id\":\"https:\/\/www.ihbohemia.com\/de\/zimmer\/tiefgarage\/#primaryimage\"},\"thumbnailUrl\":\"http:\/\/interhotelbohemia.ms.decms.eu\/wp-content\/uploads\/sites\/68\/2019\/09\/ihbohemia-garage_thumb-min-300x200.jpg\",\"datePublished\":\"2019-07-24T13:34:06+00:00\",\"dateModified\":\"2019-09-17T15:17:06+00:00\",\"breadcrumb\":{\"@id\":\"https:\/\/www.ihbohemia.com\/de\/zimmer\/tiefgarage\/#breadcrumb\"},\"inLanguage\":\"de-DE\",\"potentialAction\":[{\"@type\":\"ReadAction\",\"target\":[\"https:\/\/www.ihbohemia.com\/de\/zimmer\/tiefgarage\/\"]}]},{\"@type\":\"ImageObject\",\"inLanguage\":\"de-DE\",\"@id\":\"https:\/\/www.ihbohemia.com\/de\/zimmer\/tiefgarage\/#primaryimage\",\"url\":\"http:\/\/interhotelbohemia.ms.decms.eu\/wp-content\/uploads\/sites\/68\/2019\/09\/ihbohemia-garage_thumb-min-300x200.jpg\",\"contentUrl\":\"http:\/\/interhotelbohemia.ms.decms.eu\/wp-content\/uploads\/sites\/68\/2019\/09\/ihbohemia-garage_thumb-min-300x200.jpg\"},{\"@type\":\"BreadcrumbList\",\"@id\":\"https:\/\/www.ihbohemia.com\/de\/zimmer\/tiefgarage\/#breadcrumb\",\"itemListElement\":[{\"@type\":\"ListItem\",\"position\":1,\"name\":\"Home\",\"item\":\"https:\/\/www.ihbohemia.com\/de\/\"},{\"@type\":\"ListItem\",\"position\":2,\"name\":\"Zimmer\",\"item\":\"https:\/\/www.ihbohemia.com\/de\/zimmer\/\"},{\"@type\":\"ListItem\",\"position\":3,\"name\":\"Tiefgarage\"}]},{\"@type\":\"WebSite\",\"@id\":\"https:\/\/www.ihbohemia.com\/de\/#website\",\"url\":\"https:\/\/www.ihbohemia.com\/de\/\",\"name\":\"Interhotel Bohemia\",\"description\":\"Just another ms.decms.eu site\",\"potentialAction\":[{\"@type\":\"SearchAction\",\"target\":{\"@type\":\"EntryPoint\",\"urlTemplate\":\"https:\/\/www.ihbohemia.com\/de\/?s={search_term_string}\"},\"query-input\":{\"@type\":\"PropertyValueSpecification\",\"valueRequired\":true,\"valueName\":\"search_term_string\"}}],\"inLanguage\":\"de-DE\"}]}<\/script>\n<!-- \/ Yoast SEO plugin. -->","yoast_head_json":{"title":"Tiefgarage - Interhotel Bohemia","robots":{"index":"index","follow":"follow","max-snippet":"max-snippet:-1","max-image-preview":"max-image-preview:large","max-video-preview":"max-video-preview:-1"},"canonical":"https:\/\/www.ihbohemia.com\/de\/zimmer\/tiefgarage\/","og_locale":"de_DE","og_type":"article","og_title":"Tiefgarage - Interhotel Bohemia","og_description":"Fahren Sie mit Auto, mit Fahrrad oder mit Motorrad? Dann gibt\u00b4s da Ihnen unsere Tiefgarage zur Verf\u00fcgung, die ist direkt im Hotelgeb\u00e4ude. 24 Stunden CCTV Recording System Garagentor ist fernbedient aus Rezeption Direkter Zugang zu den Aufz\u00fcgen &#8211; an die Rezeption und zu Zimmern &nbsp;","og_url":"https:\/\/www.ihbohemia.com\/de\/zimmer\/tiefgarage\/","og_site_name":"Interhotel Bohemia","article_modified_time":"2019-09-17T15:17:06+00:00","og_image":[{"url":"http:\/\/interhotelbohemia.ms.decms.eu\/wp-content\/uploads\/sites\/68\/2019\/09\/ihbohemia-garage_thumb-min-300x200.jpg","type":"","width":"","height":""}],"twitter_card":"summary_large_image","schema":{"@context":"https:\/\/schema.org","@graph":[{"@type":"WebPage","@id":"https:\/\/www.ihbohemia.com\/de\/zimmer\/tiefgarage\/","url":"https:\/\/www.ihbohemia.com\/de\/zimmer\/tiefgarage\/","name":"Tiefgarage - Interhotel Bohemia","isPartOf":{"@id":"https:\/\/www.ihbohemia.com\/de\/#website"},"primaryImageOfPage":{"@id":"https:\/\/www.ihbohemia.com\/de\/zimmer\/tiefgarage\/#primaryimage"},"image":{"@id":"https:\/\/www.ihbohemia.com\/de\/zimmer\/tiefgarage\/#primaryimage"},"thumbnailUrl":"http:\/\/interhotelbohemia.ms.decms.eu\/wp-content\/uploads\/sites\/68\/2019\/09\/ihbohemia-garage_thumb-min-300x200.jpg","datePublished":"2019-07-24T13:34:06+00:00","dateModified":"2019-09-17T15:17:06+00:00","breadcrumb":{"@id":"https:\/\/www.ihbohemia.com\/de\/zimmer\/tiefgarage\/#breadcrumb"},"inLanguage":"de-DE","potentialAction":[{"@type":"ReadAction","target":["https:\/\/www.ihbohemia.com\/de\/zimmer\/tiefgarage\/"]}]},{"@type":"ImageObject","inLanguage":"de-DE","@id":"https:\/\/www.ihbohemia.com\/de\/zimmer\/tiefgarage\/#primaryimage","url":"http:\/\/interhotelbohemia.ms.decms.eu\/wp-content\/uploads\/sites\/68\/2019\/09\/ihbohemia-garage_thumb-min-300x200.jpg","contentUrl":"http:\/\/interhotelbohemia.ms.decms.eu\/wp-content\/uploads\/sites\/68\/2019\/09\/ihbohemia-garage_thumb-min-300x200.jpg"},{"@type":"BreadcrumbList","@id":"https:\/\/www.ihbohemia.com\/de\/zimmer\/tiefgarage\/#breadcrumb","itemListElement":[{"@type":"ListItem","position":1,"name":"Home","item":"https:\/\/www.ihbohemia.com\/de\/"},{"@type":"ListItem","position":2,"name":"Zimmer","item":"https:\/\/www.ihbohemia.com\/de\/zimmer\/"},{"@type":"ListItem","position":3,"name":"Tiefgarage"}]},{"@type":"WebSite","@id":"https:\/\/www.ihbohemia.com\/de\/#website","url":"https:\/\/www.ihbohemia.com\/de\/","name":"Interhotel Bohemia","description":"Just another ms.decms.eu site","potentialAction":[{"@type":"SearchAction","target":{"@type":"EntryPoint","urlTemplate":"https:\/\/www.ihbohemia.com\/de\/?s={search_term_string}"},"query-input":{"@type":"PropertyValueSpecification","valueRequired":true,"valueName":"search_term_string"}}],"inLanguage":"de-DE"}]}},"acf":[],"_links":{"self":[{"href":"https:\/\/www.ihbohemia.com\/de\/wp-json\/wp\/v2\/pages\/400","targetHints":{"allow":["GET"]}}],"collection":[{"href":"https:\/\/www.ihbohemia.com\/de\/wp-json\/wp\/v2\/pages"}],"about":[{"href":"https:\/\/www.ihbohemia.com\/de\/wp-json\/wp\/v2\/types\/page"}],"author":[{"embeddable":true,"href":"https:\/\/www.ihbohemia.com\/de\/wp-json\/wp\/v2\/users\/4"}],"replies":[{"embeddable":true,"href":"https:\/\/www.ihbohemia.com\/de\/wp-json\/wp\/v2\/comments?post=400"}],"version-history":[{"count":0,"href":"https:\/\/www.ihbohemia.com\/de\/wp-json\/wp\/v2\/pages\/400\/revisions"}],"up":[{"embeddable":true,"href":"https:\/\/www.ihbohemia.com\/de\/wp-json\/wp\/v2\/pages\/392"}],"wp:attachment":[{"href":"https:\/\/www.ihbohemia.com\/de\/wp-json\/wp\/v2\/media?parent=400"}],"curies":[{"name":"wp","href":"https:\/\/api.w.org\/{rel}","templated":true}]}}