{"id":391,"date":"2019-07-24T13:13:30","date_gmt":"2019-07-24T13:13:30","guid":{"rendered":"http:\/\/interhotelbohemia.ms.decms.eu\/?page_id=391"},"modified":"2020-05-26T14:57:55","modified_gmt":"2020-05-26T14:57:55","slug":"interhotel-bohemia","status":"publish","type":"page","link":"https:\/\/www.ihbohemia.com\/de\/","title":{"rendered":"Interhotel Bohemia"},"content":{"rendered":"<p><strong>Interhotel Bohemia<\/strong> ist Drei-Sterne-Hotel. Das Hotel befindet sich direkt in der Mitte der Kreisstadt \u00dast\u00ed nad Labem und <strong>dient zu den gr\u00f6\u00dften Hotels in der Region<\/strong>. Dieses Hotel ist g\u00fcnstig nicht nur f\u00fcr einzelne Touristen sondern auch f\u00fcr Gruppen. \u00dast\u00ed nad Labem: <strong>10 km von Grenz\u00fcberg\u00e4ngen des Deutschlands<\/strong>, 60 km von Dresden, 85 km von dem Prag-Flughafen.<\/p>\n<p><strong>INTERHOTEL BOHEMIA IN NUCE<\/strong><\/p>\n<ul>\n<li>In der Mitte \u2013 ein zentraler Platz<\/li>\n<li>Die Unterkunft &#8211; 81 modern Zimmer<\/li>\n<li>Wi-Fi Internet gratis<\/li>\n<li>Gute Gastronomie \u2013 unseres Restaurant bietet die regionale aber auch internationale K\u00fcche an<\/li>\n<li>Zwei Konferenzr\u00e4ume, jeder mit der Kapazit\u00e4t bis 35 Personen &#8211; klimatisiert<\/li>\n<li>Ein Konferenzraum mit der Kapazit\u00e4t bis 40 Personen &#8211; klimatisiert, die M\u00f6glichkeit der Verbindung mit dem Konferenzsaal<\/li>\n<li>Ein Konferenzsaal mit der Kapazit\u00e4t von 100 Personen \u2013 klimatisiert<\/li>\n<li>Eine Tiefgarage, Parkplatz f\u00fcr Busse (4 Busse)<\/li>\n<li>5 Minuten von dem Bahnhof und Busbahnhof \u2013 zu Fu\u00df<\/li>\n<li>Die Bezahlung ist m\u00f6glich auch mit der Kreditkarte: Mastercard, VISA, Visa Electron, Maestro, American Express<\/li>\n<\/ul>\n","protected":false},"excerpt":{"rendered":"<p>Interhotel Bohemia ist Drei-Sterne-Hotel. Das Hotel befindet sich direkt in der Mitte der Kreisstadt \u00dast\u00ed nad Labem und dient zu den gr\u00f6\u00dften Hotels in der Region. Dieses Hotel ist g\u00fcnstig nicht nur f\u00fcr einzelne Touristen sondern auch f\u00fcr Gruppen. \u00dast\u00ed nad Labem: 10 km von Grenz\u00fcberg\u00e4ngen des Deutschlands, 60 km von Dresden, 85 km von [&hellip;]<\/p>\n","protected":false},"author":4,"featured_media":0,"parent":0,"menu_order":0,"comment_status":"closed","ping_status":"closed","template":"front-page.php","meta":{"footnotes":""},"class_list":["post-391","page","type-page","status-publish","hentry"],"yoast_head":"<!-- This site is optimized with the Yoast SEO plugin v26.9 - https:\/\/yoast.com\/product\/yoast-seo-wordpress\/ -->\n<title>Interhotel Bohemia - Interhotel Bohemia<\/title>\n<meta name=\"robots\" content=\"index, follow, max-snippet:-1, max-image-preview:large, max-video-preview:-1\" \/>\n<link rel=\"canonical\" href=\"https:\/\/www.ihbohemia.com\/de\/\" \/>\n<meta property=\"og:locale\" content=\"de_DE\" \/>\n<meta property=\"og:type\" content=\"article\" \/>\n<meta property=\"og:title\" content=\"Interhotel Bohemia - Interhotel Bohemia\" \/>\n<meta property=\"og:description\" content=\"Interhotel Bohemia ist Drei-Sterne-Hotel. Das Hotel befindet sich direkt in der Mitte der Kreisstadt \u00dast\u00ed nad Labem und dient zu den gr\u00f6\u00dften Hotels in der Region. Dieses Hotel ist g\u00fcnstig nicht nur f\u00fcr einzelne Touristen sondern auch f\u00fcr Gruppen. \u00dast\u00ed nad Labem: 10 km von Grenz\u00fcberg\u00e4ngen des Deutschlands, 60 km von Dresden, 85 km von [&hellip;]\" \/>\n<meta property=\"og:url\" content=\"https:\/\/www.ihbohemia.com\/de\/\" \/>\n<meta property=\"og:site_name\" content=\"Interhotel Bohemia\" \/>\n<meta property=\"article:modified_time\" content=\"2020-05-26T14:57:55+00:00\" \/>\n<meta name=\"twitter:card\" content=\"summary_large_image\" \/>\n<meta name=\"twitter:label1\" content=\"Gesch\u00e4tzte Lesezeit\" \/>\n\t<meta name=\"twitter:data1\" content=\"1 Minute\" \/>\n<script type=\"application\/ld+json\" class=\"yoast-schema-graph\">{\"@context\":\"https:\/\/schema.org\",\"@graph\":[{\"@type\":\"WebPage\",\"@id\":\"https:\/\/www.ihbohemia.com\/de\/\",\"url\":\"https:\/\/www.ihbohemia.com\/de\/\",\"name\":\"Interhotel Bohemia - Interhotel Bohemia\",\"isPartOf\":{\"@id\":\"https:\/\/www.ihbohemia.com\/de\/#website\"},\"datePublished\":\"2019-07-24T13:13:30+00:00\",\"dateModified\":\"2020-05-26T14:57:55+00:00\",\"breadcrumb\":{\"@id\":\"https:\/\/www.ihbohemia.com\/de\/#breadcrumb\"},\"inLanguage\":\"de-DE\",\"potentialAction\":[{\"@type\":\"ReadAction\",\"target\":[\"https:\/\/www.ihbohemia.com\/de\/\"]}]},{\"@type\":\"BreadcrumbList\",\"@id\":\"https:\/\/www.ihbohemia.com\/de\/#breadcrumb\",\"itemListElement\":[{\"@type\":\"ListItem\",\"position\":1,\"name\":\"Home\",\"item\":\"https:\/\/www.ihbohemia.com\/de\/\"},{\"@type\":\"ListItem\",\"position\":2,\"name\":\"Interhotel Bohemia\"}]},{\"@type\":\"WebSite\",\"@id\":\"https:\/\/www.ihbohemia.com\/de\/#website\",\"url\":\"https:\/\/www.ihbohemia.com\/de\/\",\"name\":\"Interhotel Bohemia\",\"description\":\"Just another ms.decms.eu site\",\"potentialAction\":[{\"@type\":\"SearchAction\",\"target\":{\"@type\":\"EntryPoint\",\"urlTemplate\":\"https:\/\/www.ihbohemia.com\/de\/?s={search_term_string}\"},\"query-input\":{\"@type\":\"PropertyValueSpecification\",\"valueRequired\":true,\"valueName\":\"search_term_string\"}}],\"inLanguage\":\"de-DE\"}]}<\/script>\n<!-- \/ Yoast SEO plugin. -->","yoast_head_json":{"title":"Interhotel Bohemia - Interhotel Bohemia","robots":{"index":"index","follow":"follow","max-snippet":"max-snippet:-1","max-image-preview":"max-image-preview:large","max-video-preview":"max-video-preview:-1"},"canonical":"https:\/\/www.ihbohemia.com\/de\/","og_locale":"de_DE","og_type":"article","og_title":"Interhotel Bohemia - Interhotel Bohemia","og_description":"Interhotel Bohemia ist Drei-Sterne-Hotel. Das Hotel befindet sich direkt in der Mitte der Kreisstadt \u00dast\u00ed nad Labem und dient zu den gr\u00f6\u00dften Hotels in der Region. Dieses Hotel ist g\u00fcnstig nicht nur f\u00fcr einzelne Touristen sondern auch f\u00fcr Gruppen. \u00dast\u00ed nad Labem: 10 km von Grenz\u00fcberg\u00e4ngen des Deutschlands, 60 km von Dresden, 85 km von [&hellip;]","og_url":"https:\/\/www.ihbohemia.com\/de\/","og_site_name":"Interhotel Bohemia","article_modified_time":"2020-05-26T14:57:55+00:00","twitter_card":"summary_large_image","twitter_misc":{"Gesch\u00e4tzte Lesezeit":"1 Minute"},"schema":{"@context":"https:\/\/schema.org","@graph":[{"@type":"WebPage","@id":"https:\/\/www.ihbohemia.com\/de\/","url":"https:\/\/www.ihbohemia.com\/de\/","name":"Interhotel Bohemia - Interhotel Bohemia","isPartOf":{"@id":"https:\/\/www.ihbohemia.com\/de\/#website"},"datePublished":"2019-07-24T13:13:30+00:00","dateModified":"2020-05-26T14:57:55+00:00","breadcrumb":{"@id":"https:\/\/www.ihbohemia.com\/de\/#breadcrumb"},"inLanguage":"de-DE","potentialAction":[{"@type":"ReadAction","target":["https:\/\/www.ihbohemia.com\/de\/"]}]},{"@type":"BreadcrumbList","@id":"https:\/\/www.ihbohemia.com\/de\/#breadcrumb","itemListElement":[{"@type":"ListItem","position":1,"name":"Home","item":"https:\/\/www.ihbohemia.com\/de\/"},{"@type":"ListItem","position":2,"name":"Interhotel Bohemia"}]},{"@type":"WebSite","@id":"https:\/\/www.ihbohemia.com\/de\/#website","url":"https:\/\/www.ihbohemia.com\/de\/","name":"Interhotel Bohemia","description":"Just another ms.decms.eu site","potentialAction":[{"@type":"SearchAction","target":{"@type":"EntryPoint","urlTemplate":"https:\/\/www.ihbohemia.com\/de\/?s={search_term_string}"},"query-input":{"@type":"PropertyValueSpecification","valueRequired":true,"valueName":"search_term_string"}}],"inLanguage":"de-DE"}]}},"acf":[],"_links":{"self":[{"href":"https:\/\/www.ihbohemia.com\/de\/wp-json\/wp\/v2\/pages\/391","targetHints":{"allow":["GET"]}}],"collection":[{"href":"https:\/\/www.ihbohemia.com\/de\/wp-json\/wp\/v2\/pages"}],"about":[{"href":"https:\/\/www.ihbohemia.com\/de\/wp-json\/wp\/v2\/types\/page"}],"author":[{"embeddable":true,"href":"https:\/\/www.ihbohemia.com\/de\/wp-json\/wp\/v2\/users\/4"}],"replies":[{"embeddable":true,"href":"https:\/\/www.ihbohemia.com\/de\/wp-json\/wp\/v2\/comments?post=391"}],"version-history":[{"count":0,"href":"https:\/\/www.ihbohemia.com\/de\/wp-json\/wp\/v2\/pages\/391\/revisions"}],"wp:attachment":[{"href":"https:\/\/www.ihbohemia.com\/de\/wp-json\/wp\/v2\/media?parent=391"}],"curies":[{"name":"wp","href":"https:\/\/api.w.org\/{rel}","templated":true}]}}